{"id":2295,"date":"2013-06-20T15:21:31","date_gmt":"2013-06-20T20:21:31","guid":{"rendered":"http:\/\/b0fcf05097.nxcli.io\/?page_id=2295"},"modified":"2013-06-20T15:21:31","modified_gmt":"2013-06-20T20:21:31","slug":"magnaflux-machine","status":"publish","type":"page","link":"https:\/\/nct-us.com\/es\/magnaflux-machine\/","title":{"rendered":"Magnaflux Machine"},"content":{"rendered":"<p><img loading=\"lazy\" decoding=\"async\" class=\"aligncenter size-medium wp-image-1650\" title=\"Magnaflux\" alt=\"\" src=\"https:\/\/nct-us.com\/wp-content\/uploads\/2012\/09\/IMG_8153-300x200.jpg\" width=\"300\" height=\"200\" srcset=\"https:\/\/nct-us.com\/wp-content\/uploads\/2012\/09\/IMG_8153-300x200.jpg 300w, https:\/\/nct-us.com\/wp-content\/uploads\/2012\/09\/IMG_8153-1024x682.jpg 1024w\" sizes=\"auto, (max-width: 300px) 100vw, 300px\" \/><\/p>\n<p>Una m\u00e1quina Magnaflux se utiliza para detectar grietas en una pieza de trabajo ferrus. Esta m\u00e1quina era un cero restauraci\u00f3n mec\u00e1nica y el\u00e9ctrica para una gran operaci\u00f3n de fundici\u00f3n.<\/p>\n<p>&nbsp;<\/p>\n","protected":false},"excerpt":{"rendered":"<p>Una m\u00e1quina Magnaflux se utiliza para detectar grietas en una pieza de trabajo ferrus. Esta m\u00e1quina era un cero restauraci\u00f3n mec\u00e1nica y el\u00e9ctrica para una gran operaci\u00f3n de fundici\u00f3n. &nbsp;<\/p>\n","protected":false},"author":3,"featured_media":0,"parent":0,"menu_order":0,"comment_status":"open","ping_status":"open","template":"","meta":{"ngg_post_thumbnail":0,"footnotes":""},"class_list":["post-2295","page","type-page","status-publish","hentry","entry"],"_links":{"self":[{"href":"https:\/\/nct-us.com\/es\/wp-json\/wp\/v2\/pages\/2295","targetHints":{"allow":["GET"]}}],"collection":[{"href":"https:\/\/nct-us.com\/es\/wp-json\/wp\/v2\/pages"}],"about":[{"href":"https:\/\/nct-us.com\/es\/wp-json\/wp\/v2\/types\/page"}],"author":[{"embeddable":true,"href":"https:\/\/nct-us.com\/es\/wp-json\/wp\/v2\/users\/3"}],"replies":[{"embeddable":true,"href":"https:\/\/nct-us.com\/es\/wp-json\/wp\/v2\/comments?post=2295"}],"version-history":[{"count":1,"href":"https:\/\/nct-us.com\/es\/wp-json\/wp\/v2\/pages\/2295\/revisions"}],"predecessor-version":[{"id":2296,"href":"https:\/\/nct-us.com\/es\/wp-json\/wp\/v2\/pages\/2295\/revisions\/2296"}],"wp:attachment":[{"href":"https:\/\/nct-us.com\/es\/wp-json\/wp\/v2\/media?parent=2295"}],"curies":[{"name":"wp","href":"https:\/\/api.w.org\/{rel}","templated":true}]}}