{"id":2293,"date":"2013-06-20T15:20:36","date_gmt":"2013-06-20T20:20:36","guid":{"rendered":"http:\/\/b0fcf05097.nxcli.io\/?page_id=2293"},"modified":"2013-06-20T15:20:36","modified_gmt":"2013-06-20T20:20:36","slug":"marker-sprocket","status":"publish","type":"page","link":"https:\/\/nct-us.com\/es\/marker-sprocket\/","title":{"rendered":"Marker Sprocket"},"content":{"rendered":"<p><img loading=\"lazy\" decoding=\"async\" class=\"aligncenter size-medium wp-image-1235\" title=\"Sprocket_1\" alt=\"\" src=\"https:\/\/nct-us.com\/wp-content\/uploads\/2012\/04\/DSCN3638-300x225.jpg\" width=\"300\" height=\"225\" srcset=\"https:\/\/nct-us.com\/wp-content\/uploads\/2012\/04\/DSCN3638-300x225.jpg 300w, https:\/\/nct-us.com\/wp-content\/uploads\/2012\/04\/DSCN3638-1024x768.jpg 1024w, https:\/\/nct-us.com\/wp-content\/uploads\/2012\/04\/DSCN3638.jpg 2048w\" sizes=\"auto, (max-width: 300px) 100vw, 300px\" \/><\/p>\n<p>El marcador de la rueda dentada fue dise\u00f1ado para poner un c\u00f3digo de barras en los componentes del motor.<br \/>\nExcepto para carga y descarga manual de las partes el proceso es totalmente automatizado y consiste en:<br \/>\n&#8211; Secuencia de selecci\u00f3n de parte<br \/>\n&#8211; Orientaci\u00f3n de la pieza<br \/>\n&#8211; La aplicaci\u00f3n del c\u00f3digo de barras<br \/>\n&#8211; Revisi\u00f3n de la vista<br \/>\n&#8211; Descargar secuencia.<\/p>\n<p><a href=\"http:\/\/test1marketech.com\/sprocket-feeder\/dscn3641\" rel=\"attachment wp-att-1237\"><img loading=\"lazy\" decoding=\"async\" class=\"aligncenter size-medium wp-image-1237\" title=\"Sprocket_2\" alt=\"\" src=\"https:\/\/nct-us.com\/wp-content\/uploads\/2012\/04\/DSCN3641-300x225.jpg\" width=\"300\" height=\"225\" srcset=\"https:\/\/nct-us.com\/wp-content\/uploads\/2012\/04\/DSCN3641-300x225.jpg 300w, https:\/\/nct-us.com\/wp-content\/uploads\/2012\/04\/DSCN3641-1024x768.jpg 1024w, https:\/\/nct-us.com\/wp-content\/uploads\/2012\/04\/DSCN3641.jpg 2048w\" sizes=\"auto, (max-width: 300px) 100vw, 300px\" \/><\/a><\/p>\n<p><a href=\"http:\/\/test1marketech.com\/sprocket-feeder\/dscn3640\" rel=\"attachment wp-att-1236\"><img loading=\"lazy\" decoding=\"async\" class=\"aligncenter size-medium wp-image-1236\" title=\"Sprocket_3\" alt=\"\" src=\"https:\/\/nct-us.com\/wp-content\/uploads\/2012\/04\/DSCN3640-300x225.jpg\" width=\"300\" height=\"225\" srcset=\"https:\/\/nct-us.com\/wp-content\/uploads\/2012\/04\/DSCN3640-300x225.jpg 300w, https:\/\/nct-us.com\/wp-content\/uploads\/2012\/04\/DSCN3640-1024x768.jpg 1024w, https:\/\/nct-us.com\/wp-content\/uploads\/2012\/04\/DSCN3640.jpg 2048w\" sizes=\"auto, (max-width: 300px) 100vw, 300px\" \/><\/a><\/p>\n<p><a href=\"http:\/\/test1marketech.com\/sprocket-feeder\/dscn3636\" rel=\"attachment wp-att-1234\"><img loading=\"lazy\" decoding=\"async\" class=\"aligncenter size-medium wp-image-1234\" title=\"Sprocket_4\" alt=\"\" src=\"https:\/\/nct-us.com\/wp-content\/uploads\/2012\/04\/DSCN3636-300x225.jpg\" width=\"300\" height=\"225\" srcset=\"https:\/\/nct-us.com\/wp-content\/uploads\/2012\/04\/DSCN3636-300x225.jpg 300w, https:\/\/nct-us.com\/wp-content\/uploads\/2012\/04\/DSCN3636-1024x768.jpg 1024w, https:\/\/nct-us.com\/wp-content\/uploads\/2012\/04\/DSCN3636.jpg 2048w\" sizes=\"auto, (max-width: 300px) 100vw, 300px\" \/><\/a><\/p>\n<p>&nbsp;<\/p>\n","protected":false},"excerpt":{"rendered":"<p>El marcador de la rueda dentada fue dise\u00f1ado para poner un c\u00f3digo de barras en los componentes del motor. Excepto para carga y descarga manual de las partes el proceso es totalmente automatizado y consiste en: &#8211; Secuencia de selecci\u00f3n de parte &#8211; Orientaci\u00f3n de la pieza &#8211; La aplicaci\u00f3n del c\u00f3digo de barras &#8211; [&hellip;]<\/p>\n","protected":false},"author":3,"featured_media":0,"parent":0,"menu_order":0,"comment_status":"open","ping_status":"open","template":"","meta":{"ngg_post_thumbnail":0,"footnotes":""},"class_list":["post-2293","page","type-page","status-publish","hentry","entry"],"_links":{"self":[{"href":"https:\/\/nct-us.com\/es\/wp-json\/wp\/v2\/pages\/2293","targetHints":{"allow":["GET"]}}],"collection":[{"href":"https:\/\/nct-us.com\/es\/wp-json\/wp\/v2\/pages"}],"about":[{"href":"https:\/\/nct-us.com\/es\/wp-json\/wp\/v2\/types\/page"}],"author":[{"embeddable":true,"href":"https:\/\/nct-us.com\/es\/wp-json\/wp\/v2\/users\/3"}],"replies":[{"embeddable":true,"href":"https:\/\/nct-us.com\/es\/wp-json\/wp\/v2\/comments?post=2293"}],"version-history":[{"count":1,"href":"https:\/\/nct-us.com\/es\/wp-json\/wp\/v2\/pages\/2293\/revisions"}],"predecessor-version":[{"id":2294,"href":"https:\/\/nct-us.com\/es\/wp-json\/wp\/v2\/pages\/2293\/revisions\/2294"}],"wp:attachment":[{"href":"https:\/\/nct-us.com\/es\/wp-json\/wp\/v2\/media?parent=2293"}],"curies":[{"name":"wp","href":"https:\/\/api.w.org\/{rel}","templated":true}]}}