{"id":2287,"date":"2013-06-20T15:17:03","date_gmt":"2013-06-20T20:17:03","guid":{"rendered":"http:\/\/b0fcf05097.nxcli.io\/?page_id=2287"},"modified":"2013-06-20T15:17:03","modified_gmt":"2013-06-20T20:17:03","slug":"linea-de-montaje-del-arbol-de-levas","status":"publish","type":"page","link":"https:\/\/nct-us.com\/es\/linea-de-montaje-del-arbol-de-levas\/","title":{"rendered":"L\u00ednea de Montaje del \u00e1rbol de Levas"},"content":{"rendered":"<p><img loading=\"lazy\" decoding=\"async\" class=\"aligncenter size-large wp-image-1186\" title=\"Assembly Line\" alt=\"\" src=\"https:\/\/nct-us.com\/wp-content\/uploads\/2012\/04\/DSC03350-1024x576.jpg\" width=\"600\" height=\"337\" srcset=\"https:\/\/nct-us.com\/wp-content\/uploads\/2012\/04\/DSC03350-1024x576.jpg 1024w, https:\/\/nct-us.com\/wp-content\/uploads\/2012\/04\/DSC03350-300x168.jpg 300w, https:\/\/nct-us.com\/wp-content\/uploads\/2012\/04\/DSC03350.jpg 1920w\" sizes=\"auto, (max-width: 600px) 100vw, 600px\" \/><\/p>\n<p>A trav\u00e9s de los a\u00f1os se han instalado 12 plantas de fabricaci\u00f3n en cooperaci\u00f3n con nuestro socio MBB.<br \/>\nEstas l\u00edneas est\u00e1n dise\u00f1ados para construir \u00e1rboles de levas montados.<br \/>\nLas m\u00e1quinas est\u00e1n construidas sobre una estructura celular con un robot de manipulaci\u00f3n de ABB en su centro.<br \/>\nParte de tiempo de ciclo parte es de 10 a 30 segundos dependiendo de la complejidad del producto.<\/p>\n<p>&nbsp;<\/p>\n","protected":false},"excerpt":{"rendered":"<p>A trav\u00e9s de los a\u00f1os se han instalado 12 plantas de fabricaci\u00f3n en cooperaci\u00f3n con nuestro socio MBB. Estas l\u00edneas est\u00e1n dise\u00f1ados para construir \u00e1rboles de levas montados. Las m\u00e1quinas est\u00e1n construidas sobre una estructura celular con un robot de manipulaci\u00f3n de ABB en su centro. Parte de tiempo de ciclo parte es de 10 [&hellip;]<\/p>\n","protected":false},"author":3,"featured_media":0,"parent":0,"menu_order":0,"comment_status":"open","ping_status":"open","template":"","meta":{"ngg_post_thumbnail":0,"footnotes":""},"class_list":["post-2287","page","type-page","status-publish","hentry","entry"],"_links":{"self":[{"href":"https:\/\/nct-us.com\/es\/wp-json\/wp\/v2\/pages\/2287","targetHints":{"allow":["GET"]}}],"collection":[{"href":"https:\/\/nct-us.com\/es\/wp-json\/wp\/v2\/pages"}],"about":[{"href":"https:\/\/nct-us.com\/es\/wp-json\/wp\/v2\/types\/page"}],"author":[{"embeddable":true,"href":"https:\/\/nct-us.com\/es\/wp-json\/wp\/v2\/users\/3"}],"replies":[{"embeddable":true,"href":"https:\/\/nct-us.com\/es\/wp-json\/wp\/v2\/comments?post=2287"}],"version-history":[{"count":1,"href":"https:\/\/nct-us.com\/es\/wp-json\/wp\/v2\/pages\/2287\/revisions"}],"predecessor-version":[{"id":2288,"href":"https:\/\/nct-us.com\/es\/wp-json\/wp\/v2\/pages\/2287\/revisions\/2288"}],"wp:attachment":[{"href":"https:\/\/nct-us.com\/es\/wp-json\/wp\/v2\/media?parent=2287"}],"curies":[{"name":"wp","href":"https:\/\/api.w.org\/{rel}","templated":true}]}}