{"id":2285,"date":"2013-06-20T15:16:05","date_gmt":"2013-06-20T20:16:05","guid":{"rendered":"http:\/\/b0fcf05097.nxcli.io\/?page_id=2285"},"modified":"2013-06-20T15:16:05","modified_gmt":"2013-06-20T20:16:05","slug":"pintura-de-senalizacion-selular","status":"publish","type":"page","link":"https:\/\/nct-us.com\/es\/pintura-de-senalizacion-selular\/","title":{"rendered":"Pintura de Se\u00f1alizaci\u00f3n Selular"},"content":{"rendered":"<p><img loading=\"lazy\" decoding=\"async\" class=\"aligncenter size-medium wp-image-1221\" title=\"Paint Marking_1\" alt=\"\" src=\"https:\/\/nct-us.com\/wp-content\/uploads\/2012\/08\/DSCN3635-300x225.jpg\" width=\"300\" height=\"225\" srcset=\"https:\/\/nct-us.com\/wp-content\/uploads\/2012\/08\/DSCN3635-300x225.jpg 300w, https:\/\/nct-us.com\/wp-content\/uploads\/2012\/08\/DSCN3635-1024x768.jpg 1024w, https:\/\/nct-us.com\/wp-content\/uploads\/2012\/08\/DSCN3635.jpg 2048w\" sizes=\"auto, (max-width: 300px) 100vw, 300px\" \/><\/p>\n<p>El prop\u00f3sito de la m\u00e1quina es poner una franja de pintura sobre un producto en la siguiente secuencia de proceso:<br \/>\n&#8211; Producto de la carga en la plataforma con la mano<br \/>\n&#8211; Palet transporta producto en la celda<br \/>\n&#8211; La limpieza de la superficie a pintar<br \/>\n&#8211; Rodar en la pintura<br \/>\n&#8211; Endurece con luz UV<br \/>\n&#8211; Comparar color de la pintura al n\u00famero de serie del producto a trav\u00e9s de sistema de c\u00e1mara<br \/>\n&#8211; Aerosol \u00f3xido preventiva ting sobre el producto.<br \/>\n&#8211; Descargar el producto del palet<br \/>\nEl tiempo del ciclo es de 10 segundos.<\/p>\n<p><a href=\"http:\/\/test1marketech.com\/thyssenkrupp-paint-marking\/dscn3626\" rel=\"attachment wp-att-1231\"><img loading=\"lazy\" decoding=\"async\" class=\"aligncenter size-medium wp-image-1231\" title=\"Paint Marking_2\" alt=\"\" src=\"https:\/\/nct-us.com\/wp-content\/uploads\/2012\/08\/DSCN3626-300x225.jpg\" width=\"300\" height=\"225\" srcset=\"https:\/\/nct-us.com\/wp-content\/uploads\/2012\/08\/DSCN3626-300x225.jpg 300w, https:\/\/nct-us.com\/wp-content\/uploads\/2012\/08\/DSCN3626-1024x768.jpg 1024w, https:\/\/nct-us.com\/wp-content\/uploads\/2012\/08\/DSCN3626.jpg 2048w\" sizes=\"auto, (max-width: 300px) 100vw, 300px\" \/><\/a><a href=\"http:\/\/test1marketech.com\/thyssenkrupp-paint-marking\/dscn3628\" rel=\"attachment wp-att-1227\"><img loading=\"lazy\" decoding=\"async\" class=\"aligncenter size-medium wp-image-1227\" title=\"Paint Marking_3\" alt=\"\" src=\"https:\/\/nct-us.com\/wp-content\/uploads\/2012\/08\/DSCN3628-300x225.jpg\" width=\"300\" height=\"225\" srcset=\"https:\/\/nct-us.com\/wp-content\/uploads\/2012\/08\/DSCN3628-300x225.jpg 300w, https:\/\/nct-us.com\/wp-content\/uploads\/2012\/08\/DSCN3628-1024x768.jpg 1024w, https:\/\/nct-us.com\/wp-content\/uploads\/2012\/08\/DSCN3628.jpg 2048w\" sizes=\"auto, (max-width: 300px) 100vw, 300px\" \/><\/a><a href=\"http:\/\/test1marketech.com\/thyssenkrupp-paint-marking\/dscn3633\" rel=\"attachment wp-att-1228\"><img loading=\"lazy\" decoding=\"async\" class=\"aligncenter size-medium wp-image-1228\" title=\"Paint Marking_4\" alt=\"\" src=\"https:\/\/nct-us.com\/wp-content\/uploads\/2012\/08\/DSCN3633-300x225.jpg\" width=\"300\" height=\"225\" srcset=\"https:\/\/nct-us.com\/wp-content\/uploads\/2012\/08\/DSCN3633-300x225.jpg 300w, https:\/\/nct-us.com\/wp-content\/uploads\/2012\/08\/DSCN3633-1024x768.jpg 1024w, https:\/\/nct-us.com\/wp-content\/uploads\/2012\/08\/DSCN3633.jpg 2048w\" sizes=\"auto, (max-width: 300px) 100vw, 300px\" \/><\/a><\/p>\n<p>&nbsp;<\/p>\n","protected":false},"excerpt":{"rendered":"<p>El prop\u00f3sito de la m\u00e1quina es poner una franja de pintura sobre un producto en la siguiente secuencia de proceso: &#8211; Producto de la carga en la plataforma con la mano &#8211; Palet transporta producto en la celda &#8211; La limpieza de la superficie a pintar &#8211; Rodar en la pintura &#8211; Endurece con luz [&hellip;]<\/p>\n","protected":false},"author":3,"featured_media":0,"parent":0,"menu_order":0,"comment_status":"open","ping_status":"open","template":"","meta":{"ngg_post_thumbnail":0,"footnotes":""},"class_list":["post-2285","page","type-page","status-publish","hentry","entry"],"_links":{"self":[{"href":"https:\/\/nct-us.com\/es\/wp-json\/wp\/v2\/pages\/2285","targetHints":{"allow":["GET"]}}],"collection":[{"href":"https:\/\/nct-us.com\/es\/wp-json\/wp\/v2\/pages"}],"about":[{"href":"https:\/\/nct-us.com\/es\/wp-json\/wp\/v2\/types\/page"}],"author":[{"embeddable":true,"href":"https:\/\/nct-us.com\/es\/wp-json\/wp\/v2\/users\/3"}],"replies":[{"embeddable":true,"href":"https:\/\/nct-us.com\/es\/wp-json\/wp\/v2\/comments?post=2285"}],"version-history":[{"count":1,"href":"https:\/\/nct-us.com\/es\/wp-json\/wp\/v2\/pages\/2285\/revisions"}],"predecessor-version":[{"id":2286,"href":"https:\/\/nct-us.com\/es\/wp-json\/wp\/v2\/pages\/2285\/revisions\/2286"}],"wp:attachment":[{"href":"https:\/\/nct-us.com\/es\/wp-json\/wp\/v2\/media?parent=2285"}],"curies":[{"name":"wp","href":"https:\/\/api.w.org\/{rel}","templated":true}]}}