{"id":2281,"date":"2013-06-20T15:14:46","date_gmt":"2013-06-20T20:14:46","guid":{"rendered":"http:\/\/b0fcf05097.nxcli.io\/?page_id=2281"},"modified":"2013-06-20T15:14:46","modified_gmt":"2013-06-20T20:14:46","slug":"torno-lines","status":"publish","type":"page","link":"https:\/\/nct-us.com\/es\/torno-lines\/","title":{"rendered":"Torno Lines"},"content":{"rendered":"<p><img loading=\"lazy\" decoding=\"async\" class=\"aligncenter size-medium wp-image-1652\" title=\"Lathe Line\" alt=\"\" src=\"https:\/\/nct-us.com\/wp-content\/uploads\/2012\/09\/DSC03357-300x168.jpg\" width=\"300\" height=\"168\" srcset=\"https:\/\/nct-us.com\/wp-content\/uploads\/2012\/09\/DSC03357-300x168.jpg 300w, https:\/\/nct-us.com\/wp-content\/uploads\/2012\/09\/DSC03357-1024x576.jpg 1024w, https:\/\/nct-us.com\/wp-content\/uploads\/2012\/09\/DSC03357.jpg 1920w\" sizes=\"auto, (max-width: 300px) 100vw, 300px\" \/><\/p>\n<p>&nbsp;<\/p>\n<p>Las l\u00edneas de torno que NCT ha creado e instalado son l\u00edneas de c\u00e9lulas individuales que compruebe la calidad de cada \u00e1rbol despu\u00e9s de ser mecanizadas en un torno. Toda la manipulaci\u00f3n de la pieza se realiza por un robot ABB IRB 2400. El resto de la l\u00ednea incluye una estaci\u00f3n de lubricaci\u00f3n para la prevenci\u00f3n de la roya, un medidor l\u00e1ser para el control de calidad y una c\u00e1mara que detecta las rebabas o material suelto.<br \/>\n&nbsp;<\/p>\n","protected":false},"excerpt":{"rendered":"<p>&nbsp; Las l\u00edneas de torno que NCT ha creado e instalado son l\u00edneas de c\u00e9lulas individuales que compruebe la calidad de cada \u00e1rbol despu\u00e9s de ser mecanizadas en un torno. Toda la manipulaci\u00f3n de la pieza se realiza por un robot ABB IRB 2400. El resto de la l\u00ednea incluye una estaci\u00f3n de lubricaci\u00f3n para [&hellip;]<\/p>\n","protected":false},"author":3,"featured_media":0,"parent":0,"menu_order":0,"comment_status":"open","ping_status":"open","template":"","meta":{"ngg_post_thumbnail":0,"footnotes":""},"class_list":["post-2281","page","type-page","status-publish","hentry","entry"],"_links":{"self":[{"href":"https:\/\/nct-us.com\/es\/wp-json\/wp\/v2\/pages\/2281","targetHints":{"allow":["GET"]}}],"collection":[{"href":"https:\/\/nct-us.com\/es\/wp-json\/wp\/v2\/pages"}],"about":[{"href":"https:\/\/nct-us.com\/es\/wp-json\/wp\/v2\/types\/page"}],"author":[{"embeddable":true,"href":"https:\/\/nct-us.com\/es\/wp-json\/wp\/v2\/users\/3"}],"replies":[{"embeddable":true,"href":"https:\/\/nct-us.com\/es\/wp-json\/wp\/v2\/comments?post=2281"}],"version-history":[{"count":1,"href":"https:\/\/nct-us.com\/es\/wp-json\/wp\/v2\/pages\/2281\/revisions"}],"predecessor-version":[{"id":2284,"href":"https:\/\/nct-us.com\/es\/wp-json\/wp\/v2\/pages\/2281\/revisions\/2284"}],"wp:attachment":[{"href":"https:\/\/nct-us.com\/es\/wp-json\/wp\/v2\/media?parent=2281"}],"curies":[{"name":"wp","href":"https:\/\/api.w.org\/{rel}","templated":true}]}}