{"id":2279,"date":"2013-06-20T15:13:05","date_gmt":"2013-06-20T20:13:05","guid":{"rendered":"http:\/\/b0fcf05097.nxcli.io\/?page_id=2279"},"modified":"2013-06-20T15:14:16","modified_gmt":"2013-06-20T20:14:16","slug":"lineas-de-mecanizado-de-tubos","status":"publish","type":"page","link":"https:\/\/nct-us.com\/es\/lineas-de-mecanizado-de-tubos\/","title":{"rendered":"L\u00edneas de Mecanizado de Tubos"},"content":{"rendered":"<p>&nbsp;<\/p>\n<p>Instalar y funcionar con dos l\u00edneas de mecanizado de tubos. Estas l\u00edneas requieren un robot ABB para la manipulaci\u00f3n de la pieza, dos m\u00e1quinas de conformaci\u00f3n de rodillos, una m\u00e1quina de enderezamiento, un centro de mecanizado final (en la foto) y una estaci\u00f3n de agrupaci\u00f3n tubo como componentes principales. Estas l\u00edneas van de 10-30 veces de segundo ciclo en funci\u00f3n de la longitud del tubo y la complejidad del mecanizado \/ proceso de formaci\u00f3n.<\/p>\n<p>&nbsp;<\/p>\n<p>La puesta en pr\u00e1ctica de numerosas actualizaciones para agregar caracter\u00edsticas del producto son tambi\u00e9n la tarea de NCT. Se han a\u00f1adido algunas funciones en cooperaci\u00f3n con el fabricante, algunos eran de la exclusiva responsabilidad de NCT.<\/p>\n","protected":false},"excerpt":{"rendered":"<p>&nbsp; Instalar y funcionar con dos l\u00edneas de mecanizado de tubos. Estas l\u00edneas requieren un robot ABB para la manipulaci\u00f3n de la pieza, dos m\u00e1quinas de conformaci\u00f3n de rodillos, una m\u00e1quina de enderezamiento, un centro de mecanizado final (en la foto) y una estaci\u00f3n de agrupaci\u00f3n tubo como componentes principales. Estas l\u00edneas van de 10-30 [&hellip;]<\/p>\n","protected":false},"author":3,"featured_media":0,"parent":0,"menu_order":0,"comment_status":"open","ping_status":"open","template":"","meta":{"ngg_post_thumbnail":0,"footnotes":""},"class_list":["post-2279","page","type-page","status-publish","hentry","entry"],"_links":{"self":[{"href":"https:\/\/nct-us.com\/es\/wp-json\/wp\/v2\/pages\/2279","targetHints":{"allow":["GET"]}}],"collection":[{"href":"https:\/\/nct-us.com\/es\/wp-json\/wp\/v2\/pages"}],"about":[{"href":"https:\/\/nct-us.com\/es\/wp-json\/wp\/v2\/types\/page"}],"author":[{"embeddable":true,"href":"https:\/\/nct-us.com\/es\/wp-json\/wp\/v2\/users\/3"}],"replies":[{"embeddable":true,"href":"https:\/\/nct-us.com\/es\/wp-json\/wp\/v2\/comments?post=2279"}],"version-history":[{"count":3,"href":"https:\/\/nct-us.com\/es\/wp-json\/wp\/v2\/pages\/2279\/revisions"}],"predecessor-version":[{"id":2282,"href":"https:\/\/nct-us.com\/es\/wp-json\/wp\/v2\/pages\/2279\/revisions\/2282"}],"wp:attachment":[{"href":"https:\/\/nct-us.com\/es\/wp-json\/wp\/v2\/media?parent=2279"}],"curies":[{"name":"wp","href":"https:\/\/api.w.org\/{rel}","templated":true}]}}