{"id":2276,"date":"2013-06-20T15:11:51","date_gmt":"2013-06-20T20:11:51","guid":{"rendered":"http:\/\/b0fcf05097.nxcli.io\/?page_id=2276"},"modified":"2013-06-20T15:11:51","modified_gmt":"2013-06-20T20:11:51","slug":"rigging-seguridad","status":"publish","type":"page","link":"https:\/\/nct-us.com\/es\/rigging-seguridad\/","title":{"rendered":"Rigging Seguridad"},"content":{"rendered":"<p>&nbsp;<\/p>\n<p>Consideramos que la seguridad sea lo m\u00e1s importante en NCT. Cuando se le pregunt\u00f3 para dise\u00f1ar y construir un sistema de aparejos de seguridad por uno de nuestros clientes nos tomamos muy en serio la tarea. La construcci\u00f3n de un dispositivo de ahorro de la vida es una tarea formidable.<\/p>\n<p>&nbsp;<\/p>\n<p>El dispositivo de la foto de arriba se hizo atar y sujetar a un sistema de ra\u00edles para nuestro cliente. El tren est\u00e1 a unos 20 metros en el aire por lo que si una persona fuera a caer sufrir\u00edan lesiones graves o mortales. Nuestra plataforma se hizo para evitarlo. El t\u00e9cnico de mantenimiento le coloque la plataforma en torno a los carriles inferior y superior, que encaje en su lugar y luego se adhieren, a trav\u00e9s de un arn\u00e9s.<br \/>\nMientras est\u00e1 sujeto de manera segura al carril de la plataforma todav\u00eda se puede mover con facilidad en direcci\u00f3n horizontal para permitir la libertad de movimiento por el trabajador.<br \/>\nEl sistema est\u00e1 dise\u00f1ado para conectar y desconectar en un minuto y se ajusta a cuatro sistemas ferroviarios diferentes<\/p>\n<p>&nbsp;<\/p>\n<p>La cantidad de energ\u00eda que el equipo de perforaci\u00f3n se dise\u00f1a para soportar es significativa. Un prototipo fue construido que fue a trav\u00e9s de una serie de pruebas reales de la ca\u00edda de vida de 20 pies para asegurar el correcto funcionamiento del dise\u00f1o. Despu\u00e9s de la finalizaci\u00f3n satisfactoria de los ensayos, dos sistemas fueron construidos y entregados al cliente.<\/p>\n<p><a href=\"\" rel=\"attachment wp-att-1157\"><img loading=\"lazy\" decoding=\"async\" class=\"aligncenter size-full wp-image-1157\" title=\"Safety Rig\" alt=\"\" src=\"https:\/\/nct-us.com\/wp-content\/uploads\/2012\/04\/DSCN7785.jpg\" width=\"600\" height=\"800\" srcset=\"https:\/\/nct-us.com\/wp-content\/uploads\/2012\/04\/DSCN7785.jpg 1536w, https:\/\/nct-us.com\/wp-content\/uploads\/2012\/04\/DSCN7785-225x300.jpg 225w, https:\/\/nct-us.com\/wp-content\/uploads\/2012\/04\/DSCN7785-768x1024.jpg 768w\" sizes=\"auto, (max-width: 600px) 100vw, 600px\" \/><\/a><\/p>\n","protected":false},"excerpt":{"rendered":"<p>&nbsp; Consideramos que la seguridad sea lo m\u00e1s importante en NCT. Cuando se le pregunt\u00f3 para dise\u00f1ar y construir un sistema de aparejos de seguridad por uno de nuestros clientes nos tomamos muy en serio la tarea. La construcci\u00f3n de un dispositivo de ahorro de la vida es una tarea formidable. &nbsp; El dispositivo de [&hellip;]<\/p>\n","protected":false},"author":3,"featured_media":0,"parent":0,"menu_order":0,"comment_status":"open","ping_status":"open","template":"","meta":{"ngg_post_thumbnail":0,"footnotes":""},"class_list":["post-2276","page","type-page","status-publish","hentry","entry"],"_links":{"self":[{"href":"https:\/\/nct-us.com\/es\/wp-json\/wp\/v2\/pages\/2276","targetHints":{"allow":["GET"]}}],"collection":[{"href":"https:\/\/nct-us.com\/es\/wp-json\/wp\/v2\/pages"}],"about":[{"href":"https:\/\/nct-us.com\/es\/wp-json\/wp\/v2\/types\/page"}],"author":[{"embeddable":true,"href":"https:\/\/nct-us.com\/es\/wp-json\/wp\/v2\/users\/3"}],"replies":[{"embeddable":true,"href":"https:\/\/nct-us.com\/es\/wp-json\/wp\/v2\/comments?post=2276"}],"version-history":[{"count":1,"href":"https:\/\/nct-us.com\/es\/wp-json\/wp\/v2\/pages\/2276\/revisions"}],"predecessor-version":[{"id":2277,"href":"https:\/\/nct-us.com\/es\/wp-json\/wp\/v2\/pages\/2276\/revisions\/2277"}],"wp:attachment":[{"href":"https:\/\/nct-us.com\/es\/wp-json\/wp\/v2\/media?parent=2276"}],"curies":[{"name":"wp","href":"https:\/\/api.w.org\/{rel}","templated":true}]}}