{"id":2274,"date":"2013-06-20T15:10:44","date_gmt":"2013-06-20T20:10:44","guid":{"rendered":"http:\/\/b0fcf05097.nxcli.io\/?page_id=2274"},"modified":"2013-06-20T15:10:44","modified_gmt":"2013-06-20T20:10:44","slug":"venta","status":"publish","type":"page","link":"https:\/\/nct-us.com\/es\/venta\/","title":{"rendered":"Venta"},"content":{"rendered":"<p>NCT Inc.<br \/>\nVenta &amp; Relaciones con el Cliente<br \/>\n1733 June Avenue<br \/>\nRochester Hills, MI. 48309<br \/>\nMr. Wolfgang Uhl, Sales Engineer, Customer Liaison<br \/>\ntel\u00e9fono: (248) 420-4173<br \/>\nemail: Wolfgang.Uhl@hotmail.com<\/p>\n<p>NCT Inc.<br \/>\ningenier\u00eda &amp; Consulta<br \/>\n2204 Kickapoo Drive<br \/>\nDanville, IL 61833<br \/>\nMr. Norbert Christ, President<br \/>\ntel\u00e9fono: (217) 304-0027<br \/>\nemail: christ@nct-us.com<\/p>\n","protected":false},"excerpt":{"rendered":"<p>NCT Inc. Venta &amp; Relaciones con el Cliente 1733 June Avenue Rochester Hills, MI. 48309 Mr. Wolfgang Uhl, Sales Engineer, Customer Liaison tel\u00e9fono: (248) 420-4173 email: Wolfgang.Uhl@hotmail.com NCT Inc. ingenier\u00eda &amp; Consulta 2204 Kickapoo Drive Danville, IL 61833 Mr. Norbert Christ, President tel\u00e9fono: (217) 304-0027 email: christ@nct-us.com<\/p>\n","protected":false},"author":3,"featured_media":0,"parent":0,"menu_order":0,"comment_status":"open","ping_status":"open","template":"","meta":{"ngg_post_thumbnail":0,"footnotes":""},"class_list":["post-2274","page","type-page","status-publish","hentry","entry"],"_links":{"self":[{"href":"https:\/\/nct-us.com\/es\/wp-json\/wp\/v2\/pages\/2274","targetHints":{"allow":["GET"]}}],"collection":[{"href":"https:\/\/nct-us.com\/es\/wp-json\/wp\/v2\/pages"}],"about":[{"href":"https:\/\/nct-us.com\/es\/wp-json\/wp\/v2\/types\/page"}],"author":[{"embeddable":true,"href":"https:\/\/nct-us.com\/es\/wp-json\/wp\/v2\/users\/3"}],"replies":[{"embeddable":true,"href":"https:\/\/nct-us.com\/es\/wp-json\/wp\/v2\/comments?post=2274"}],"version-history":[{"count":1,"href":"https:\/\/nct-us.com\/es\/wp-json\/wp\/v2\/pages\/2274\/revisions"}],"predecessor-version":[{"id":2275,"href":"https:\/\/nct-us.com\/es\/wp-json\/wp\/v2\/pages\/2274\/revisions\/2275"}],"wp:attachment":[{"href":"https:\/\/nct-us.com\/es\/wp-json\/wp\/v2\/media?parent=2274"}],"curies":[{"name":"wp","href":"https:\/\/api.w.org\/{rel}","templated":true}]}}