{"id":2272,"date":"2013-06-20T15:08:13","date_gmt":"2013-06-20T20:08:13","guid":{"rendered":"http:\/\/b0fcf05097.nxcli.io\/?page_id=2272"},"modified":"2013-06-20T15:08:13","modified_gmt":"2013-06-20T20:08:13","slug":"empaque-y-embarque","status":"publish","type":"page","link":"https:\/\/nct-us.com\/es\/empaque-y-embarque\/","title":{"rendered":"Empaque y Embarque"},"content":{"rendered":"<p><!DOCTYPE html><br \/>\n<html><\/p>\n<p><body><\/p>\n<p>NCT es capaz de agilizar el proceso de env\u00edo global. Nuestra gente tiene la experiencia y el know-how para satisfacer las necesidades de embalaje de transporte mar\u00edtimo y a\u00e9reo, y pueden obtener sus mercanc\u00edas a trav\u00e9s de las fronteras ya trav\u00e9s de las agencias locales de aduanas de Estados Unidos en el momento oportuno. <\/p>\n<p>Si tiene alguna pregunta, por favor <a href=\"mailto:christ@nct-inc.com\"> env\u00edenos un mensaje <\/a> y h\u00e1ganos saber c\u00f3mo podemos ayudarle.<\/p>\n<p><\/p>\n<p>\t<\/body><br \/>\n<\/html><\/p>\n","protected":false},"excerpt":{"rendered":"<p>NCT es capaz de agilizar el proceso de env\u00edo global. Nuestra gente tiene la experiencia y el know-how para satisfacer las necesidades de embalaje de transporte mar\u00edtimo y a\u00e9reo, y pueden obtener sus mercanc\u00edas a trav\u00e9s de las fronteras ya trav\u00e9s de las agencias locales de aduanas de Estados Unidos en el momento oportuno. Si [&hellip;]<\/p>\n","protected":false},"author":3,"featured_media":0,"parent":0,"menu_order":0,"comment_status":"open","ping_status":"open","template":"","meta":{"ngg_post_thumbnail":0,"footnotes":""},"class_list":["post-2272","page","type-page","status-publish","hentry","entry"],"_links":{"self":[{"href":"https:\/\/nct-us.com\/es\/wp-json\/wp\/v2\/pages\/2272","targetHints":{"allow":["GET"]}}],"collection":[{"href":"https:\/\/nct-us.com\/es\/wp-json\/wp\/v2\/pages"}],"about":[{"href":"https:\/\/nct-us.com\/es\/wp-json\/wp\/v2\/types\/page"}],"author":[{"embeddable":true,"href":"https:\/\/nct-us.com\/es\/wp-json\/wp\/v2\/users\/3"}],"replies":[{"embeddable":true,"href":"https:\/\/nct-us.com\/es\/wp-json\/wp\/v2\/comments?post=2272"}],"version-history":[{"count":1,"href":"https:\/\/nct-us.com\/es\/wp-json\/wp\/v2\/pages\/2272\/revisions"}],"predecessor-version":[{"id":2273,"href":"https:\/\/nct-us.com\/es\/wp-json\/wp\/v2\/pages\/2272\/revisions\/2273"}],"wp:attachment":[{"href":"https:\/\/nct-us.com\/es\/wp-json\/wp\/v2\/media?parent=2272"}],"curies":[{"name":"wp","href":"https:\/\/api.w.org\/{rel}","templated":true}]}}