{"id":2270,"date":"2013-06-20T15:06:45","date_gmt":"2013-06-20T20:06:45","guid":{"rendered":"http:\/\/b0fcf05097.nxcli.io\/?page_id=2270"},"modified":"2013-06-20T15:06:45","modified_gmt":"2013-06-20T20:06:45","slug":"mantenimiento-de-maquinaria-industrial","status":"publish","type":"page","link":"https:\/\/nct-us.com\/es\/mantenimiento-de-maquinaria-industrial\/","title":{"rendered":"MANTENIMIENTO DE MAQUINARIA INDUSTRIAL"},"content":{"rendered":"<p>Le damos servicio y reparaci\u00f3n casi cualquier tipe de equipos industriales, grandes o peque\u00f1as.<br \/>\nActualmente ofrecemos servicio de la m\u00e1quina y la reparaci\u00f3n a las siguientes industrias:<\/p>\n<p>&#8211; Automotriz<br \/>\n&#8211; Aeroespacial<br \/>\n&#8211; El procesamiento de alimentos<br \/>\n&#8211; Pharmaceutical<br \/>\n&#8211; Fundici\u00f3n<\/p>\n<p>Por favor, p\u00f3ngase en contacto con nosotros con su mantenimiento y las necesidades de servicio.<\/p>\n","protected":false},"excerpt":{"rendered":"<p>Le damos servicio y reparaci\u00f3n casi cualquier tipe de equipos industriales, grandes o peque\u00f1as. Actualmente ofrecemos servicio de la m\u00e1quina y la reparaci\u00f3n a las siguientes industrias: &#8211; Automotriz &#8211; Aeroespacial &#8211; El procesamiento de alimentos &#8211; Pharmaceutical &#8211; Fundici\u00f3n Por favor, p\u00f3ngase en contacto con nosotros con su mantenimiento y las necesidades de servicio.<\/p>\n","protected":false},"author":3,"featured_media":0,"parent":0,"menu_order":0,"comment_status":"open","ping_status":"open","template":"","meta":{"ngg_post_thumbnail":0,"footnotes":""},"class_list":["post-2270","page","type-page","status-publish","hentry","entry"],"_links":{"self":[{"href":"https:\/\/nct-us.com\/es\/wp-json\/wp\/v2\/pages\/2270","targetHints":{"allow":["GET"]}}],"collection":[{"href":"https:\/\/nct-us.com\/es\/wp-json\/wp\/v2\/pages"}],"about":[{"href":"https:\/\/nct-us.com\/es\/wp-json\/wp\/v2\/types\/page"}],"author":[{"embeddable":true,"href":"https:\/\/nct-us.com\/es\/wp-json\/wp\/v2\/users\/3"}],"replies":[{"embeddable":true,"href":"https:\/\/nct-us.com\/es\/wp-json\/wp\/v2\/comments?post=2270"}],"version-history":[{"count":1,"href":"https:\/\/nct-us.com\/es\/wp-json\/wp\/v2\/pages\/2270\/revisions"}],"predecessor-version":[{"id":2271,"href":"https:\/\/nct-us.com\/es\/wp-json\/wp\/v2\/pages\/2270\/revisions\/2271"}],"wp:attachment":[{"href":"https:\/\/nct-us.com\/es\/wp-json\/wp\/v2\/media?parent=2270"}],"curies":[{"name":"wp","href":"https:\/\/api.w.org\/{rel}","templated":true}]}}