{"id":2268,"date":"2013-06-20T15:05:23","date_gmt":"2013-06-20T20:05:23","guid":{"rendered":"http:\/\/b0fcf05097.nxcli.io\/?page_id=2268"},"modified":"2013-06-20T15:05:23","modified_gmt":"2013-06-20T20:05:23","slug":"servicio-global","status":"publish","type":"page","link":"https:\/\/nct-us.com\/es\/servicio-global\/","title":{"rendered":"Servicio Global"},"content":{"rendered":"<p>&nbsp;<\/p>\n<p><a href=\"http:\/\/test1marketech.com\/global-service\/global\" rel=\"attachment wp-att-1152\"><img loading=\"lazy\" decoding=\"async\" class=\"aligncenter size-full wp-image-1152\" title=\"Global\" alt=\"\" src=\"https:\/\/nct-us.com\/wp-content\/uploads\/2012\/07\/Global.jpg\" width=\"248\" height=\"204\" \/><\/a><\/p>\n<p>&nbsp;<\/p>\n<p>NCT es capaz de realizar todos sus servicios en todo el mundo. En el pasado hemos trabajado para nuestros clientes en varios pa\u00edses europeos, Jap\u00f3n, M\u00e9xico, as\u00ed como en todo los Estados Unidos de Am\u00e9rica.<\/p>\n<p>&nbsp;<\/p>\n","protected":false},"excerpt":{"rendered":"<p>&nbsp; &nbsp; NCT es capaz de realizar todos sus servicios en todo el mundo. En el pasado hemos trabajado para nuestros clientes en varios pa\u00edses europeos, Jap\u00f3n, M\u00e9xico, as\u00ed como en todo los Estados Unidos de Am\u00e9rica. &nbsp;<\/p>\n","protected":false},"author":3,"featured_media":0,"parent":0,"menu_order":0,"comment_status":"open","ping_status":"open","template":"","meta":{"ngg_post_thumbnail":0,"footnotes":""},"class_list":["post-2268","page","type-page","status-publish","hentry","entry"],"_links":{"self":[{"href":"https:\/\/nct-us.com\/es\/wp-json\/wp\/v2\/pages\/2268","targetHints":{"allow":["GET"]}}],"collection":[{"href":"https:\/\/nct-us.com\/es\/wp-json\/wp\/v2\/pages"}],"about":[{"href":"https:\/\/nct-us.com\/es\/wp-json\/wp\/v2\/types\/page"}],"author":[{"embeddable":true,"href":"https:\/\/nct-us.com\/es\/wp-json\/wp\/v2\/users\/3"}],"replies":[{"embeddable":true,"href":"https:\/\/nct-us.com\/es\/wp-json\/wp\/v2\/comments?post=2268"}],"version-history":[{"count":1,"href":"https:\/\/nct-us.com\/es\/wp-json\/wp\/v2\/pages\/2268\/revisions"}],"predecessor-version":[{"id":2269,"href":"https:\/\/nct-us.com\/es\/wp-json\/wp\/v2\/pages\/2268\/revisions\/2269"}],"wp:attachment":[{"href":"https:\/\/nct-us.com\/es\/wp-json\/wp\/v2\/media?parent=2268"}],"curies":[{"name":"wp","href":"https:\/\/api.w.org\/{rel}","templated":true}]}}