{"id":2265,"date":"2013-06-20T15:03:54","date_gmt":"2013-06-20T20:03:54","guid":{"rendered":"http:\/\/b0fcf05097.nxcli.io\/?page_id=2265"},"modified":"2013-06-20T15:04:37","modified_gmt":"2013-06-20T20:04:37","slug":"rigging-y-linea-move","status":"publish","type":"page","link":"https:\/\/nct-us.com\/es\/rigging-y-linea-move\/","title":{"rendered":"Rigging y L\u00ednea Move"},"content":{"rendered":"<p>&nbsp;<\/p>\n<p>&nbsp;<\/p>\n<p>NCT tiene una amplia experiencia con equipos peque\u00f1os y grandes aparejos. Nos hemos trasladado maquinaria pesada y jigs aviones con seguridad y precisi\u00f3n para nuestros clientes. Nuestro proyecto de plantilla necesaria la colocaci\u00f3n de 10 toneladas de trozos lo suficientemente precisas para instalar prensa pins ajuste.<\/p>\n<div style=\"float: left;\">\n<p><img loading=\"lazy\" decoding=\"async\" class=\"aligncenter size-large wp-image-1640\" title=\"IMG_6580\" alt=\"\" src=\"https:\/\/nct-us.com\/wp-content\/uploads\/2012\/12\/IMG_6580-1024x682.jpg\" width=\"600\" height=\"399\" srcset=\"https:\/\/nct-us.com\/wp-content\/uploads\/2012\/12\/IMG_6580-1024x682.jpg 1024w, https:\/\/nct-us.com\/wp-content\/uploads\/2012\/12\/IMG_6580-300x200.jpg 300w\" sizes=\"auto, (max-width: 600px) 100vw, 600px\" \/><\/p>\n<\/div>\n<div style=\"float: right;\">\n<p><img loading=\"lazy\" decoding=\"async\" class=\"aligncenter size-medium wp-image-1288\" title=\"Jig Placement_2\" alt=\"\" src=\"https:\/\/nct-us.com\/wp-content\/uploads\/2012\/08\/Summer-2007-094-225x300.jpg\" width=\"225\" height=\"300\" srcset=\"https:\/\/nct-us.com\/wp-content\/uploads\/2012\/08\/Summer-2007-094-225x300.jpg 225w, https:\/\/nct-us.com\/wp-content\/uploads\/2012\/08\/Summer-2007-094-768x1024.jpg 768w, https:\/\/nct-us.com\/wp-content\/uploads\/2012\/08\/Summer-2007-094.jpg 1536w\" sizes=\"auto, (max-width: 225px) 100vw, 225px\" \/><\/p>\n<\/div>\n<p>&nbsp;<\/p>\n<div class=\"clearer\">\u00a0<\/div>\n<p>&nbsp;<\/p>\n<p>Las m\u00e1quinas que hemos movido rango de 1 tonelada a 20+ toneladas. Nos hemos trasladado a cientos de m\u00e1quinas en los \u00faltimos a\u00f1os, que van desde equipos de medici\u00f3n CMM y robots de acero pesado de construcci\u00f3n-Nuestro historial de seguridad hasta la fecha es intachable.<\/p>\n<p>&nbsp;<\/p>\n<div class=\"clearer\">\u00a0<\/div>\n<p>A trav\u00e9s de los a\u00f1os los clientes nos han pedido que nos cambiaran varias diferentes l\u00edneas de fabricaci\u00f3n de un edificio a otro, o incluso un estado a otro. Somos capaces de hacer estos movimientos de forma r\u00e1pida y eficiente y siempre hemos terminado en el plazo programado. Tenemos la experiencia necesaria para realizar estas tareas rentables ya tiempo.<\/p>\n<p>Si usted necesita mover las l\u00edneas o equipo puede <a href=\"mailto:contact@nct-inc.com\"> contacto con nosotros <\/a> con confianza y dejar las preocupaciones a nosotros.<\/p>\n<div style=\"float: right;\">\n<p><img loading=\"lazy\" decoding=\"async\" class=\"aligncenter size-medium wp-image-1291\" title=\"Line Move\" alt=\"\" src=\"https:\/\/nct-us.com\/wp-content\/uploads\/2012\/08\/tube-line-1-300x225.jpg\" width=\"300\" height=\"225\" srcset=\"https:\/\/nct-us.com\/wp-content\/uploads\/2012\/08\/tube-line-1-300x225.jpg 300w, https:\/\/nct-us.com\/wp-content\/uploads\/2012\/08\/tube-line-1.jpg 425w\" sizes=\"auto, (max-width: 300px) 100vw, 300px\" \/><\/p>\n<\/div>\n<div style=\"float: left;\">\n<p><img loading=\"lazy\" decoding=\"async\" class=\"aligncenter size-medium wp-image-1300\" title=\"Tube Line Move\" alt=\"\" src=\"https:\/\/nct-us.com\/wp-content\/uploads\/2012\/08\/IMG_6612-300x200.jpg\" width=\"300\" height=\"200\" srcset=\"https:\/\/nct-us.com\/wp-content\/uploads\/2012\/08\/IMG_6612-300x200.jpg 300w, https:\/\/nct-us.com\/wp-content\/uploads\/2012\/08\/IMG_6612-1024x682.jpg 1024w\" sizes=\"auto, (max-width: 300px) 100vw, 300px\" \/><\/p>\n<\/div>\n<p>&nbsp;<\/p>\n<div class=\"clearer\">\u00a0<\/div>\n<p>&nbsp;<\/p>\n<div style=\"float: left;\">\n<p><img loading=\"lazy\" decoding=\"async\" class=\"aligncenter size-medium wp-image-1301\" title=\"Line Move\" alt=\"\" src=\"https:\/\/nct-us.com\/wp-content\/uploads\/2012\/08\/IMG_6592-300x200.jpg\" width=\"300\" height=\"200\" srcset=\"https:\/\/nct-us.com\/wp-content\/uploads\/2012\/08\/IMG_6592-300x200.jpg 300w, https:\/\/nct-us.com\/wp-content\/uploads\/2012\/08\/IMG_6592-1024x682.jpg 1024w\" sizes=\"auto, (max-width: 300px) 100vw, 300px\" \/><\/p>\n<\/div>\n","protected":false},"excerpt":{"rendered":"<p>&nbsp; &nbsp; NCT tiene una amplia experiencia con equipos peque\u00f1os y grandes aparejos. Nos hemos trasladado maquinaria pesada y jigs aviones con seguridad y precisi\u00f3n para nuestros clientes. Nuestro proyecto de plantilla necesaria la colocaci\u00f3n de 10 toneladas de trozos lo suficientemente precisas para instalar prensa pins ajuste. &nbsp; \u00a0 &nbsp; Las m\u00e1quinas que hemos [&hellip;]<\/p>\n","protected":false},"author":3,"featured_media":0,"parent":0,"menu_order":0,"comment_status":"open","ping_status":"open","template":"","meta":{"ngg_post_thumbnail":0,"footnotes":""},"class_list":["post-2265","page","type-page","status-publish","hentry","entry"],"_links":{"self":[{"href":"https:\/\/nct-us.com\/es\/wp-json\/wp\/v2\/pages\/2265","targetHints":{"allow":["GET"]}}],"collection":[{"href":"https:\/\/nct-us.com\/es\/wp-json\/wp\/v2\/pages"}],"about":[{"href":"https:\/\/nct-us.com\/es\/wp-json\/wp\/v2\/types\/page"}],"author":[{"embeddable":true,"href":"https:\/\/nct-us.com\/es\/wp-json\/wp\/v2\/users\/3"}],"replies":[{"embeddable":true,"href":"https:\/\/nct-us.com\/es\/wp-json\/wp\/v2\/comments?post=2265"}],"version-history":[{"count":2,"href":"https:\/\/nct-us.com\/es\/wp-json\/wp\/v2\/pages\/2265\/revisions"}],"predecessor-version":[{"id":2267,"href":"https:\/\/nct-us.com\/es\/wp-json\/wp\/v2\/pages\/2265\/revisions\/2267"}],"wp:attachment":[{"href":"https:\/\/nct-us.com\/es\/wp-json\/wp\/v2\/media?parent=2265"}],"curies":[{"name":"wp","href":"https:\/\/api.w.org\/{rel}","templated":true}]}}