{"id":2263,"date":"2013-06-20T14:58:56","date_gmt":"2013-06-20T19:58:56","guid":{"rendered":"http:\/\/b0fcf05097.nxcli.io\/?page_id=2263"},"modified":"2013-06-20T14:58:56","modified_gmt":"2013-06-20T19:58:56","slug":"robotica","status":"publish","type":"page","link":"https:\/\/nct-us.com\/es\/robotica\/","title":{"rendered":"Rob\u00f3tica"},"content":{"rendered":"<p>NCT tiene un amplio conocimiento y formaci\u00f3n en el campo de la rob\u00f3tica. Hemos instalado y creado m\u00e1s de 100 sistemas rob\u00f3ticos diferentes para una variedad de aplicaciones. La mayor\u00eda de estos sistemas han sido ABB, Fanuc y Epson robots. Los robots est\u00e1n a menudo integrados en un sistema de PLC que tiene control sobre los movimientos del robot. Tambi\u00e9n hemos creado robots integrados en un sistema de c\u00e1mara que indica las posiciones del robot.<br \/>\n&nbsp;<\/p>\n<p>Si se piensa en una aplicaci\u00f3n de robot, que puede proporcionar la experiencia. Si tiene alguna pregunta con respecto a la rob\u00f3tica, por favor p\u00f3ngase en contacto con  <ahref=\"mailto:travis.fissel@gmail.com\"> nuestros expertos.<\/a><\/p>\n<p>Por favor, vea el men\u00fa desplegable de esta secci\u00f3n para las aplicaciones actuales y pasados \u200b\u200bde robots que hemos creado:<\/p>\n<p>&nbsp;<\/p>\n<p><img loading=\"lazy\" decoding=\"async\" class=\"aligncenter size-full wp-image-1011\" title=\"ABB\" alt=\"\" src=\"https:\/\/nct-us.com\/wp-content\/uploads\/2012\/08\/ABB.gif\" width=\"150\" height=\"75\" \/><\/p>\n<hr \/>\n<p>NCT se especializa en aplicaciones de ABB. Nuestros empleados han sido entrenados en ABB en Detroit para la programaci\u00f3n y el mantenimiento y tienen experiencia en la creaci\u00f3n y la ense\u00f1anza de robots ABB para la manipulaci\u00f3n de las piezas.<br \/>\nHemos utilizado principalmente controlador versiones S4 y IRC5. Incluso si la mayor\u00eda de nuestras aplicaciones son para los robots ABB podemos implementar casi todas las marcas robot deseada por el cliente. La mayor\u00eda de nuestras aplicaciones de los robots han sido para la industria automotriz y aeroespacial.<\/p>\n<p>&nbsp;<\/p>\n<p><a rel=\"attachment wp-att-1115\"><img loading=\"lazy\" decoding=\"async\" class=\"aligncenter size-medium wp-image-1115\" title=\"ABB_Part_H\" alt=\"\" src=\"https:\/\/nct-us.com\/wp-content\/uploads\/2012\/08\/ABB_Part_H-168x300.jpg\" width=\"168\" height=\"300\" srcset=\"https:\/\/nct-us.com\/wp-content\/uploads\/2012\/08\/ABB_Part_H-168x300.jpg 168w, https:\/\/nct-us.com\/wp-content\/uploads\/2012\/08\/ABB_Part_H-576x1024.jpg 576w, https:\/\/nct-us.com\/wp-content\/uploads\/2012\/08\/ABB_Part_H.jpg 1080w\" sizes=\"auto, (max-width: 168px) 100vw, 168px\" \/><\/a><\/p>\n<p>&nbsp;<\/p>\n<p>Hemos instalado unos 30 robots ABB local. La mayor\u00eda de ellos han sido 2400s y 140s para la manipulaci\u00f3n de piezas. Sin embargo, s\u00ed tenemos experiencia en muchas otras aplicaciones para los robots. Si tiene alguna pregunta acerca de las aplicaciones de robots o desea discutir un posible proyecto, por favor p\u00f3ngase en contacto con nuestro t\u00e9cnico principal de la rob\u00f3tica con el enlace de arriba.<\/p>\n<p>&nbsp;<\/p>\n<p><a  rel=\"attachment wp-att-1012\"><img loading=\"lazy\" decoding=\"async\" src=\"https:\/\/nct-us.com\/wp-content\/uploads\/2012\/08\/Epson.png\" alt=\"\" title=\"Epson\" width=\"127\" height=\"49\" class=\"aligncenter size-full wp-image-1012\" \/><\/a><br \/>\n<body><\/p>\n<hr \/>\n<p>NCT tiene experiencia en la instalaci\u00f3n y configuraci\u00f3n de recogida y colocaci\u00f3n robots Epson. Por lo general, estos robots se han unido directamente a una m\u00e1quina para fines de montaje y no en su propio como con nuestros ABBS. <\/p>\n<p><\/p>\n<p>\t<\/body><\/p>\n<p><a  rel=\"attachment wp-att-1013\"><img loading=\"lazy\" decoding=\"async\" src=\"https:\/\/nct-us.com\/wp-content\/uploads\/2012\/08\/Fanuc.jpg\" alt=\"\" title=\"Fanuc\" width=\"188\" height=\"107\" class=\"aligncenter size-full wp-image-1013\" \/><\/a><\/p>\n<p><body><\/p>\n<hr \/>\n<p>NCT tiene experiencia en la instalaci\u00f3n y configuraci\u00f3n de recoger y colocar los robots Fanuc. Por lo general, estos robots se han unido directamente a una m\u00e1quina para fines de montaje y no en su propio como con nuestros ABBS.<\/p>\n<p><\/p>\n","protected":false},"excerpt":{"rendered":"<p>NCT tiene un amplio conocimiento y formaci\u00f3n en el campo de la rob\u00f3tica. Hemos instalado y creado m\u00e1s de 100 sistemas rob\u00f3ticos diferentes para una variedad de aplicaciones. La mayor\u00eda de estos sistemas han sido ABB, Fanuc y Epson robots. Los robots est\u00e1n a menudo integrados en un sistema de PLC que tiene control sobre [&hellip;]<\/p>\n","protected":false},"author":3,"featured_media":0,"parent":0,"menu_order":0,"comment_status":"open","ping_status":"open","template":"","meta":{"ngg_post_thumbnail":0,"footnotes":""},"class_list":["post-2263","page","type-page","status-publish","hentry","entry"],"_links":{"self":[{"href":"https:\/\/nct-us.com\/es\/wp-json\/wp\/v2\/pages\/2263","targetHints":{"allow":["GET"]}}],"collection":[{"href":"https:\/\/nct-us.com\/es\/wp-json\/wp\/v2\/pages"}],"about":[{"href":"https:\/\/nct-us.com\/es\/wp-json\/wp\/v2\/types\/page"}],"author":[{"embeddable":true,"href":"https:\/\/nct-us.com\/es\/wp-json\/wp\/v2\/users\/3"}],"replies":[{"embeddable":true,"href":"https:\/\/nct-us.com\/es\/wp-json\/wp\/v2\/comments?post=2263"}],"version-history":[{"count":1,"href":"https:\/\/nct-us.com\/es\/wp-json\/wp\/v2\/pages\/2263\/revisions"}],"predecessor-version":[{"id":2264,"href":"https:\/\/nct-us.com\/es\/wp-json\/wp\/v2\/pages\/2263\/revisions\/2264"}],"wp:attachment":[{"href":"https:\/\/nct-us.com\/es\/wp-json\/wp\/v2\/media?parent=2263"}],"curies":[{"name":"wp","href":"https:\/\/api.w.org\/{rel}","templated":true}]}}