{"id":2261,"date":"2013-06-20T14:54:04","date_gmt":"2013-06-20T19:54:04","guid":{"rendered":"http:\/\/b0fcf05097.nxcli.io\/?page_id=2261"},"modified":"2013-06-20T14:54:04","modified_gmt":"2013-06-20T19:54:04","slug":"grabado-laser","status":"publish","type":"page","link":"https:\/\/nct-us.com\/es\/grabado-laser\/","title":{"rendered":"Grabado L\u00e1ser"},"content":{"rendered":"<p><img loading=\"lazy\" decoding=\"async\" class=\"aligncenter size-medium wp-image-1144\" title=\"Laser\" alt=\"\" src=\"https:\/\/nct-us.com\/wp-content\/uploads\/2012\/04\/Laser-300x229.jpg\" width=\"300\" height=\"229\" srcset=\"https:\/\/nct-us.com\/wp-content\/uploads\/2012\/04\/Laser-300x229.jpg 300w, https:\/\/nct-us.com\/wp-content\/uploads\/2012\/04\/Laser.jpg 524w\" sizes=\"auto, (max-width: 300px) 100vw, 300px\" \/><\/p>\n<p>&nbsp;<\/p>\n<p>NCT ha instalado varias l\u00edneas de montaje que incluye una operaci\u00f3n de grabado l\u00e1ser. Tenemos experiencia en s\u00edmbolos de grabado, dibujos, n\u00fameros de serie y las matrices de datos. Casi cualquier cosa que se puede dibujar en un sistema CAD puede ser grabado en cualquier superficie capaz de albergar un grabado. Para asegurar la calidad y consistencia del grabador l\u00e1ser siempre recomendamos la incorporaci\u00f3n de un sistema de c\u00e1mara justo despu\u00e9s del ataque.<br \/>\nBas\u00e1ndonos en nuestra experiencia encontramos Trumpf ser la primera opci\u00f3n, pero a instalar cualquier sistema de un cliente prefiere. Si tiene preguntas espec\u00edficas acerca de una aplicaci\u00f3n de l\u00e1ser no dude en contactar con nosotros.<\/p>\n<p><a href=\"http:\/\/www.us.trumpf.com\/\"><img loading=\"lazy\" decoding=\"async\" class=\"aligncenter size-full wp-image-1149\" title=\"Trumpf\" alt=\"\" src=\"https:\/\/nct-us.com\/wp-content\/uploads\/2012\/08\/Trumpf.jpg\" width=\"117\" height=\"166\" \/><\/a><\/p>\n<p>Based on our experience we find Trumpf to be first choice but will install any system a customer prefers. If you have specific questions about a laser application please feel free to contact us.<\/p>\n<p>&nbsp;<\/p>\n","protected":false},"excerpt":{"rendered":"<p>&nbsp; NCT ha instalado varias l\u00edneas de montaje que incluye una operaci\u00f3n de grabado l\u00e1ser. Tenemos experiencia en s\u00edmbolos de grabado, dibujos, n\u00fameros de serie y las matrices de datos. Casi cualquier cosa que se puede dibujar en un sistema CAD puede ser grabado en cualquier superficie capaz de albergar un grabado. Para asegurar la [&hellip;]<\/p>\n","protected":false},"author":3,"featured_media":0,"parent":0,"menu_order":0,"comment_status":"open","ping_status":"open","template":"","meta":{"ngg_post_thumbnail":0,"footnotes":""},"class_list":["post-2261","page","type-page","status-publish","hentry","entry"],"_links":{"self":[{"href":"https:\/\/nct-us.com\/es\/wp-json\/wp\/v2\/pages\/2261","targetHints":{"allow":["GET"]}}],"collection":[{"href":"https:\/\/nct-us.com\/es\/wp-json\/wp\/v2\/pages"}],"about":[{"href":"https:\/\/nct-us.com\/es\/wp-json\/wp\/v2\/types\/page"}],"author":[{"embeddable":true,"href":"https:\/\/nct-us.com\/es\/wp-json\/wp\/v2\/users\/3"}],"replies":[{"embeddable":true,"href":"https:\/\/nct-us.com\/es\/wp-json\/wp\/v2\/comments?post=2261"}],"version-history":[{"count":1,"href":"https:\/\/nct-us.com\/es\/wp-json\/wp\/v2\/pages\/2261\/revisions"}],"predecessor-version":[{"id":2262,"href":"https:\/\/nct-us.com\/es\/wp-json\/wp\/v2\/pages\/2261\/revisions\/2262"}],"wp:attachment":[{"href":"https:\/\/nct-us.com\/es\/wp-json\/wp\/v2\/media?parent=2261"}],"curies":[{"name":"wp","href":"https:\/\/api.w.org\/{rel}","templated":true}]}}