{"id":2258,"date":"2013-06-20T14:50:51","date_gmt":"2013-06-20T19:50:51","guid":{"rendered":"http:\/\/b0fcf05097.nxcli.io\/?page_id=2258"},"modified":"2013-06-20T14:51:47","modified_gmt":"2013-06-20T19:51:47","slug":"vision-2","status":"publish","type":"page","link":"https:\/\/nct-us.com\/es\/vision-2\/","title":{"rendered":"Visi\u00f3n"},"content":{"rendered":"<p><!DOCTYPE html><br \/>\n<html><br \/>\n<a  rel=\"attachment wp-att-1133\"><img loading=\"lazy\" decoding=\"async\" src=\"https:\/\/nct-us.com\/wp-content\/uploads\/2012\/04\/Camera_Pic.jpg\" alt=\"\" title=\"Camera_Pic\" width=\"255\" height=\"255\" class=\"aligncenter size-full wp-image-1133\" srcset=\"https:\/\/nct-us.com\/wp-content\/uploads\/2012\/04\/Camera_Pic.jpg 255w, https:\/\/nct-us.com\/wp-content\/uploads\/2012\/04\/Camera_Pic-150x150.jpg 150w, https:\/\/nct-us.com\/wp-content\/uploads\/2012\/04\/Camera_Pic-65x65.jpg 65w\" sizes=\"auto, (max-width: 255px) 100vw, 255px\" \/><\/a><\/p>\n<p>NCT utiliza alg\u00fan tipo de visi\u00f3n de la calidad control \/ mando en casi todas las l\u00edneas de la l\u00ednea de montaje se han instalado. Si bien la mayor\u00eda de ellas han sido las c\u00e1maras de control de calidad tambi\u00e9n hacemos parte y el control del robot. Las pruebas recientes con un sistema de visi\u00f3n para el control de calidad de una superficie mecanizada produjeron resultados precisi\u00f3n a la par con los sistemas de medici\u00f3n l\u00e1ser.<\/p>\n<p>Trabajamos con varios tipos diferentes de sistemas de visi\u00f3n (abajo) y suficiente experiencia que cualquier nuevo sistema se puede absorber r\u00e1pidamente en nuestra base de conocimiento.<\/p>\n<p> A continuaci\u00f3n se muestra una lista de los sistemas de visi\u00f3n que NCT ha usado recientemente:<\/p>\n<dt>C\u00e1maras:<\/dt>\n<dd>Cognex<\/dd>\n<dd>Dalsa<\/dd>\n<dd>Keyence<\/dd>\n<dt>3D Escaneo<\/dt>\n<dd>\n<p>Sick IVC Scanner<\/p>\n<dd>\n","protected":false},"excerpt":{"rendered":"<p>NCT utiliza alg\u00fan tipo de visi\u00f3n de la calidad control \/ mando en casi todas las l\u00edneas de la l\u00ednea de montaje se han instalado. Si bien la mayor\u00eda de ellas han sido las c\u00e1maras de control de calidad tambi\u00e9n hacemos parte y el control del robot. Las pruebas recientes con un sistema de visi\u00f3n [&hellip;]<\/p>\n","protected":false},"author":3,"featured_media":0,"parent":0,"menu_order":0,"comment_status":"open","ping_status":"open","template":"","meta":{"ngg_post_thumbnail":0,"footnotes":""},"class_list":["post-2258","page","type-page","status-publish","hentry","entry"],"_links":{"self":[{"href":"https:\/\/nct-us.com\/es\/wp-json\/wp\/v2\/pages\/2258","targetHints":{"allow":["GET"]}}],"collection":[{"href":"https:\/\/nct-us.com\/es\/wp-json\/wp\/v2\/pages"}],"about":[{"href":"https:\/\/nct-us.com\/es\/wp-json\/wp\/v2\/types\/page"}],"author":[{"embeddable":true,"href":"https:\/\/nct-us.com\/es\/wp-json\/wp\/v2\/users\/3"}],"replies":[{"embeddable":true,"href":"https:\/\/nct-us.com\/es\/wp-json\/wp\/v2\/comments?post=2258"}],"version-history":[{"count":2,"href":"https:\/\/nct-us.com\/es\/wp-json\/wp\/v2\/pages\/2258\/revisions"}],"predecessor-version":[{"id":2260,"href":"https:\/\/nct-us.com\/es\/wp-json\/wp\/v2\/pages\/2258\/revisions\/2260"}],"wp:attachment":[{"href":"https:\/\/nct-us.com\/es\/wp-json\/wp\/v2\/media?parent=2258"}],"curies":[{"name":"wp","href":"https:\/\/api.w.org\/{rel}","templated":true}]}}