{"id":2256,"date":"2013-06-20T14:38:27","date_gmt":"2013-06-20T19:38:27","guid":{"rendered":"http:\/\/b0fcf05097.nxcli.io\/?page_id=2256"},"modified":"2013-06-20T14:38:27","modified_gmt":"2013-06-20T19:38:27","slug":"ingenieria-de-procesos","status":"publish","type":"page","link":"https:\/\/nct-us.com\/es\/ingenieria-de-procesos\/","title":{"rendered":"Ingenier\u00eda de Procesos"},"content":{"rendered":"<p>&nbsp;<\/p>\n<p>&nbsp;<\/p>\n<p>NCT es un grupo de ingenieros y t\u00e9cnicos con muchos a\u00f1os en la resoluci\u00f3n de problemas complejos en m\u00e1quinas complejas. Cada uno de nuestros empleados tiene experiencia pr\u00e1ctica en la fabricaci\u00f3n de un proceso menos costoso y m\u00e1s eficiente. Contribuir al \u00e9xito de nuestros clientes es el objetivo principal de NCT.<\/p>\n<p><img loading=\"lazy\" decoding=\"async\" class=\"aligncenter size-medium wp-image-1272\" title=\"Efficiency\" alt=\"\" src=\"https:\/\/nct-us.com\/wp-content\/uploads\/2012\/07\/increase-efficiency-graph-300x262.jpg\" width=\"300\" height=\"262\" srcset=\"https:\/\/nct-us.com\/wp-content\/uploads\/2012\/07\/increase-efficiency-graph-300x262.jpg 300w, https:\/\/nct-us.com\/wp-content\/uploads\/2012\/07\/increase-efficiency-graph.jpg 325w\" sizes=\"auto, (max-width: 300px) 100vw, 300px\" \/><\/p>\n<p>Ofrecemos la experiencia y los conocimientos de nuestros t\u00e9cnicos a los clientes como los ingenieros de procesos. Si usted tiene una m\u00e1quina o l\u00ednea que usted siente puede llevar a cabo para un mayor favor <a href=\"mailto:contact@nct-inc.com\"> contacto est\u00e1ndar con nosotros <\/a> y estaremos encantados de poner nuestra experiencia a trabajar para usted.<\/p>\n<p>&nbsp;<\/p>\n<p>&nbsp;<\/p>\n","protected":false},"excerpt":{"rendered":"<p>&nbsp; &nbsp; NCT es un grupo de ingenieros y t\u00e9cnicos con muchos a\u00f1os en la resoluci\u00f3n de problemas complejos en m\u00e1quinas complejas. Cada uno de nuestros empleados tiene experiencia pr\u00e1ctica en la fabricaci\u00f3n de un proceso menos costoso y m\u00e1s eficiente. Contribuir al \u00e9xito de nuestros clientes es el objetivo principal de NCT. Ofrecemos la [&hellip;]<\/p>\n","protected":false},"author":3,"featured_media":0,"parent":0,"menu_order":0,"comment_status":"open","ping_status":"open","template":"","meta":{"ngg_post_thumbnail":0,"footnotes":""},"class_list":["post-2256","page","type-page","status-publish","hentry","entry"],"_links":{"self":[{"href":"https:\/\/nct-us.com\/es\/wp-json\/wp\/v2\/pages\/2256","targetHints":{"allow":["GET"]}}],"collection":[{"href":"https:\/\/nct-us.com\/es\/wp-json\/wp\/v2\/pages"}],"about":[{"href":"https:\/\/nct-us.com\/es\/wp-json\/wp\/v2\/types\/page"}],"author":[{"embeddable":true,"href":"https:\/\/nct-us.com\/es\/wp-json\/wp\/v2\/users\/3"}],"replies":[{"embeddable":true,"href":"https:\/\/nct-us.com\/es\/wp-json\/wp\/v2\/comments?post=2256"}],"version-history":[{"count":1,"href":"https:\/\/nct-us.com\/es\/wp-json\/wp\/v2\/pages\/2256\/revisions"}],"predecessor-version":[{"id":2257,"href":"https:\/\/nct-us.com\/es\/wp-json\/wp\/v2\/pages\/2256\/revisions\/2257"}],"wp:attachment":[{"href":"https:\/\/nct-us.com\/es\/wp-json\/wp\/v2\/media?parent=2256"}],"curies":[{"name":"wp","href":"https:\/\/api.w.org\/{rel}","templated":true}]}}