{"id":2253,"date":"2013-06-20T14:24:46","date_gmt":"2013-06-20T19:24:46","guid":{"rendered":"http:\/\/b0fcf05097.nxcli.io\/?page_id=2253"},"modified":"2013-06-20T14:24:46","modified_gmt":"2013-06-20T19:24:46","slug":"gestion-de-proyectos","status":"publish","type":"page","link":"https:\/\/nct-us.com\/es\/gestion-de-proyectos\/","title":{"rendered":"Gesti\u00f3n de Proyectos"},"content":{"rendered":"<p>&nbsp;<\/p>\n<p>NCT tiene experiencia en gesti\u00f3n de proyectos.<br \/>\nSomos conscientes de todos los aspectos de su proyecto desde Coplete AZ a su entera satisfacci\u00f3n.<br \/>\nPara nuestros clientes que gestionamos proyectos que incluyen pero no est\u00e1n limitados a:<\/p>\n<p>&#8211; Investigaci\u00f3n y desarrollo<br \/>\n&#8211; Dise\u00f1o<br \/>\n&#8211; Construir<br \/>\n&#8211; Prueba<br \/>\n&#8211; embalaje<br \/>\n&#8211; Transporte y env\u00edo<br \/>\n&#8211; El despacho de aduana<br \/>\n&#8211; Aparejo y configurar<br \/>\n&#8211; El equipo pesado<br \/>\n&#8211; Suministro de medios<br \/>\n&#8211; Protecci\u00f3n y seguridad<br \/>\n&#8211; Medio Ambiente<br \/>\n&#8211; Proveedores y contratistas Sub<br \/>\n&#8211; La falta de tiempo<\/p>\n<p>Estamos en constante comunicaci\u00f3n con todas las partes implicadas y proporcionar al cliente una situaci\u00f3n precisa y actualizada del proyecto.<br \/>\nHemos trabajado con muchos especialistas en los \u00faltimos a\u00f1os y tuvo un gran \u00e9xito en la gesti\u00f3n de recursos.<\/p>\n<p>&nbsp;<\/p>\n","protected":false},"excerpt":{"rendered":"<p>&nbsp; NCT tiene experiencia en gesti\u00f3n de proyectos. Somos conscientes de todos los aspectos de su proyecto desde Coplete AZ a su entera satisfacci\u00f3n. Para nuestros clientes que gestionamos proyectos que incluyen pero no est\u00e1n limitados a: &#8211; Investigaci\u00f3n y desarrollo &#8211; Dise\u00f1o &#8211; Construir &#8211; Prueba &#8211; embalaje &#8211; Transporte y env\u00edo &#8211; El [&hellip;]<\/p>\n","protected":false},"author":3,"featured_media":0,"parent":0,"menu_order":0,"comment_status":"open","ping_status":"open","template":"","meta":{"ngg_post_thumbnail":0,"footnotes":""},"class_list":["post-2253","page","type-page","status-publish","hentry","entry"],"_links":{"self":[{"href":"https:\/\/nct-us.com\/es\/wp-json\/wp\/v2\/pages\/2253","targetHints":{"allow":["GET"]}}],"collection":[{"href":"https:\/\/nct-us.com\/es\/wp-json\/wp\/v2\/pages"}],"about":[{"href":"https:\/\/nct-us.com\/es\/wp-json\/wp\/v2\/types\/page"}],"author":[{"embeddable":true,"href":"https:\/\/nct-us.com\/es\/wp-json\/wp\/v2\/users\/3"}],"replies":[{"embeddable":true,"href":"https:\/\/nct-us.com\/es\/wp-json\/wp\/v2\/comments?post=2253"}],"version-history":[{"count":2,"href":"https:\/\/nct-us.com\/es\/wp-json\/wp\/v2\/pages\/2253\/revisions"}],"predecessor-version":[{"id":2255,"href":"https:\/\/nct-us.com\/es\/wp-json\/wp\/v2\/pages\/2253\/revisions\/2255"}],"wp:attachment":[{"href":"https:\/\/nct-us.com\/es\/wp-json\/wp\/v2\/media?parent=2253"}],"curies":[{"name":"wp","href":"https:\/\/api.w.org\/{rel}","templated":true}]}}