{"id":2249,"date":"2012-08-08T11:34:05","date_gmt":"2012-08-08T16:34:05","guid":{"rendered":"http:\/\/b0fcf05097.nxcli.io\/engineeringdesign-2\/"},"modified":"2013-06-18T16:49:09","modified_gmt":"2013-06-18T21:49:09","slug":"engineeringdesign","status":"publish","type":"page","link":"https:\/\/nct-us.com\/es\/engineeringdesign\/","title":{"rendered":"Ingenier\u00eda de Dise\u00f1o"},"content":{"rendered":"<p><object width=\"420\" height=\"315\"><param name=\"movie\" value=\"http:\/\/www.youtube.com\/v\/zy2UJt7tEKM?hl=en_US&amp;version=3&amp;rel=0\"><\/param><param name=\"allowFullScreen\" value=\"true\"><\/param><param name=\"allowscriptaccess\" value=\"always\"><\/param><embed src=\"http:\/\/www.youtube.com\/v\/zy2UJt7tEKM?hl=en_US&amp;version=3&amp;rel=0\" type=\"application\/x-shockwave-flash\" width=\"420\" height=\"315\" allowscriptaccess=\"always\" allowfullscreen=\"true\"><\/embed><\/object><br \/>\n&nbsp;<\/p>\n<p>&nbsp;<\/p>\n<p>NCT cuenta con ingenieros con d\u00e9cadas de experiencia en dise\u00f1o y fabricaci\u00f3n. Adem\u00e1s de dise\u00f1ar nuestras propias m\u00e1quinas, tambi\u00e9n estamos dise\u00f1o y actualizaci\u00f3n de m\u00e1quinas para mejorar el rendimiento o a\u00f1adir caracter\u00edsticas. El video de arriba muestra una soluci\u00f3n personalizada para un sistema de control de calidad. Integrados en nuestros dise\u00f1os son calidad, facilidad de uso, eficiencia y simplicidad. Nos mantenemos en mente las posibles dificultades de mantenimiento y dise\u00f1amos nuestras m\u00e1quinas de una manera que permite la facilidad de acceso.<\/p>\n<p>&nbsp;<\/p>\n<p>El dise\u00f1o muestra una c\u00e9lula de robot flexible para piezas de la turbina. Adem\u00e1s de producir varios tipos diferentes de una gama de productos, la c\u00e9lula tambi\u00e9n es capaz de producir productos totalmente diferentes r\u00e1pida por intercambio de las estaciones de la m\u00e1quina. Hemos desarrollado estos sistemas speciffically de bajo volumen y aplicaciones de gran variedad con presupuesto limita.<\/p>\n<p>&nbsp;<\/p>\n<p><img loading=\"lazy\" decoding=\"async\" class=\"aligncenter size-full wp-image-1252\" title=\"Design_Concept\" alt=\"\" src=\"https:\/\/nct-us.com\/wp-content\/uploads\/2012\/08\/P_Frame_Concept.jpg\" width=\"270\" height=\"300\" srcset=\"https:\/\/nct-us.com\/wp-content\/uploads\/2012\/08\/P_Frame_Concept.jpg 820w, https:\/\/nct-us.com\/wp-content\/uploads\/2012\/08\/P_Frame_Concept-270x300.jpg 270w\" sizes=\"auto, (max-width: 270px) 100vw, 270px\" \/><\/p>\n","protected":false},"excerpt":{"rendered":"<p>&nbsp; &nbsp; NCT cuenta con ingenieros con d\u00e9cadas de experiencia en dise\u00f1o y fabricaci\u00f3n. Adem\u00e1s de dise\u00f1ar nuestras propias m\u00e1quinas, tambi\u00e9n estamos dise\u00f1o y actualizaci\u00f3n de m\u00e1quinas para mejorar el rendimiento o a\u00f1adir caracter\u00edsticas. El video de arriba muestra una soluci\u00f3n personalizada para un sistema de control de calidad. Integrados en nuestros dise\u00f1os son calidad, [&hellip;]<\/p>\n","protected":false},"author":3,"featured_media":1241,"parent":0,"menu_order":0,"comment_status":"open","ping_status":"open","template":"","meta":{"ngg_post_thumbnail":0,"footnotes":""},"class_list":["post-2249","page","type-page","status-publish","has-post-thumbnail","hentry","entry"],"_links":{"self":[{"href":"https:\/\/nct-us.com\/es\/wp-json\/wp\/v2\/pages\/2249","targetHints":{"allow":["GET"]}}],"collection":[{"href":"https:\/\/nct-us.com\/es\/wp-json\/wp\/v2\/pages"}],"about":[{"href":"https:\/\/nct-us.com\/es\/wp-json\/wp\/v2\/types\/page"}],"author":[{"embeddable":true,"href":"https:\/\/nct-us.com\/es\/wp-json\/wp\/v2\/users\/3"}],"replies":[{"embeddable":true,"href":"https:\/\/nct-us.com\/es\/wp-json\/wp\/v2\/comments?post=2249"}],"version-history":[{"count":1,"href":"https:\/\/nct-us.com\/es\/wp-json\/wp\/v2\/pages\/2249\/revisions"}],"predecessor-version":[{"id":2250,"href":"https:\/\/nct-us.com\/es\/wp-json\/wp\/v2\/pages\/2249\/revisions\/2250"}],"wp:featuredmedia":[{"embeddable":true,"href":"https:\/\/nct-us.com\/es\/wp-json\/wp\/v2\/media\/1241"}],"wp:attachment":[{"href":"https:\/\/nct-us.com\/es\/wp-json\/wp\/v2\/media?parent=2249"}],"curies":[{"name":"wp","href":"https:\/\/api.w.org\/{rel}","templated":true}]}}