{"id":2244,"date":"2013-06-18T16:41:21","date_gmt":"2013-06-18T21:41:21","guid":{"rendered":"http:\/\/b0fcf05097.nxcli.io\/?page_id=2244"},"modified":"2013-06-18T16:45:51","modified_gmt":"2013-06-18T21:45:51","slug":"automatizacion","status":"publish","type":"page","link":"https:\/\/nct-us.com\/es\/automatizacion\/","title":{"rendered":"Automatizaci\u00f3n"},"content":{"rendered":"<p><!DOCTYPE html><br \/>\n<html><br \/>\n\t<body><\/p>\n<p>\n\t\t\t<img loading=\"lazy\" decoding=\"async\" class=\"ngg-left alignleft\" style=\"margin: 5px;\" src=\"https:\/\/nct-us.com\/wp-content\/uploads\/2012\/04\/DSC03369-168x300.jpg\" alt=\"\" width=\"168\" height=\"300\" \/>La mayor\u00eda del trabajo de NCT es el dise\u00f1o y la construcci\u00f3n de l\u00edneas de fabricaci\u00f3n automatizadas. Nuestros 10 a\u00f1os de historia siempre se ha centrado en torno a la automatizaci\u00f3n. Ofrecemos m\u00e1quinas de alta calidad y l\u00edneas de producci\u00f3n de algunas de las industrias m\u00e1s exigentes.\n\t\t<\/p>\n<p><\/p>\n<p>Para ver algunos de nuestros proyectos anteriores, por favor haga clic en <a href=\"https:\/\/nct-us.com\/servicemaintenance\">aqu\u00ed<\/a>. si tiene alguna pregunta o le gustar\u00eda discutir un posible proyecto, por favor <a href=\"mailto:christ@nct-inc.com\"> contacto con nosotros <\/a>!<\/p>\n<p>\t<\/body><br \/>\n<\/html><\/p>\n","protected":false},"excerpt":{"rendered":"<p>La mayor\u00eda del trabajo de NCT es el dise\u00f1o y la construcci\u00f3n de l\u00edneas de fabricaci\u00f3n automatizadas. Nuestros 10 a\u00f1os de historia siempre se ha centrado en torno a la automatizaci\u00f3n. Ofrecemos m\u00e1quinas de alta calidad y l\u00edneas de producci\u00f3n de algunas de las industrias m\u00e1s exigentes. Para ver algunos de nuestros proyectos anteriores, por [&hellip;]<\/p>\n","protected":false},"author":3,"featured_media":1204,"parent":0,"menu_order":0,"comment_status":"open","ping_status":"open","template":"","meta":{"ngg_post_thumbnail":0,"footnotes":""},"class_list":["post-2244","page","type-page","status-publish","has-post-thumbnail","hentry","entry"],"_links":{"self":[{"href":"https:\/\/nct-us.com\/es\/wp-json\/wp\/v2\/pages\/2244","targetHints":{"allow":["GET"]}}],"collection":[{"href":"https:\/\/nct-us.com\/es\/wp-json\/wp\/v2\/pages"}],"about":[{"href":"https:\/\/nct-us.com\/es\/wp-json\/wp\/v2\/types\/page"}],"author":[{"embeddable":true,"href":"https:\/\/nct-us.com\/es\/wp-json\/wp\/v2\/users\/3"}],"replies":[{"embeddable":true,"href":"https:\/\/nct-us.com\/es\/wp-json\/wp\/v2\/comments?post=2244"}],"version-history":[{"count":2,"href":"https:\/\/nct-us.com\/es\/wp-json\/wp\/v2\/pages\/2244\/revisions"}],"predecessor-version":[{"id":2247,"href":"https:\/\/nct-us.com\/es\/wp-json\/wp\/v2\/pages\/2244\/revisions\/2247"}],"wp:featuredmedia":[{"embeddable":true,"href":"https:\/\/nct-us.com\/es\/wp-json\/wp\/v2\/media\/1204"}],"wp:attachment":[{"href":"https:\/\/nct-us.com\/es\/wp-json\/wp\/v2\/media?parent=2244"}],"curies":[{"name":"wp","href":"https:\/\/api.w.org\/{rel}","templated":true}]}}