{"id":2239,"date":"2013-06-18T16:20:34","date_gmt":"2013-06-18T21:20:34","guid":{"rendered":"http:\/\/b0fcf05097.nxcli.io\/?page_id=2239"},"modified":"2013-06-18T16:22:47","modified_gmt":"2013-06-18T21:22:47","slug":"perfil-de-la-empresa","status":"publish","type":"page","link":"https:\/\/nct-us.com\/es\/perfil-de-la-empresa\/","title":{"rendered":"Perfil de la Empresa"},"content":{"rendered":"<p>NCT Inc. es Ingenier\u00eda y la empresa de consultor\u00eda con sede en Danville, Il. Dise\u00f1amos, construir e integrar los sistemas de automatizaci\u00f3n y m\u00e1quinas para las industrias de tecnolog\u00eda intensos. Adem\u00e1s, ofrecemos asesoramiento t\u00e9cnico en el \u00e1mbito de la ingenier\u00eda de procesos, tecnolog\u00edas de producci\u00f3n y de ingenier\u00eda del proyecto. Ofrecemos un servicio, mantenimiento, re construcci\u00f3n y montaje de equipos industriales. <a href=\"https:\/\/nct-us.com\/es\/sobre\/\">[Leer M\u00e1s]<\/a><\/p>\n<p>&nbsp;<\/p>\n","protected":false},"excerpt":{"rendered":"<p>NCT Inc. es Ingenier\u00eda y la empresa de consultor\u00eda con sede en Danville, Il. Dise\u00f1amos, construir e integrar los sistemas de automatizaci\u00f3n y m\u00e1quinas para las industrias de tecnolog\u00eda intensos. Adem\u00e1s, ofrecemos asesoramiento t\u00e9cnico en el \u00e1mbito de la ingenier\u00eda de procesos, tecnolog\u00edas de producci\u00f3n y de ingenier\u00eda del proyecto. Ofrecemos un servicio, mantenimiento, re [&hellip;]<\/p>\n","protected":false},"author":3,"featured_media":0,"parent":0,"menu_order":0,"comment_status":"open","ping_status":"open","template":"","meta":{"ngg_post_thumbnail":0,"footnotes":""},"class_list":["post-2239","page","type-page","status-publish","hentry","entry"],"_links":{"self":[{"href":"https:\/\/nct-us.com\/es\/wp-json\/wp\/v2\/pages\/2239","targetHints":{"allow":["GET"]}}],"collection":[{"href":"https:\/\/nct-us.com\/es\/wp-json\/wp\/v2\/pages"}],"about":[{"href":"https:\/\/nct-us.com\/es\/wp-json\/wp\/v2\/types\/page"}],"author":[{"embeddable":true,"href":"https:\/\/nct-us.com\/es\/wp-json\/wp\/v2\/users\/3"}],"replies":[{"embeddable":true,"href":"https:\/\/nct-us.com\/es\/wp-json\/wp\/v2\/comments?post=2239"}],"version-history":[{"count":3,"href":"https:\/\/nct-us.com\/es\/wp-json\/wp\/v2\/pages\/2239\/revisions"}],"predecessor-version":[{"id":2241,"href":"https:\/\/nct-us.com\/es\/wp-json\/wp\/v2\/pages\/2239\/revisions\/2241"}],"wp:attachment":[{"href":"https:\/\/nct-us.com\/es\/wp-json\/wp\/v2\/media?parent=2239"}],"curies":[{"name":"wp","href":"https:\/\/api.w.org\/{rel}","templated":true}]}}