{"id":2234,"date":"2013-06-18T15:54:31","date_gmt":"2013-06-18T20:54:31","guid":{"rendered":"http:\/\/b0fcf05097.nxcli.io\/?page_id=2234"},"modified":"2013-06-18T15:54:31","modified_gmt":"2013-06-18T20:54:31","slug":"proyectos-realizados","status":"publish","type":"page","link":"https:\/\/nct-us.com\/es\/proyectos-realizados\/","title":{"rendered":"Proyectos Realizados"},"content":{"rendered":"<p>En nuestros 10 a\u00f1os de historia que tenemos no s\u00f3lo los proyectos terminados para las empresas en los EE.UU. sino en todo el mundo. No importa qu\u00e9 tan peque\u00f1o o grande el proyecto, nos dimos nuestra atenci\u00f3n profesional indivisa. Algunas de las m\u00e1quinas y los proyectos que estamos involucrados se est\u00e1n utilizando para construir el avi\u00f3n que vuela en los motores que ellos y los coches que conduce impulsan.<\/p>\n<p>Por favor t\u00f3mese el tiempo para revisar algunos de nuestros proyectos se muestra en el men\u00fa de proyectos terminados. Hemos preparado una lista exhaustiva que demuestra la capacidad y el alcance de NCT.<\/p>\n<p>Si usted tiene un proceso o m\u00e1quina que no est\u00e9 en la lista, no dude en contactar con nosotros. Disfrutamos de un nuevo desaf\u00edo.<\/p>\n","protected":false},"excerpt":{"rendered":"<p>En nuestros 10 a\u00f1os de historia que tenemos no s\u00f3lo los proyectos terminados para las empresas en los EE.UU. sino en todo el mundo. No importa qu\u00e9 tan peque\u00f1o o grande el proyecto, nos dimos nuestra atenci\u00f3n profesional indivisa. Algunas de las m\u00e1quinas y los proyectos que estamos involucrados se est\u00e1n utilizando para construir el [&hellip;]<\/p>\n","protected":false},"author":3,"featured_media":0,"parent":0,"menu_order":0,"comment_status":"open","ping_status":"open","template":"","meta":{"ngg_post_thumbnail":0,"footnotes":""},"class_list":["post-2234","page","type-page","status-publish","hentry","entry"],"_links":{"self":[{"href":"https:\/\/nct-us.com\/es\/wp-json\/wp\/v2\/pages\/2234","targetHints":{"allow":["GET"]}}],"collection":[{"href":"https:\/\/nct-us.com\/es\/wp-json\/wp\/v2\/pages"}],"about":[{"href":"https:\/\/nct-us.com\/es\/wp-json\/wp\/v2\/types\/page"}],"author":[{"embeddable":true,"href":"https:\/\/nct-us.com\/es\/wp-json\/wp\/v2\/users\/3"}],"replies":[{"embeddable":true,"href":"https:\/\/nct-us.com\/es\/wp-json\/wp\/v2\/comments?post=2234"}],"version-history":[{"count":1,"href":"https:\/\/nct-us.com\/es\/wp-json\/wp\/v2\/pages\/2234\/revisions"}],"predecessor-version":[{"id":2235,"href":"https:\/\/nct-us.com\/es\/wp-json\/wp\/v2\/pages\/2234\/revisions\/2235"}],"wp:attachment":[{"href":"https:\/\/nct-us.com\/es\/wp-json\/wp\/v2\/media?parent=2234"}],"curies":[{"name":"wp","href":"https:\/\/api.w.org\/{rel}","templated":true}]}}