{"id":2210,"date":"2013-06-18T15:46:38","date_gmt":"2013-06-18T20:46:38","guid":{"rendered":"http:\/\/b0fcf05097.nxcli.io\/?page_id=2210"},"modified":"2013-06-18T15:46:38","modified_gmt":"2013-06-18T20:46:38","slug":"serviciomantenimiento","status":"publish","type":"page","link":"https:\/\/nct-us.com\/es\/serviciomantenimiento\/","title":{"rendered":"Servicio\/Mantenimiento"},"content":{"rendered":"<p><a rel=\"attachment wp-att-1211\"><img loading=\"lazy\" decoding=\"async\" class=\"aligncenter size-medium wp-image-1211\" title=\"Maintenance\" alt=\"\" src=\"https:\/\/nct-us.com\/wp-content\/uploads\/2012\/08\/Maintenance-300x225.jpg\" width=\"300\" height=\"225\" srcset=\"https:\/\/nct-us.com\/wp-content\/uploads\/2012\/08\/Maintenance-300x225.jpg 300w, https:\/\/nct-us.com\/wp-content\/uploads\/2012\/08\/Maintenance.jpg 689w\" sizes=\"auto, (max-width: 300px) 100vw, 300px\" \/><\/a><\/p>\n<p>&nbsp;<\/p>\n<p>NCT ofrece el servicio y mantenimiento de:<\/p>\n<p>&#8211; Todas las m\u00e1quinas que construimos nosotros mismos,<\/p>\n<p>&#8211; Las empresas que tenemos representationagreements<\/p>\n<p>&#8211; Las empresas sobre una base contrato individual<\/p>\n<p>&nbsp;<\/p>\n<p>La principal petici\u00f3n del cliente nos pide apoyo son:<\/p>\n<p>&#8211; M\u00e1quina de reconstruir<\/p>\n<p>&#8211; redise\u00f1ar<\/p>\n<p>&#8211; actualizaci\u00f3n<\/p>\n<p>Nuestras gamas de equipos de los centros de fresado CNC CAD \/ CAM y al equipo de chorro abrasivo y un taller de pintura.<\/p>\n<p>&nbsp;<\/p>\n<p>NCT tiene experiencia en todas las \u00e1reas de mantenimiento de la m\u00e1quina, incluyendo, hidr\u00e1ulica, neum\u00e1tica, el\u00e9ctrica, mec\u00e1nica, rob\u00f3tica y m\u00e1s. Independientemente del tipo de mantenimiento se requiere vamos a ser capaces de satisfacer a nuestros clientes. Por favor, p\u00f3ngase en contacto con nosotros para cualquier pregunta sobre nuestro servicio o contratos de mantenimiento.<\/p>\n","protected":false},"excerpt":{"rendered":"<p>&nbsp; NCT ofrece el servicio y mantenimiento de: &#8211; Todas las m\u00e1quinas que construimos nosotros mismos, &#8211; Las empresas que tenemos representationagreements &#8211; Las empresas sobre una base contrato individual &nbsp; La principal petici\u00f3n del cliente nos pide apoyo son: &#8211; M\u00e1quina de reconstruir &#8211; redise\u00f1ar &#8211; actualizaci\u00f3n Nuestras gamas de equipos de los centros [&hellip;]<\/p>\n","protected":false},"author":3,"featured_media":0,"parent":0,"menu_order":0,"comment_status":"open","ping_status":"open","template":"","meta":{"ngg_post_thumbnail":0,"footnotes":""},"class_list":["post-2210","page","type-page","status-publish","hentry","entry"],"_links":{"self":[{"href":"https:\/\/nct-us.com\/es\/wp-json\/wp\/v2\/pages\/2210","targetHints":{"allow":["GET"]}}],"collection":[{"href":"https:\/\/nct-us.com\/es\/wp-json\/wp\/v2\/pages"}],"about":[{"href":"https:\/\/nct-us.com\/es\/wp-json\/wp\/v2\/types\/page"}],"author":[{"embeddable":true,"href":"https:\/\/nct-us.com\/es\/wp-json\/wp\/v2\/users\/3"}],"replies":[{"embeddable":true,"href":"https:\/\/nct-us.com\/es\/wp-json\/wp\/v2\/comments?post=2210"}],"version-history":[{"count":1,"href":"https:\/\/nct-us.com\/es\/wp-json\/wp\/v2\/pages\/2210\/revisions"}],"predecessor-version":[{"id":2211,"href":"https:\/\/nct-us.com\/es\/wp-json\/wp\/v2\/pages\/2210\/revisions\/2211"}],"wp:attachment":[{"href":"https:\/\/nct-us.com\/es\/wp-json\/wp\/v2\/media?parent=2210"}],"curies":[{"name":"wp","href":"https:\/\/api.w.org\/{rel}","templated":true}]}}