{"id":2205,"date":"2013-06-18T15:40:20","date_gmt":"2013-06-18T20:40:20","guid":{"rendered":"http:\/\/b0fcf05097.nxcli.io\/?page_id=2205"},"modified":"2013-06-18T16:51:25","modified_gmt":"2013-06-18T21:51:25","slug":"atencion-al-cliente-y-ventas","status":"publish","type":"page","link":"https:\/\/nct-us.com\/es\/atencion-al-cliente-y-ventas\/","title":{"rendered":"Atenci\u00f3n al Cliente y Ventas"},"content":{"rendered":"<p>&nbsp;<\/p>\n<p>&nbsp;<\/p>\n<p>Atenci\u00f3n al cliente es una parte importante de nuestro negocio. Podemos estar disponible las 24 horas del d\u00eda y estamos acostumbrados a los tiempos de reacci\u00f3n de 24 horas o menos.<br \/>\nPor favor ll\u00e1menos para discutir sus necesidades espec\u00edficas.<\/p>\n<p>&nbsp;<\/p>\n<p>Ventas NCT incluyen nuestros productos y servicios propios y de nuestros socios que representan. Para consultas, por favor contactar con nuestra Rochester Hills, MI. o de su oficina Danville, IL. instalaciones.<\/p>\n<p>&nbsp;<\/p>\n<p>&nbsp;<\/p>\n","protected":false},"excerpt":{"rendered":"<p>&nbsp; &nbsp; Atenci\u00f3n al cliente es una parte importante de nuestro negocio. Podemos estar disponible las 24 horas del d\u00eda y estamos acostumbrados a los tiempos de reacci\u00f3n de 24 horas o menos. Por favor ll\u00e1menos para discutir sus necesidades espec\u00edficas. &nbsp; Ventas NCT incluyen nuestros productos y servicios propios y de nuestros socios que [&hellip;]<\/p>\n","protected":false},"author":3,"featured_media":1209,"parent":0,"menu_order":0,"comment_status":"open","ping_status":"open","template":"","meta":{"ngg_post_thumbnail":0,"footnotes":""},"class_list":["post-2205","page","type-page","status-publish","has-post-thumbnail","hentry","entry"],"_links":{"self":[{"href":"https:\/\/nct-us.com\/es\/wp-json\/wp\/v2\/pages\/2205","targetHints":{"allow":["GET"]}}],"collection":[{"href":"https:\/\/nct-us.com\/es\/wp-json\/wp\/v2\/pages"}],"about":[{"href":"https:\/\/nct-us.com\/es\/wp-json\/wp\/v2\/types\/page"}],"author":[{"embeddable":true,"href":"https:\/\/nct-us.com\/es\/wp-json\/wp\/v2\/users\/3"}],"replies":[{"embeddable":true,"href":"https:\/\/nct-us.com\/es\/wp-json\/wp\/v2\/comments?post=2205"}],"version-history":[{"count":2,"href":"https:\/\/nct-us.com\/es\/wp-json\/wp\/v2\/pages\/2205\/revisions"}],"predecessor-version":[{"id":2251,"href":"https:\/\/nct-us.com\/es\/wp-json\/wp\/v2\/pages\/2205\/revisions\/2251"}],"wp:featuredmedia":[{"embeddable":true,"href":"https:\/\/nct-us.com\/es\/wp-json\/wp\/v2\/media\/1209"}],"wp:attachment":[{"href":"https:\/\/nct-us.com\/es\/wp-json\/wp\/v2\/media?parent=2205"}],"curies":[{"name":"wp","href":"https:\/\/api.w.org\/{rel}","templated":true}]}}