{"id":2202,"date":"2013-06-18T15:37:53","date_gmt":"2013-06-18T20:37:53","guid":{"rendered":"http:\/\/b0fcf05097.nxcli.io\/?page_id=2202"},"modified":"2013-06-18T15:37:53","modified_gmt":"2013-06-18T20:37:53","slug":"capacitacion","status":"publish","type":"page","link":"https:\/\/nct-us.com\/es\/capacitacion\/","title":{"rendered":"Capacitaci\u00f3n"},"content":{"rendered":"<p>&nbsp;<\/p>\n<p>&nbsp;<\/p>\n<p>Ofrecemos formaci\u00f3n in situ de todos los sistemas y m\u00e1quinas que instalamos. Adem\u00e1s ofrecemos operador cutomized y capacitaci\u00f3n de t\u00e9cnicos para los robots ABB y sistemas de c\u00e1maras que estamos acostumbrados.<\/p>\n<p>&nbsp;<\/p>\n<p><b>ABB<\/b><\/p>\n<p>Ofrecemos capacitaci\u00f3n en las siguientes \u00e1reas: operaci\u00f3n Robot, recuperaci\u00f3n de fallos, cambios de programa y modificaciones del programa.<\/p>\n<p>&nbsp;<\/p>\n<p><b>Camera<\/b><\/p>\n<p>Tambi\u00e9n ofrecemos formaci\u00f3n para los siguientes sistemas de c\u00e1mara: COGNEX, DALSA, EASY PRO,<\/p>\n<p>Por favor contacto nosotros \u00a0<a href=\"mailto:travis.fissel@gmail.com\">here.<\/a>\u00a0para sus necesidades de formaci\u00f3n.<\/p>\n<p>&nbsp;<\/p>\n","protected":false},"excerpt":{"rendered":"<p>&nbsp; &nbsp; Ofrecemos formaci\u00f3n in situ de todos los sistemas y m\u00e1quinas que instalamos. Adem\u00e1s ofrecemos operador cutomized y capacitaci\u00f3n de t\u00e9cnicos para los robots ABB y sistemas de c\u00e1maras que estamos acostumbrados. &nbsp; ABB Ofrecemos capacitaci\u00f3n en las siguientes \u00e1reas: operaci\u00f3n Robot, recuperaci\u00f3n de fallos, cambios de programa y modificaciones del programa. &nbsp; Camera [&hellip;]<\/p>\n","protected":false},"author":3,"featured_media":0,"parent":0,"menu_order":0,"comment_status":"open","ping_status":"open","template":"","meta":{"ngg_post_thumbnail":0,"footnotes":""},"class_list":["post-2202","page","type-page","status-publish","hentry","entry"],"_links":{"self":[{"href":"https:\/\/nct-us.com\/es\/wp-json\/wp\/v2\/pages\/2202","targetHints":{"allow":["GET"]}}],"collection":[{"href":"https:\/\/nct-us.com\/es\/wp-json\/wp\/v2\/pages"}],"about":[{"href":"https:\/\/nct-us.com\/es\/wp-json\/wp\/v2\/types\/page"}],"author":[{"embeddable":true,"href":"https:\/\/nct-us.com\/es\/wp-json\/wp\/v2\/users\/3"}],"replies":[{"embeddable":true,"href":"https:\/\/nct-us.com\/es\/wp-json\/wp\/v2\/comments?post=2202"}],"version-history":[{"count":1,"href":"https:\/\/nct-us.com\/es\/wp-json\/wp\/v2\/pages\/2202\/revisions"}],"predecessor-version":[{"id":2203,"href":"https:\/\/nct-us.com\/es\/wp-json\/wp\/v2\/pages\/2202\/revisions\/2203"}],"wp:attachment":[{"href":"https:\/\/nct-us.com\/es\/wp-json\/wp\/v2\/media?parent=2202"}],"curies":[{"name":"wp","href":"https:\/\/api.w.org\/{rel}","templated":true}]}}