{"id":2196,"date":"2013-06-18T15:29:56","date_gmt":"2013-06-18T20:29:56","guid":{"rendered":"http:\/\/b0fcf05097.nxcli.io\/?page_id=2196"},"modified":"2013-06-18T15:29:56","modified_gmt":"2013-06-18T20:29:56","slug":"strama-4","status":"publish","type":"page","link":"https:\/\/nct-us.com\/es\/strama-4\/","title":{"rendered":"STRAMA"},"content":{"rendered":"<p><a href=\"http:\/\/www.strama-mps.de\/index.php?id=16&#038;L=1\"><img loading=\"lazy\" decoding=\"async\" src=\"https:\/\/nct-us.com\/wp-content\/uploads\/2012\/09\/logo_strama-300x195.jpg\" alt=\"logo_strama\" width=\"300\" height=\"195\" class=\"aligncenter size-medium wp-image-1662\" srcset=\"https:\/\/nct-us.com\/wp-content\/uploads\/2012\/09\/logo_strama-300x195.jpg 300w, https:\/\/nct-us.com\/wp-content\/uploads\/2012\/09\/logo_strama.jpg 800w\" sizes=\"auto, (max-width: 300px) 100vw, 300px\" \/><\/a><\/p>\n<p>La relaci\u00f3n comercial entre STRAMA-MPS y NCT ha existido por m\u00e1s de una d\u00e9cada y desde 2012 somos la representaci\u00f3n oficial de STRAMA-MPS en los Estados Unidos.<br \/>\nComo objetivo de m\u00e1quinas y automatizaci\u00f3n proveedor especial, STRAMA-MPS est\u00e1 profundamente relacionado con la industria automotriz.<br \/>\nPara los clientes de Estados Unidos nos ocupamos de las entregas de la m\u00e1quina y establecer, mantenimiento, garant\u00eda y servicio, as\u00ed como<br \/>\nnuevo dise\u00f1o y nueva herramienta de de los equipos STRAMA-MPS.<br \/>\nPara obtener m\u00e1s informaci\u00f3n acerca de STRAMA-MPS haz clic en el logo para ser re dirigido a su sitio web.<\/p>\n","protected":false},"excerpt":{"rendered":"<p>La relaci\u00f3n comercial entre STRAMA-MPS y NCT ha existido por m\u00e1s de una d\u00e9cada y desde 2012 somos la representaci\u00f3n oficial de STRAMA-MPS en los Estados Unidos. Como objetivo de m\u00e1quinas y automatizaci\u00f3n proveedor especial, STRAMA-MPS est\u00e1 profundamente relacionado con la industria automotriz. Para los clientes de Estados Unidos nos ocupamos de las entregas de [&hellip;]<\/p>\n","protected":false},"author":3,"featured_media":0,"parent":0,"menu_order":0,"comment_status":"open","ping_status":"open","template":"","meta":{"ngg_post_thumbnail":0,"footnotes":""},"class_list":["post-2196","page","type-page","status-publish","hentry","entry"],"_links":{"self":[{"href":"https:\/\/nct-us.com\/es\/wp-json\/wp\/v2\/pages\/2196","targetHints":{"allow":["GET"]}}],"collection":[{"href":"https:\/\/nct-us.com\/es\/wp-json\/wp\/v2\/pages"}],"about":[{"href":"https:\/\/nct-us.com\/es\/wp-json\/wp\/v2\/types\/page"}],"author":[{"embeddable":true,"href":"https:\/\/nct-us.com\/es\/wp-json\/wp\/v2\/users\/3"}],"replies":[{"embeddable":true,"href":"https:\/\/nct-us.com\/es\/wp-json\/wp\/v2\/comments?post=2196"}],"version-history":[{"count":1,"href":"https:\/\/nct-us.com\/es\/wp-json\/wp\/v2\/pages\/2196\/revisions"}],"predecessor-version":[{"id":2197,"href":"https:\/\/nct-us.com\/es\/wp-json\/wp\/v2\/pages\/2196\/revisions\/2197"}],"wp:attachment":[{"href":"https:\/\/nct-us.com\/es\/wp-json\/wp\/v2\/media?parent=2196"}],"curies":[{"name":"wp","href":"https:\/\/api.w.org\/{rel}","templated":true}]}}