{"id":2193,"date":"2013-06-18T14:40:02","date_gmt":"2013-06-18T19:40:02","guid":{"rendered":"http:\/\/b0fcf05097.nxcli.io\/?page_id=2193"},"modified":"2013-06-18T15:22:45","modified_gmt":"2013-06-18T20:22:45","slug":"rwt-4","status":"publish","type":"page","link":"https:\/\/nct-us.com\/es\/rwt-4\/","title":{"rendered":"RWT"},"content":{"rendered":"<p><a href=\"http:\/\/www.rollwalztechnik.de\/en\/\"><img loading=\"lazy\" decoding=\"async\" class=\"aligncenter size-medium wp-image-1104\" title=\"Rollwalztechnik\" alt=\"\" src=\"https:\/\/nct-us.com\/wp-content\/uploads\/2012\/04\/Rollwalztechnik-300x47.jpg\" width=\"300\" height=\"47\" srcset=\"https:\/\/nct-us.com\/wp-content\/uploads\/2012\/04\/Rollwalztechnik-300x47.jpg 300w, https:\/\/nct-us.com\/wp-content\/uploads\/2012\/04\/Rollwalztechnik.jpg 745w\" sizes=\"auto, (max-width: 300px) 100vw, 300px\" \/><\/a><\/p>\n<p>&nbsp;<\/p>\n<p>RWT es un fabricante con sede en el sur de Alemania del equipo de perfilado.<br \/>\nNCT representaci\u00f3n de RWT se inici\u00f3 en 2008. Hemos integrado m\u00faltiples m\u00e1quinas laminadoras de RWT en las l\u00edneas de montaje y, como m\u00e1quinas independientes.<br \/>\nAl lado de las ventas y establecer, proveemos repuestos, servicio y mantenimiento de m\u00e1quinas de RWT en los EE.UU.<br \/>\nPara obtener m\u00e1s informaci\u00f3n sobre el RWT, por favor haga clic en el logotipo en la parte superior de la p\u00e1gina. Usted ser\u00e1 dirigido a la p\u00e1gina web de RWT.<\/p>\n<p>&nbsp;<\/p>\n","protected":false},"excerpt":{"rendered":"<p>&nbsp; RWT es un fabricante con sede en el sur de Alemania del equipo de perfilado. NCT representaci\u00f3n de RWT se inici\u00f3 en 2008. Hemos integrado m\u00faltiples m\u00e1quinas laminadoras de RWT en las l\u00edneas de montaje y, como m\u00e1quinas independientes. Al lado de las ventas y establecer, proveemos repuestos, servicio y mantenimiento de m\u00e1quinas de [&hellip;]<\/p>\n","protected":false},"author":3,"featured_media":0,"parent":0,"menu_order":0,"comment_status":"open","ping_status":"open","template":"","meta":{"ngg_post_thumbnail":0,"footnotes":""},"class_list":["post-2193","page","type-page","status-publish","hentry","entry"],"_links":{"self":[{"href":"https:\/\/nct-us.com\/es\/wp-json\/wp\/v2\/pages\/2193","targetHints":{"allow":["GET"]}}],"collection":[{"href":"https:\/\/nct-us.com\/es\/wp-json\/wp\/v2\/pages"}],"about":[{"href":"https:\/\/nct-us.com\/es\/wp-json\/wp\/v2\/types\/page"}],"author":[{"embeddable":true,"href":"https:\/\/nct-us.com\/es\/wp-json\/wp\/v2\/users\/3"}],"replies":[{"embeddable":true,"href":"https:\/\/nct-us.com\/es\/wp-json\/wp\/v2\/comments?post=2193"}],"version-history":[{"count":2,"href":"https:\/\/nct-us.com\/es\/wp-json\/wp\/v2\/pages\/2193\/revisions"}],"predecessor-version":[{"id":2195,"href":"https:\/\/nct-us.com\/es\/wp-json\/wp\/v2\/pages\/2193\/revisions\/2195"}],"wp:attachment":[{"href":"https:\/\/nct-us.com\/es\/wp-json\/wp\/v2\/media?parent=2193"}],"curies":[{"name":"wp","href":"https:\/\/api.w.org\/{rel}","templated":true}]}}