{"id":2190,"date":"2013-06-17T14:00:29","date_gmt":"2013-06-17T19:00:29","guid":{"rendered":"http:\/\/b0fcf05097.nxcli.io\/?page_id=2190"},"modified":"2013-06-17T15:36:03","modified_gmt":"2013-06-17T20:36:03","slug":"stiwa-3","status":"publish","type":"page","link":"https:\/\/nct-us.com\/es\/stiwa-3\/","title":{"rendered":"STIWA"},"content":{"rendered":"<p><a href=\"http:\/\/www.stiwa.com\/en\/home\/\"><img loading=\"lazy\" decoding=\"async\" class=\"aligncenter size-full wp-image-951\" title=\"Stiwa\" alt=\"\" src=\"https:\/\/nct-us.com\/wp-content\/uploads\/2012\/08\/stiwa-group_logo.gif\" width=\"144\" height=\"58\" \/><\/a><\/p>\n<p>&nbsp;<\/p>\n<p>Hemos estado trabajando con STIWA desde 2006 en proyectos en los EE.UU. y M\u00e9xico. STIWA es un proveedor de automatizaci\u00f3n de alta velocidad para los productos de las industrias automotriz, Pharmaseutical y de consumo. Nosotros nos encargamos de todos los aspectos de un reopresntation para STIWA.<\/p>\n<p>&nbsp;<\/p>\n<p>En los EE.UU. STIWA actualmente sirve a la industria automotriz y farmac\u00e9utica, en M\u00e9xico, es la industria de explosivos para la miner\u00eda. Todas estas \u00e1reas requieren habilidades por encima de la media y una intensa atenci\u00f3n a los detalles, que NCT es capaz de proporcionar.<\/p>\n<p>&nbsp;<\/p>\n<p>Para obtener m\u00e1s informaci\u00f3n acerca de STIWA por favor haga clic en el logotipo en la parte superior de la p\u00e1gina. Usted ser\u00e1 dirigido a la p\u00e1gina web de STWA.<\/p>\n","protected":false},"excerpt":{"rendered":"<p>&nbsp; Hemos estado trabajando con STIWA desde 2006 en proyectos en los EE.UU. y M\u00e9xico. STIWA es un proveedor de automatizaci\u00f3n de alta velocidad para los productos de las industrias automotriz, Pharmaseutical y de consumo. Nosotros nos encargamos de todos los aspectos de un reopresntation para STIWA. &nbsp; En los EE.UU. STIWA actualmente sirve a [&hellip;]<\/p>\n","protected":false},"author":3,"featured_media":0,"parent":0,"menu_order":0,"comment_status":"open","ping_status":"open","template":"","meta":{"ngg_post_thumbnail":0,"footnotes":""},"class_list":["post-2190","page","type-page","status-publish","hentry","entry"],"_links":{"self":[{"href":"https:\/\/nct-us.com\/es\/wp-json\/wp\/v2\/pages\/2190","targetHints":{"allow":["GET"]}}],"collection":[{"href":"https:\/\/nct-us.com\/es\/wp-json\/wp\/v2\/pages"}],"about":[{"href":"https:\/\/nct-us.com\/es\/wp-json\/wp\/v2\/types\/page"}],"author":[{"embeddable":true,"href":"https:\/\/nct-us.com\/es\/wp-json\/wp\/v2\/users\/3"}],"replies":[{"embeddable":true,"href":"https:\/\/nct-us.com\/es\/wp-json\/wp\/v2\/comments?post=2190"}],"version-history":[{"count":2,"href":"https:\/\/nct-us.com\/es\/wp-json\/wp\/v2\/pages\/2190\/revisions"}],"predecessor-version":[{"id":2192,"href":"https:\/\/nct-us.com\/es\/wp-json\/wp\/v2\/pages\/2190\/revisions\/2192"}],"wp:attachment":[{"href":"https:\/\/nct-us.com\/es\/wp-json\/wp\/v2\/media?parent=2190"}],"curies":[{"name":"wp","href":"https:\/\/api.w.org\/{rel}","templated":true}]}}