{"id":2188,"date":"2013-06-17T13:56:24","date_gmt":"2013-06-17T18:56:24","guid":{"rendered":"http:\/\/b0fcf05097.nxcli.io\/?page_id=2188"},"modified":"2013-06-17T13:56:24","modified_gmt":"2013-06-17T18:56:24","slug":"mbb-2","status":"publish","type":"page","link":"https:\/\/nct-us.com\/es\/mbb-2\/","title":{"rendered":"MBB"},"content":{"rendered":"<p><a href=\"http:\/\/www.mbb-fertigungstechnik.com\/ft\/en\/start.html\"><img loading=\"lazy\" decoding=\"async\" class=\"aligncenter size-full wp-image-962\" title=\"MBB\" alt=\"\" src=\"https:\/\/nct-us.com\/wp-content\/uploads\/2012\/08\/MBB.png\" width=\"200\" height=\"60\" \/><\/a><\/p>\n<p>&nbsp;<\/p>\n<p>El ex constructor de los aviones de combate Messerschmitt legendarias, alem\u00e1n basado MBB hoy es un proveedor de sistemas para la industria automotriz y aeroespacial. Nuestra relaci\u00f3n con MBB ha existido desde la creaci\u00f3n del GNC en 2002. Nosotros nos encargamos de todos los aspectos de una representaci\u00f3n como la venta, contacto con el cliente, el env\u00edo y el despacho de aduanas, el equipo cre\u00f3, corriendo, garant\u00eda, mantenimiento y actualizaciones.<\/p>\n<p>&nbsp;<\/p>\n<p>La mayor parte del trabajo que hemos realizado con MBB ha sido automotriz y aeroespacial. MBB y NCT trabajaron juntos para crear las plantillas para el nuevo 787 Dreamliner de Boeing.<\/p>\n<p>&nbsp;<\/p>\n<p>Actualmente estamos trabajando activamente con MBB en el campo de la automoci\u00f3n. Desde el comienzo de la relaci\u00f3n con MBB hemos instalado m\u00e1s de dos docenas de sistemas de producci\u00f3n \/ montaje totalmente automatizada en el us.For m\u00e1s informaci\u00f3n acerca de MBB, por favor haga clic en el logotipo de MBB en la parte superior de esta p\u00e1gina. Usted ser\u00e1 dirigido a la p\u00e1gina web de MBB.<\/p>\n","protected":false},"excerpt":{"rendered":"<p>&nbsp; El ex constructor de los aviones de combate Messerschmitt legendarias, alem\u00e1n basado MBB hoy es un proveedor de sistemas para la industria automotriz y aeroespacial. Nuestra relaci\u00f3n con MBB ha existido desde la creaci\u00f3n del GNC en 2002. Nosotros nos encargamos de todos los aspectos de una representaci\u00f3n como la venta, contacto con el [&hellip;]<\/p>\n","protected":false},"author":3,"featured_media":0,"parent":0,"menu_order":0,"comment_status":"open","ping_status":"open","template":"","meta":{"ngg_post_thumbnail":0,"footnotes":""},"class_list":["post-2188","page","type-page","status-publish","hentry","entry"],"_links":{"self":[{"href":"https:\/\/nct-us.com\/es\/wp-json\/wp\/v2\/pages\/2188","targetHints":{"allow":["GET"]}}],"collection":[{"href":"https:\/\/nct-us.com\/es\/wp-json\/wp\/v2\/pages"}],"about":[{"href":"https:\/\/nct-us.com\/es\/wp-json\/wp\/v2\/types\/page"}],"author":[{"embeddable":true,"href":"https:\/\/nct-us.com\/es\/wp-json\/wp\/v2\/users\/3"}],"replies":[{"embeddable":true,"href":"https:\/\/nct-us.com\/es\/wp-json\/wp\/v2\/comments?post=2188"}],"version-history":[{"count":1,"href":"https:\/\/nct-us.com\/es\/wp-json\/wp\/v2\/pages\/2188\/revisions"}],"predecessor-version":[{"id":2189,"href":"https:\/\/nct-us.com\/es\/wp-json\/wp\/v2\/pages\/2188\/revisions\/2189"}],"wp:attachment":[{"href":"https:\/\/nct-us.com\/es\/wp-json\/wp\/v2\/media?parent=2188"}],"curies":[{"name":"wp","href":"https:\/\/api.w.org\/{rel}","templated":true}]}}