{"id":2185,"date":"2013-06-17T10:29:40","date_gmt":"2013-06-17T15:29:40","guid":{"rendered":"http:\/\/b0fcf05097.nxcli.io\/?page_id=2185"},"modified":"2013-06-17T10:56:39","modified_gmt":"2013-06-17T15:56:39","slug":"representamos","status":"publish","type":"page","link":"https:\/\/nct-us.com\/es\/representamos\/","title":{"rendered":"Representamos"},"content":{"rendered":"<p>A menudo, cuando se trabaja con una empresa que se nos pide para representar sus intereses en diferentes grados de servicio. Este es un acuerdo que nos tomamos muy en serio y nos esforzamos por incluir los valores de dicha sociedad, as\u00ed como la nuestra, en cada sitio de trabajo. C\u00f3mo nos representamos a estas empresas es de suma importancia para nosotros en nuestra lucha por el respeto mutuo y la confianza con todos los que trabajamos. Debido a esto la profesionalidad que mantenemos una relaci\u00f3n abierta y fuerte, con todas estas empresas.<\/p>\n<p>Actualmente representamos 4 empresas que tienen m\u00e1quinas o l\u00edneas de montaje de todo el pa\u00eds.<\/p>\n<p>      <a href=\"http:\/\/www.mbb-fertigungstechnik.com\/ft\/en\/start.html\"> <b> Messerschmitt-B\u00f6lkow-Blohm (MBB) <\/b> <\/a><\/p>\n<p>Nuestra relaci\u00f3n con MBB ha existido desde la creaci\u00f3n de NCT. Como representante de nuestra tarea principal es la de reparar y mantener las m\u00e1quinas y l\u00edneas que todav\u00eda est\u00e1n bajo garant\u00eda. Normalmente, este es un equipo que NCT realidad ha reunido y creado a s\u00ed mismo. Al igual que con las otras empresas que representamos trabajamos con autonom\u00eda y somos libres para redise\u00f1ar partes problem\u00e1ticas.<\/p>\n<p>La mayor parte del trabajo que hemos realizado con MBB ha sido automotriz y aeroespacial. MBB y NCT \u200b\u200btrabajaron juntos para crear las plantillas para el nuevo 787 Dreamliner de Boeing.<\/p>\n<p>      <a href=\"http:\/\/www.stiwa.com\/en\/home\/ \"> <b> STIWA <\/b> <\/a><\/p>\n<p>Hemos estado trabajando con STIWA desde 2006. Mientras que la mayor\u00eda de nuestros proyectos se han situado en Indiana, tambi\u00e9n hemos realizado un trabajo en Austria, M\u00e9xico y los Estados Unidos. El trabajo que hacemos para STIWA consits de las principales construcciones de la m\u00e1quina, realizar el servicio y el mantenimiento, el trabajo de garant\u00eda y reconstruye la m\u00e1quina.<\/p>\n<p>      <a href=\"http:\/\/www.rollwalztechnik.de\/en\/homepage.html\"> <b> Rollwalztechnik (TAR) <\/b> <\/a><\/p>\n<p>NCT representaci\u00f3n del TAR se inici\u00f3 en 2008. Hemos integrado m\u00faltiples m\u00e1quinas laminadoras de TAR en l\u00edneas de montaje en los EE.UU. Tambi\u00e9n vendemos las herramientas de embutici\u00f3n, que se pueden utilizar en casi cualquier marca de equipo de perfilado.<\/p>\n<p>      <a href=\"http:\/\/http:\/\/www.strama-mps.de\/en\/homepage.html\"> <b> Strama MPS <\/b> <\/a><\/p>\n<p>NCT recientemente comenz\u00f3 representando MPS Strama en Am\u00e9rica del Norte. Hemos creado, mantener y justificar sus m\u00e1quinas en todo el pa\u00eds. Tambi\u00e9n hacemos reconstrucciones de m\u00e1quinas y mejoras de las m\u00e1quinas Strama mayores.<\/p>\n","protected":false},"excerpt":{"rendered":"<p>A menudo, cuando se trabaja con una empresa que se nos pide para representar sus intereses en diferentes grados de servicio. Este es un acuerdo que nos tomamos muy en serio y nos esforzamos por incluir los valores de dicha sociedad, as\u00ed como la nuestra, en cada sitio de trabajo. C\u00f3mo nos representamos a estas [&hellip;]<\/p>\n","protected":false},"author":3,"featured_media":0,"parent":0,"menu_order":0,"comment_status":"open","ping_status":"open","template":"","meta":{"ngg_post_thumbnail":0,"footnotes":""},"class_list":["post-2185","page","type-page","status-publish","hentry","entry"],"_links":{"self":[{"href":"https:\/\/nct-us.com\/es\/wp-json\/wp\/v2\/pages\/2185","targetHints":{"allow":["GET"]}}],"collection":[{"href":"https:\/\/nct-us.com\/es\/wp-json\/wp\/v2\/pages"}],"about":[{"href":"https:\/\/nct-us.com\/es\/wp-json\/wp\/v2\/types\/page"}],"author":[{"embeddable":true,"href":"https:\/\/nct-us.com\/es\/wp-json\/wp\/v2\/users\/3"}],"replies":[{"embeddable":true,"href":"https:\/\/nct-us.com\/es\/wp-json\/wp\/v2\/comments?post=2185"}],"version-history":[{"count":2,"href":"https:\/\/nct-us.com\/es\/wp-json\/wp\/v2\/pages\/2185\/revisions"}],"predecessor-version":[{"id":2187,"href":"https:\/\/nct-us.com\/es\/wp-json\/wp\/v2\/pages\/2185\/revisions\/2187"}],"wp:attachment":[{"href":"https:\/\/nct-us.com\/es\/wp-json\/wp\/v2\/media?parent=2185"}],"curies":[{"name":"wp","href":"https:\/\/api.w.org\/{rel}","templated":true}]}}