{"id":2184,"date":"2013-06-17T10:26:17","date_gmt":"2013-06-17T15:26:17","guid":{"rendered":"http:\/\/b0fcf05097.nxcli.io\/?page_id=2184"},"modified":"2013-06-17T10:26:17","modified_gmt":"2013-06-17T15:26:17","slug":"procesamiento-de-alimentos","status":"publish","type":"page","link":"https:\/\/nct-us.com\/es\/procesamiento-de-alimentos\/","title":{"rendered":"Procesamiento de Alimentos"},"content":{"rendered":"<p>El procesamiento de alimentos es el m\u00e1s reciente de la industria para que sirvamos. Tenemos experiencia en la reparaci\u00f3n y mejora de la masa de procesamiento y m\u00e1quinas, as\u00ed como paquetes de sistemas de transporte de mercanc\u00edas de embalaje. Somos un proveedor autorizado de uno de los principales alimentos de los Estados Unidos y los productores de bebidas.<\/p>\n","protected":false},"excerpt":{"rendered":"<p>El procesamiento de alimentos es el m\u00e1s reciente de la industria para que sirvamos. Tenemos experiencia en la reparaci\u00f3n y mejora de la masa de procesamiento y m\u00e1quinas, as\u00ed como paquetes de sistemas de transporte de mercanc\u00edas de embalaje. Somos un proveedor autorizado de uno de los principales alimentos de los Estados Unidos y los [&hellip;]<\/p>\n","protected":false},"author":3,"featured_media":0,"parent":0,"menu_order":0,"comment_status":"open","ping_status":"open","template":"","meta":{"ngg_post_thumbnail":0,"footnotes":""},"class_list":["post-2184","page","type-page","status-publish","hentry","entry"],"_links":{"self":[{"href":"https:\/\/nct-us.com\/es\/wp-json\/wp\/v2\/pages\/2184","targetHints":{"allow":["GET"]}}],"collection":[{"href":"https:\/\/nct-us.com\/es\/wp-json\/wp\/v2\/pages"}],"about":[{"href":"https:\/\/nct-us.com\/es\/wp-json\/wp\/v2\/types\/page"}],"author":[{"embeddable":true,"href":"https:\/\/nct-us.com\/es\/wp-json\/wp\/v2\/users\/3"}],"replies":[{"embeddable":true,"href":"https:\/\/nct-us.com\/es\/wp-json\/wp\/v2\/comments?post=2184"}],"version-history":[{"count":0,"href":"https:\/\/nct-us.com\/es\/wp-json\/wp\/v2\/pages\/2184\/revisions"}],"wp:attachment":[{"href":"https:\/\/nct-us.com\/es\/wp-json\/wp\/v2\/media?parent=2184"}],"curies":[{"name":"wp","href":"https:\/\/api.w.org\/{rel}","templated":true}]}}