{"id":2181,"date":"2013-06-17T10:17:08","date_gmt":"2013-06-17T15:17:08","guid":{"rendered":"http:\/\/b0fcf05097.nxcli.io\/?page_id=2181"},"modified":"2013-06-17T10:17:08","modified_gmt":"2013-06-17T15:17:08","slug":"set-up-and-run-off-2","status":"publish","type":"page","link":"https:\/\/nct-us.com\/es\/set-up-and-run-off-2\/","title":{"rendered":"Set-Up and Run Off"},"content":{"rendered":"<p>&nbsp;<\/p>\n<p>NCT ha realizado la instalaci\u00f3n y escorrent\u00edas en muchos tipos diferentes de equipos de fabricaci\u00f3n.<br \/>\nIncluso con algo m\u00e1s que nuestros propios dise\u00f1os de m\u00e1quinas a menudo estamos contratados por el cliente o el OEM para llevar a cabo la puesta en marcha y salir corriendo parte de un proyecto. Tambi\u00e9n ayudamos a los dem\u00e1s fabricantes de equipos originales en el proceso de instalaci\u00f3n y ofrecen una gran cantidad de experiencia a nuestros clientes.<\/p>\n<p>&nbsp;<\/p>\n<p>Si desea obtener m\u00e1s informaci\u00f3n acerca de nuestros servicios, por favor <a href=\"mailto:contact@nct-inc.com\"> contacto nosotros <\/a>.<\/p>\n","protected":false},"excerpt":{"rendered":"<p>&nbsp; NCT ha realizado la instalaci\u00f3n y escorrent\u00edas en muchos tipos diferentes de equipos de fabricaci\u00f3n. Incluso con algo m\u00e1s que nuestros propios dise\u00f1os de m\u00e1quinas a menudo estamos contratados por el cliente o el OEM para llevar a cabo la puesta en marcha y salir corriendo parte de un proyecto. Tambi\u00e9n ayudamos a los [&hellip;]<\/p>\n","protected":false},"author":3,"featured_media":0,"parent":0,"menu_order":0,"comment_status":"open","ping_status":"open","template":"","meta":{"ngg_post_thumbnail":0,"footnotes":""},"class_list":["post-2181","page","type-page","status-publish","hentry","entry"],"_links":{"self":[{"href":"https:\/\/nct-us.com\/es\/wp-json\/wp\/v2\/pages\/2181","targetHints":{"allow":["GET"]}}],"collection":[{"href":"https:\/\/nct-us.com\/es\/wp-json\/wp\/v2\/pages"}],"about":[{"href":"https:\/\/nct-us.com\/es\/wp-json\/wp\/v2\/types\/page"}],"author":[{"embeddable":true,"href":"https:\/\/nct-us.com\/es\/wp-json\/wp\/v2\/users\/3"}],"replies":[{"embeddable":true,"href":"https:\/\/nct-us.com\/es\/wp-json\/wp\/v2\/comments?post=2181"}],"version-history":[{"count":1,"href":"https:\/\/nct-us.com\/es\/wp-json\/wp\/v2\/pages\/2181\/revisions"}],"predecessor-version":[{"id":2182,"href":"https:\/\/nct-us.com\/es\/wp-json\/wp\/v2\/pages\/2181\/revisions\/2182"}],"wp:attachment":[{"href":"https:\/\/nct-us.com\/es\/wp-json\/wp\/v2\/media?parent=2181"}],"curies":[{"name":"wp","href":"https:\/\/api.w.org\/{rel}","templated":true}]}}