{"id":2176,"date":"2013-06-17T09:59:42","date_gmt":"2013-06-17T14:59:42","guid":{"rendered":"http:\/\/b0fcf05097.nxcli.io\/?page_id=2176"},"modified":"2013-06-17T10:04:46","modified_gmt":"2013-06-17T15:04:46","slug":"2176-2","status":"publish","type":"page","link":"https:\/\/nct-us.com\/es\/2176-2\/","title":{"rendered":"Ingenier\u00eda"},"content":{"rendered":"<p>&nbsp;<\/p>\n<p>NCT es principalmente una empresa de ingenier\u00eda que dise\u00f1a y construye equipos automatizados. Manejamos todos los aspectos de este proceso como gestores de proyectos, ingenieros de dise\u00f1o e ingenieros de proceso. Hemos construido y creado una gran variedad de m\u00e1quinas. Vea algunos de ellos en nuestra <a href=\"https:\/\/nct-us.com\/de\/completed-projects\/\"> <b> realizado proyectos <\/b> <\/a> secci\u00f3n.<\/p>\n<p><img loading=\"lazy\" decoding=\"async\" class=\"aligncenter size-medium wp-image-1281\" title=\"Engineering\" alt=\"\" src=\"https:\/\/nct-us.com\/wp-content\/uploads\/2012\/08\/Cap_Weld_P2-278x300.jpg\" width=\"278\" height=\"300\" srcset=\"https:\/\/nct-us.com\/wp-content\/uploads\/2012\/08\/Cap_Weld_P2-278x300.jpg 278w, https:\/\/nct-us.com\/wp-content\/uploads\/2012\/08\/Cap_Weld_P2.jpg 699w\" sizes=\"auto, (max-width: 278px) 100vw, 278px\" \/><\/p>\n<p>Si usted tiene preguntas acerca de nuestra experiencia, los tipos de m\u00e1quinas que han dise\u00f1ado e instalado, o si tiene una aplicaci\u00f3n espec\u00edfica que le gustar\u00eda discutir, por favor <a href=\"mailto:christ@nct-inc.com\"> contacto nosotros <\/a>. Estaremos encantados de responder a cualquier pregunta.<\/p>\n","protected":false},"excerpt":{"rendered":"<p>&nbsp; NCT es principalmente una empresa de ingenier\u00eda que dise\u00f1a y construye equipos automatizados. Manejamos todos los aspectos de este proceso como gestores de proyectos, ingenieros de dise\u00f1o e ingenieros de proceso. Hemos construido y creado una gran variedad de m\u00e1quinas. Vea algunos de ellos en nuestra realizado proyectos secci\u00f3n. Si usted tiene preguntas acerca [&hellip;]<\/p>\n","protected":false},"author":3,"featured_media":0,"parent":0,"menu_order":1,"comment_status":"open","ping_status":"open","template":"","meta":{"ngg_post_thumbnail":0,"footnotes":""},"class_list":["post-2176","page","type-page","status-publish","hentry","entry"],"_links":{"self":[{"href":"https:\/\/nct-us.com\/es\/wp-json\/wp\/v2\/pages\/2176","targetHints":{"allow":["GET"]}}],"collection":[{"href":"https:\/\/nct-us.com\/es\/wp-json\/wp\/v2\/pages"}],"about":[{"href":"https:\/\/nct-us.com\/es\/wp-json\/wp\/v2\/types\/page"}],"author":[{"embeddable":true,"href":"https:\/\/nct-us.com\/es\/wp-json\/wp\/v2\/users\/3"}],"replies":[{"embeddable":true,"href":"https:\/\/nct-us.com\/es\/wp-json\/wp\/v2\/comments?post=2176"}],"version-history":[{"count":3,"href":"https:\/\/nct-us.com\/es\/wp-json\/wp\/v2\/pages\/2176\/revisions"}],"predecessor-version":[{"id":2179,"href":"https:\/\/nct-us.com\/es\/wp-json\/wp\/v2\/pages\/2176\/revisions\/2179"}],"wp:attachment":[{"href":"https:\/\/nct-us.com\/es\/wp-json\/wp\/v2\/media?parent=2176"}],"curies":[{"name":"wp","href":"https:\/\/api.w.org\/{rel}","templated":true}]}}