{"id":2172,"date":"2013-06-17T09:54:24","date_gmt":"2013-06-17T14:54:24","guid":{"rendered":"http:\/\/b0fcf05097.nxcli.io\/?page_id=2172"},"modified":"2013-06-17T09:54:24","modified_gmt":"2013-06-17T14:54:24","slug":"diseno","status":"publish","type":"page","link":"https:\/\/nct-us.com\/es\/diseno\/","title":{"rendered":"Dise\u00f1o"},"content":{"rendered":"<p>Nuestros dise\u00f1os se basan en los siguientes factores:<\/p>\n<p>&#8211; funcional<br \/>\n&#8211; FMEA base<br \/>\n&#8211; Simple y seguro<br \/>\n&#8211; Econ\u00f3mico<br \/>\n&#8211; El servicio y el acceso amigable<\/p>\n<p>Todos nuestros dise\u00f1os se crean en el estado de los equipos CAD art.<br \/>\nSistema predeterminado de NCT es AUTODESK INVENTOR.<br \/>\nLos datos creados por este sistema pueden ser transferidos a los sistemas CAD m\u00e1s com\u00fanmente utilizados.<\/p>\n","protected":false},"excerpt":{"rendered":"<p>Nuestros dise\u00f1os se basan en los siguientes factores: &#8211; funcional &#8211; FMEA base &#8211; Simple y seguro &#8211; Econ\u00f3mico &#8211; El servicio y el acceso amigable Todos nuestros dise\u00f1os se crean en el estado de los equipos CAD art. Sistema predeterminado de NCT es AUTODESK INVENTOR. Los datos creados por este sistema pueden ser transferidos [&hellip;]<\/p>\n","protected":false},"author":3,"featured_media":0,"parent":0,"menu_order":0,"comment_status":"open","ping_status":"open","template":"","meta":{"ngg_post_thumbnail":0,"footnotes":""},"class_list":["post-2172","page","type-page","status-publish","hentry","entry"],"_links":{"self":[{"href":"https:\/\/nct-us.com\/es\/wp-json\/wp\/v2\/pages\/2172","targetHints":{"allow":["GET"]}}],"collection":[{"href":"https:\/\/nct-us.com\/es\/wp-json\/wp\/v2\/pages"}],"about":[{"href":"https:\/\/nct-us.com\/es\/wp-json\/wp\/v2\/types\/page"}],"author":[{"embeddable":true,"href":"https:\/\/nct-us.com\/es\/wp-json\/wp\/v2\/users\/3"}],"replies":[{"embeddable":true,"href":"https:\/\/nct-us.com\/es\/wp-json\/wp\/v2\/comments?post=2172"}],"version-history":[{"count":1,"href":"https:\/\/nct-us.com\/es\/wp-json\/wp\/v2\/pages\/2172\/revisions"}],"predecessor-version":[{"id":2174,"href":"https:\/\/nct-us.com\/es\/wp-json\/wp\/v2\/pages\/2172\/revisions\/2174"}],"wp:attachment":[{"href":"https:\/\/nct-us.com\/es\/wp-json\/wp\/v2\/media?parent=2172"}],"curies":[{"name":"wp","href":"https:\/\/api.w.org\/{rel}","templated":true}]}}