{"id":2170,"date":"2013-06-17T09:52:55","date_gmt":"2013-06-17T14:52:55","guid":{"rendered":"http:\/\/b0fcf05097.nxcli.io\/?page_id=2170"},"modified":"2013-06-17T09:52:55","modified_gmt":"2013-06-17T14:52:55","slug":"automotor","status":"publish","type":"page","link":"https:\/\/nct-us.com\/es\/automotor\/","title":{"rendered":"Automotor"},"content":{"rendered":"<p>NCT tiene su inicio en la industria automotriz y seguimos teniendo una fuerte presencia en esta zona. Las demandas de producci\u00f3n para la industria del autom\u00f3vil requieren un alto rendimiento de la precisi\u00f3n y calidad de las piezas. Estamos en condiciones de cumplir estos requisitos con nuestros propios dise\u00f1os y la de sus empresas colaboradoras.<\/p>\n<p>&nbsp;<\/p>\n<p>NCT puede dise\u00f1ar y construir casi cualquier tama\u00f1o de equipos llave en mano. Los proyectos m\u00e1s peque\u00f1os se llevan a cabo en nuestras instalaciones de Illinois Danville, grandes en el estado de las instalaciones de \u00faltima generaci\u00f3n en nuestras empresas colaboradoras.<\/p>\n","protected":false},"excerpt":{"rendered":"<p>NCT tiene su inicio en la industria automotriz y seguimos teniendo una fuerte presencia en esta zona. Las demandas de producci\u00f3n para la industria del autom\u00f3vil requieren un alto rendimiento de la precisi\u00f3n y calidad de las piezas. Estamos en condiciones de cumplir estos requisitos con nuestros propios dise\u00f1os y la de sus empresas colaboradoras. [&hellip;]<\/p>\n","protected":false},"author":3,"featured_media":0,"parent":0,"menu_order":0,"comment_status":"open","ping_status":"open","template":"","meta":{"ngg_post_thumbnail":0,"footnotes":""},"class_list":["post-2170","page","type-page","status-publish","hentry","entry"],"_links":{"self":[{"href":"https:\/\/nct-us.com\/es\/wp-json\/wp\/v2\/pages\/2170","targetHints":{"allow":["GET"]}}],"collection":[{"href":"https:\/\/nct-us.com\/es\/wp-json\/wp\/v2\/pages"}],"about":[{"href":"https:\/\/nct-us.com\/es\/wp-json\/wp\/v2\/types\/page"}],"author":[{"embeddable":true,"href":"https:\/\/nct-us.com\/es\/wp-json\/wp\/v2\/users\/3"}],"replies":[{"embeddable":true,"href":"https:\/\/nct-us.com\/es\/wp-json\/wp\/v2\/comments?post=2170"}],"version-history":[{"count":1,"href":"https:\/\/nct-us.com\/es\/wp-json\/wp\/v2\/pages\/2170\/revisions"}],"predecessor-version":[{"id":2173,"href":"https:\/\/nct-us.com\/es\/wp-json\/wp\/v2\/pages\/2170\/revisions\/2173"}],"wp:attachment":[{"href":"https:\/\/nct-us.com\/es\/wp-json\/wp\/v2\/media?parent=2170"}],"curies":[{"name":"wp","href":"https:\/\/api.w.org\/{rel}","templated":true}]}}