{"id":2166,"date":"2013-06-17T09:45:11","date_gmt":"2013-06-17T14:45:11","guid":{"rendered":"http:\/\/b0fcf05097.nxcli.io\/?page_id=2166"},"modified":"2013-06-17T09:45:11","modified_gmt":"2013-06-17T14:45:11","slug":"industrias","status":"publish","type":"page","link":"https:\/\/nct-us.com\/es\/industrias\/","title":{"rendered":"Industrias"},"content":{"rendered":"<p>NCT tiene experiencia en las siguientes industrias:<\/p>\n<p><a href=\"https:\/\/nct-us.com\/aerospace\"> <b> Aeroespacial <\/b> <\/a><\/p>\n<p>En la industria aeroespacial que tenemos experiencia en el trabajo en los aviones, la creaci\u00f3n de plantillas para el transporte por avi\u00f3n y el dise\u00f1o y la construcci\u00f3n de m\u00e1quinas de componentes de aeronaves.<\/p>\n<p><a href=\"https:\/\/nct-us.com\/?page_id=608\"> <b> Automotive <\/b> <\/a><\/p>\n<p>Para la industria automotriz que construimos y creamos l\u00edneas de montaje con nuestros socios, dise\u00f1ar y desarrollar nuestras propias m\u00e1quinas, y hacemos el mantenimiento, reparaci\u00f3n y reconstrucci\u00f3n en casi cualquier tipe de m\u00e1quinas y equipos.<\/p>\n","protected":false},"excerpt":{"rendered":"<p>NCT tiene experiencia en las siguientes industrias: Aeroespacial En la industria aeroespacial que tenemos experiencia en el trabajo en los aviones, la creaci\u00f3n de plantillas para el transporte por avi\u00f3n y el dise\u00f1o y la construcci\u00f3n de m\u00e1quinas de componentes de aeronaves. Automotive Para la industria automotriz que construimos y creamos l\u00edneas de montaje con [&hellip;]<\/p>\n","protected":false},"author":3,"featured_media":0,"parent":0,"menu_order":0,"comment_status":"open","ping_status":"open","template":"","meta":{"ngg_post_thumbnail":0,"footnotes":""},"class_list":["post-2166","page","type-page","status-publish","hentry","entry"],"_links":{"self":[{"href":"https:\/\/nct-us.com\/es\/wp-json\/wp\/v2\/pages\/2166","targetHints":{"allow":["GET"]}}],"collection":[{"href":"https:\/\/nct-us.com\/es\/wp-json\/wp\/v2\/pages"}],"about":[{"href":"https:\/\/nct-us.com\/es\/wp-json\/wp\/v2\/types\/page"}],"author":[{"embeddable":true,"href":"https:\/\/nct-us.com\/es\/wp-json\/wp\/v2\/users\/3"}],"replies":[{"embeddable":true,"href":"https:\/\/nct-us.com\/es\/wp-json\/wp\/v2\/comments?post=2166"}],"version-history":[{"count":1,"href":"https:\/\/nct-us.com\/es\/wp-json\/wp\/v2\/pages\/2166\/revisions"}],"predecessor-version":[{"id":2167,"href":"https:\/\/nct-us.com\/es\/wp-json\/wp\/v2\/pages\/2166\/revisions\/2167"}],"wp:attachment":[{"href":"https:\/\/nct-us.com\/es\/wp-json\/wp\/v2\/media?parent=2166"}],"curies":[{"name":"wp","href":"https:\/\/api.w.org\/{rel}","templated":true}]}}