{"id":2162,"date":"2013-06-17T09:20:11","date_gmt":"2013-06-17T14:20:11","guid":{"rendered":"http:\/\/b0fcf05097.nxcli.io\/?page_id=2162"},"modified":"2013-06-17T09:20:41","modified_gmt":"2013-06-17T14:20:41","slug":"perfiles-de-los-empleados","status":"publish","type":"page","link":"https:\/\/nct-us.com\/es\/perfiles-de-los-empleados\/","title":{"rendered":"Perfiles de los Empleados"},"content":{"rendered":"<dt> Norbert Christ &#8211; El Presidente <\/dt>\n<dd> Proyecto \/ Proceso Ingenier\u00eda <\/dd>\n<dd> Ingenier\u00eda Mec\u00e1nica <\/dd>\n<dd> Dise\u00f1o Mec\u00e1nico <\/dd>\n<dd> Consultor de Ingenier\u00eda  <\/dd>\n<p><\/p>\n<dt> Travis Fissel &#8211; Service Engineer <\/dt>\n<dd> Rob\u00f3tica <\/dd>\n<dd> Laser Systems <\/dd>\n<dd> Vision Systems <\/dd>\n<dd> Sistemas mec\u00e1nicos <\/dd>\n<p><\/p>\n<dt> Chad Green &#8211; Service Engineer <\/dt>\n<dd> Maquinista <\/dd>\n<dd> Sistemas mec\u00e1nicos <\/dd>\n<p><\/p>\n<dt> Mike Hatch &#8211; Ingeniero de Servicio <\/dt>\n<dd> Maquinista <\/dd>\n<dd> Sistemas mec\u00e1nicos <\/dd>\n<p><\/p>\n<dt> Ryan Smalley &#8211; mec\u00e1nico <\/dt>\n<dd> Sistemas mec\u00e1nicos <\/dd>\n<p><\/p>\n<dt> Jason Story &#8211; Service Engineer <\/dt>\n<dd>sistemas hidr\u00e1ulicos \/ neum\u00e1ticos  <\/dd>\n<dd>Los sistemas mec\u00e1nicos  <\/dd>\n<dd> programaci\u00f3n \/ mecanizado CNC <\/dd>\n<dd> Rob\u00f3tica <\/dd>\n<p><\/p>\n<dt> Wolfgang Uhl &#8211; Enlace del cliente <\/dt>\n<dd>Consultor de Ingenier\u00eda  <\/dd>\n<dd> Atenci\u00f3n al Cliente <\/dd>\n","protected":false},"excerpt":{"rendered":"<p>Norbert Christ &#8211; El Presidente Proyecto \/ Proceso Ingenier\u00eda Ingenier\u00eda Mec\u00e1nica Dise\u00f1o Mec\u00e1nico Consultor de Ingenier\u00eda Travis Fissel &#8211; Service Engineer Rob\u00f3tica Laser Systems Vision Systems Sistemas mec\u00e1nicos Chad Green &#8211; Service Engineer Maquinista Sistemas mec\u00e1nicos Mike Hatch &#8211; Ingeniero de Servicio Maquinista Sistemas mec\u00e1nicos Ryan Smalley &#8211; mec\u00e1nico Sistemas mec\u00e1nicos Jason Story &#8211; Service [&hellip;]<\/p>\n","protected":false},"author":3,"featured_media":0,"parent":0,"menu_order":0,"comment_status":"open","ping_status":"open","template":"","meta":{"ngg_post_thumbnail":0,"footnotes":""},"class_list":["post-2162","page","type-page","status-publish","hentry","entry"],"_links":{"self":[{"href":"https:\/\/nct-us.com\/es\/wp-json\/wp\/v2\/pages\/2162","targetHints":{"allow":["GET"]}}],"collection":[{"href":"https:\/\/nct-us.com\/es\/wp-json\/wp\/v2\/pages"}],"about":[{"href":"https:\/\/nct-us.com\/es\/wp-json\/wp\/v2\/types\/page"}],"author":[{"embeddable":true,"href":"https:\/\/nct-us.com\/es\/wp-json\/wp\/v2\/users\/3"}],"replies":[{"embeddable":true,"href":"https:\/\/nct-us.com\/es\/wp-json\/wp\/v2\/comments?post=2162"}],"version-history":[{"count":2,"href":"https:\/\/nct-us.com\/es\/wp-json\/wp\/v2\/pages\/2162\/revisions"}],"predecessor-version":[{"id":2164,"href":"https:\/\/nct-us.com\/es\/wp-json\/wp\/v2\/pages\/2162\/revisions\/2164"}],"wp:attachment":[{"href":"https:\/\/nct-us.com\/es\/wp-json\/wp\/v2\/media?parent=2162"}],"curies":[{"name":"wp","href":"https:\/\/api.w.org\/{rel}","templated":true}]}}