{"id":2152,"date":"2013-06-11T17:10:53","date_gmt":"2013-06-11T22:10:53","guid":{"rendered":"http:\/\/b0fcf05097.nxcli.io\/?page_id=2152"},"modified":"2013-06-17T09:22:24","modified_gmt":"2013-06-17T14:22:24","slug":"sobre","status":"publish","type":"page","link":"https:\/\/nct-us.com\/es\/sobre\/","title":{"rendered":"Sobre"},"content":{"rendered":"<p> NCT Inc. es e Ingenier\u00eda y la Empresa de consultor\u00eda con sede en Danville, Illinois. Dise\u00f1amos, construir e integrar los sistemas de automatizaci\u00f3n y m\u00e1quinas para las industrias de tecnolog\u00eda intensos. Adem\u00e1s, ofrecemos asesoramiento t\u00e9cnico en el \u00e1mbito de la ingenier\u00eda de procesos, tecnolog\u00edas de producci\u00f3n y de ingenier\u00eda del proyecto. Ofrecemos un servicio, mantenimiento, re-construcci\u00f3n y montaje de equipos industriales. <\/ p><\/p>\n<p><\/p>\n<dt> Momentos significativos de la historia de NCT <\/dt>\n<dd> 2002: Incorporaci\u00f3n de NCT y comienzo de una relaci\u00f3n continua con <a href=\"http:\/\/www.mbb-fertigungstechnik.com\/ft\/en\/start.html\"> <B> MBB Fertigungstechnik <\/B> <\/a> (Formerly Claas Fertigungstechnik) <\/dd>\n<dd> 2003: Expansi\u00f3n en el software y la electr\u00f3nica <\/dd>\n<dd> 2004: La expansi\u00f3n en el dise\u00f1o de m\u00e1quinas y re-trabajo <\/dd>\n<dd> 2006: Comienza la representaci\u00f3n de <a href=\"http:\/\/www.stiwa.com\/en\/home\/\"> <B> STIWA <\/B> <\/a> <\/dd>\n<dd> 2007: Adquisici\u00f3n de la propiedad de la empresa en Kickapoo Dr. en Danville, IL. Con esta nueva propiedad que comenzamos en la casa de fabricaci\u00f3n de piezas y equipos. <\/dd>\n<dd> 2007: Contrato con MBB para la puesta en marcha de las plantillas de transporte para el Boeing 787 de Boeing en EE.UU. y ubicaciones Jap\u00f3n <\/dd>\n<dd> 2008: Representaci\u00f3n y servicio de <a href=\"http:\/\/www.sema.at\/sema\/index.php?id=156&#038;L=1\"> <B> SEMA <\/B> <\/a> y <a href=\"http:\/\/www.rollwalztechnik.de\/en\/homepage.html\"> <B> RWT <\/B> <\/a> <\/dd>\n<dd> 2008: Ampliaci\u00f3n de la sala de m\u00e1quinas y el inicio de las piezas del CNC de fabricaci\u00f3n <\/dd>\n<p><\/p>\n<p><a href=\"https:\/\/nct-us.com\/es\/perfiles-de-los-empleados\/\"> <b> Empleado perfiles <\/b> <\/a><\/p>\n","protected":false},"excerpt":{"rendered":"<p>NCT Inc. es e Ingenier\u00eda y la Empresa de consultor\u00eda con sede en Danville, Illinois. Dise\u00f1amos, construir e integrar los sistemas de automatizaci\u00f3n y m\u00e1quinas para las industrias de tecnolog\u00eda intensos. Adem\u00e1s, ofrecemos asesoramiento t\u00e9cnico en el \u00e1mbito de la ingenier\u00eda de procesos, tecnolog\u00edas de producci\u00f3n y de ingenier\u00eda del proyecto. Ofrecemos un servicio, mantenimiento, [&hellip;]<\/p>\n","protected":false},"author":3,"featured_media":0,"parent":0,"menu_order":4,"comment_status":"open","ping_status":"open","template":"","meta":{"ngg_post_thumbnail":0,"footnotes":""},"class_list":["post-2152","page","type-page","status-publish","hentry","entry"],"_links":{"self":[{"href":"https:\/\/nct-us.com\/es\/wp-json\/wp\/v2\/pages\/2152","targetHints":{"allow":["GET"]}}],"collection":[{"href":"https:\/\/nct-us.com\/es\/wp-json\/wp\/v2\/pages"}],"about":[{"href":"https:\/\/nct-us.com\/es\/wp-json\/wp\/v2\/types\/page"}],"author":[{"embeddable":true,"href":"https:\/\/nct-us.com\/es\/wp-json\/wp\/v2\/users\/3"}],"replies":[{"embeddable":true,"href":"https:\/\/nct-us.com\/es\/wp-json\/wp\/v2\/comments?post=2152"}],"version-history":[{"count":5,"href":"https:\/\/nct-us.com\/es\/wp-json\/wp\/v2\/pages\/2152\/revisions"}],"predecessor-version":[{"id":2165,"href":"https:\/\/nct-us.com\/es\/wp-json\/wp\/v2\/pages\/2152\/revisions\/2165"}],"wp:attachment":[{"href":"https:\/\/nct-us.com\/es\/wp-json\/wp\/v2\/media?parent=2152"}],"curies":[{"name":"wp","href":"https:\/\/api.w.org\/{rel}","templated":true}]}}