{"id":2148,"date":"2013-06-11T17:02:43","date_gmt":"2013-06-11T22:02:43","guid":{"rendered":"http:\/\/b0fcf05097.nxcli.io\/?page_id=2148"},"modified":"2013-06-17T09:49:44","modified_gmt":"2013-06-17T14:49:44","slug":"aeroespacial","status":"publish","type":"page","link":"https:\/\/nct-us.com\/es\/aeroespacial\/","title":{"rendered":"Aeroespacial"},"content":{"rendered":"<p>NCT tiene varios a\u00f1os de experiencia trabajando en la industria aeroespacial. De la plantilla de la construcci\u00f3n de los principales fabricantes de aviones a los equipos de producci\u00f3n de componentes de turbinas de gas. Varios de nuestros empleados han trabajado en el campo de aviones de avi\u00f3nica t\u00e9cnicos para los militares.<\/p>\n<p>&nbsp;<\/p>\n<p>El campo aeroespacial es una industria \u00fanica y desafiante, y estamos encantados de ser parte de ella.<br \/>\nNCT por s\u00ed mismo no es un jugador importante en la industria, pero algunos de nuestros socios y clientes son y tienen una larga y rica historia en la industria.<br \/>\nEsto va desde la construcci\u00f3n de la famosa Messerschmitt aviones de combate de la Primera Guerra Mundial 2 de los componentes del motor de clase mundial para los aviones modernos y aviones de defensa.<br \/>\nNos vemos como un socio fiable y proveedor de las empresas aeron\u00e1uticas de hoy.<br \/>\nPara los proyectos aeroespaciales favor contacte a nuestro IL Danville. instalaciones.<\/p>\n","protected":false},"excerpt":{"rendered":"<p>NCT tiene varios a\u00f1os de experiencia trabajando en la industria aeroespacial. De la plantilla de la construcci\u00f3n de los principales fabricantes de aviones a los equipos de producci\u00f3n de componentes de turbinas de gas. Varios de nuestros empleados han trabajado en el campo de aviones de avi\u00f3nica t\u00e9cnicos para los militares. &nbsp; El campo aeroespacial [&hellip;]<\/p>\n","protected":false},"author":3,"featured_media":0,"parent":0,"menu_order":0,"comment_status":"open","ping_status":"open","template":"","meta":{"ngg_post_thumbnail":0,"footnotes":""},"class_list":["post-2148","page","type-page","status-publish","hentry","entry"],"_links":{"self":[{"href":"https:\/\/nct-us.com\/es\/wp-json\/wp\/v2\/pages\/2148","targetHints":{"allow":["GET"]}}],"collection":[{"href":"https:\/\/nct-us.com\/es\/wp-json\/wp\/v2\/pages"}],"about":[{"href":"https:\/\/nct-us.com\/es\/wp-json\/wp\/v2\/types\/page"}],"author":[{"embeddable":true,"href":"https:\/\/nct-us.com\/es\/wp-json\/wp\/v2\/users\/3"}],"replies":[{"embeddable":true,"href":"https:\/\/nct-us.com\/es\/wp-json\/wp\/v2\/comments?post=2148"}],"version-history":[{"count":4,"href":"https:\/\/nct-us.com\/es\/wp-json\/wp\/v2\/pages\/2148\/revisions"}],"predecessor-version":[{"id":2169,"href":"https:\/\/nct-us.com\/es\/wp-json\/wp\/v2\/pages\/2148\/revisions\/2169"}],"wp:attachment":[{"href":"https:\/\/nct-us.com\/es\/wp-json\/wp\/v2\/media?parent=2148"}],"curies":[{"name":"wp","href":"https:\/\/api.w.org\/{rel}","templated":true}]}}