{"id":2180,"date":"2013-06-17T10:17:11","date_gmt":"2013-06-17T15:17:11","guid":{"rendered":"http:\/\/b0fcf05097.nxcli.io\/?page_id=2180"},"modified":"2013-06-17T10:17:11","modified_gmt":"2013-06-17T15:17:11","slug":"set-up-and-run-off-3","status":"publish","type":"page","link":"https:\/\/nct-us.com\/de\/set-up-and-run-off-3\/","title":{"rendered":"Set-Up and Run Off"},"content":{"rendered":"<p>&nbsp;<\/p>\n<p>NCT hat Setup und Abfl\u00fcsse auf viele verschiedene Arten von Produktionsanlagen durchgef\u00fchrt.<br \/>\nAuch mit anderen als unsere eigenen Maschinenkonzepte sind wir oft durch den Kunden oder OEM zusammengezogen, um den Satz durchf\u00fchren und weglaufen Teil eines Projekts. Wir unterst\u00fctzen auch andere OEMs in der Installation und bieten ein hohes Ma\u00df an Know-how f\u00fcr unsere Kunden.<\/p>\n<p>&nbsp;<\/p>\n<p>Wenn Sie m\u00f6chten, um mehr Informationen \u00fcber unsere Dienstleistungen finden Sie <a href=\"mailto:contact@nct-inc.com\"> Kontakt <\/a>.<\/p>\n","protected":false},"excerpt":{"rendered":"<p>&nbsp; NCT hat Setup und Abfl\u00fcsse auf viele verschiedene Arten von Produktionsanlagen durchgef\u00fchrt. Auch mit anderen als unsere eigenen Maschinenkonzepte sind wir oft durch den Kunden oder OEM zusammengezogen, um den Satz durchf\u00fchren und weglaufen Teil eines Projekts. Wir unterst\u00fctzen auch andere OEMs in der Installation und bieten ein hohes Ma\u00df an Know-how f\u00fcr unsere [&hellip;]<\/p>\n","protected":false},"author":3,"featured_media":0,"parent":0,"menu_order":0,"comment_status":"open","ping_status":"open","template":"","meta":{"ngg_post_thumbnail":0,"footnotes":""},"class_list":["post-2180","page","type-page","status-publish","hentry","entry"],"_links":{"self":[{"href":"https:\/\/nct-us.com\/de\/wp-json\/wp\/v2\/pages\/2180","targetHints":{"allow":["GET"]}}],"collection":[{"href":"https:\/\/nct-us.com\/de\/wp-json\/wp\/v2\/pages"}],"about":[{"href":"https:\/\/nct-us.com\/de\/wp-json\/wp\/v2\/types\/page"}],"author":[{"embeddable":true,"href":"https:\/\/nct-us.com\/de\/wp-json\/wp\/v2\/users\/3"}],"replies":[{"embeddable":true,"href":"https:\/\/nct-us.com\/de\/wp-json\/wp\/v2\/comments?post=2180"}],"version-history":[{"count":1,"href":"https:\/\/nct-us.com\/de\/wp-json\/wp\/v2\/pages\/2180\/revisions"}],"predecessor-version":[{"id":2183,"href":"https:\/\/nct-us.com\/de\/wp-json\/wp\/v2\/pages\/2180\/revisions\/2183"}],"wp:attachment":[{"href":"https:\/\/nct-us.com\/de\/wp-json\/wp\/v2\/media?parent=2180"}],"curies":[{"name":"wp","href":"https:\/\/api.w.org\/{rel}","templated":true}]}}