{"id":2171,"date":"2013-06-17T09:54:28","date_gmt":"2013-06-17T14:54:28","guid":{"rendered":"http:\/\/b0fcf05097.nxcli.io\/?page_id=2171"},"modified":"2013-06-17T09:54:28","modified_gmt":"2013-06-17T14:54:28","slug":"design-2","status":"publish","type":"page","link":"https:\/\/nct-us.com\/de\/design-2\/","title":{"rendered":"Design"},"content":{"rendered":"<p>Unsere Designs werden auf den folgenden Faktoren:<\/p>\n<p>&#8211; Funktionale<br \/>\n&#8211; FMEA basierte<br \/>\n&#8211; Einfache und sichere<br \/>\n&#8211; Wirtschaftliche<br \/>\n&#8211; Service-und Zugang freundlich<\/p>\n<p>Alle unsere Entw\u00fcrfe sind auf Stand der Technik CAD-Anlagen erstellt.<br \/>\nNCT Standardsystem ist Autodesk Inventor.<br \/>\nDaten von diesem System erstellt wurden, k\u00f6nnen auf die meisten g\u00e4ngigen CAD-Systeme \u00fcbertragen werden.<\/p>\n","protected":false},"excerpt":{"rendered":"<p>Unsere Designs werden auf den folgenden Faktoren: &#8211; Funktionale &#8211; FMEA basierte &#8211; Einfache und sichere &#8211; Wirtschaftliche &#8211; Service-und Zugang freundlich Alle unsere Entw\u00fcrfe sind auf Stand der Technik CAD-Anlagen erstellt. NCT Standardsystem ist Autodesk Inventor. Daten von diesem System erstellt wurden, k\u00f6nnen auf die meisten g\u00e4ngigen CAD-Systeme \u00fcbertragen werden.<\/p>\n","protected":false},"author":3,"featured_media":0,"parent":0,"menu_order":0,"comment_status":"open","ping_status":"open","template":"","meta":{"ngg_post_thumbnail":0,"footnotes":""},"class_list":["post-2171","page","type-page","status-publish","hentry","entry"],"_links":{"self":[{"href":"https:\/\/nct-us.com\/de\/wp-json\/wp\/v2\/pages\/2171","targetHints":{"allow":["GET"]}}],"collection":[{"href":"https:\/\/nct-us.com\/de\/wp-json\/wp\/v2\/pages"}],"about":[{"href":"https:\/\/nct-us.com\/de\/wp-json\/wp\/v2\/types\/page"}],"author":[{"embeddable":true,"href":"https:\/\/nct-us.com\/de\/wp-json\/wp\/v2\/users\/3"}],"replies":[{"embeddable":true,"href":"https:\/\/nct-us.com\/de\/wp-json\/wp\/v2\/comments?post=2171"}],"version-history":[{"count":1,"href":"https:\/\/nct-us.com\/de\/wp-json\/wp\/v2\/pages\/2171\/revisions"}],"predecessor-version":[{"id":2175,"href":"https:\/\/nct-us.com\/de\/wp-json\/wp\/v2\/pages\/2171\/revisions\/2175"}],"wp:attachment":[{"href":"https:\/\/nct-us.com\/de\/wp-json\/wp\/v2\/media?parent=2171"}],"curies":[{"name":"wp","href":"https:\/\/api.w.org\/{rel}","templated":true}]}}