{"id":2106,"date":"2013-03-28T14:16:15","date_gmt":"2013-03-28T19:16:15","guid":{"rendered":"http:\/\/b0fcf05097.nxcli.io\/veteran-employment-2\/"},"modified":"2013-06-10T13:42:20","modified_gmt":"2013-06-10T18:42:20","slug":"veteran-employment","status":"publish","type":"page","link":"https:\/\/nct-us.com\/de\/veteran-employment\/","title":{"rendered":"Veteran Employment"},"content":{"rendered":"<p><!DOCTYPE html><br \/>\n<html><br \/>\n\t<body><\/p>\n<p>NCT sch\u00e4tzt die Loyalit\u00e4t, Arbeitsmoral und Disziplin, dass die Streitkr\u00e4fte in jedem einzelnen seiner Rekruten zu vermitteln. Wir sind stolz, diese Veteranen besch\u00e4ftigen und<br \/>\ngegenseitig unterst\u00fctzen und jeder von amerikanischen Streitkr\u00e4fte.\n\t\t<\/p>\n<div style=\"float:left;\">\n<p><a href=\"http:\/\/www.airforce.com\"><img loading=\"lazy\" decoding=\"async\" src=\"https:\/\/nct-us.com\/wp-content\/uploads\/2013\/03\/210px-Seal_of_the_US_Air_Force.svg_.png\" alt=\"210px-Seal_of_the_US_Air_Force.svg\" width=\"150\" height=\"150\" class=\"alignnone size-full wp-image-1840\" srcset=\"https:\/\/nct-us.com\/wp-content\/uploads\/2013\/03\/210px-Seal_of_the_US_Air_Force.svg_.png 210w, https:\/\/nct-us.com\/wp-content\/uploads\/2013\/03\/210px-Seal_of_the_US_Air_Force.svg_-150x150.png 150w, https:\/\/nct-us.com\/wp-content\/uploads\/2013\/03\/210px-Seal_of_the_US_Air_Force.svg_-65x65.png 65w\" sizes=\"auto, (max-width: 150px) 100vw, 150px\" \/><\/a><\/p>\n<p><\/p>\n<p><a href=\"http:\/\/www.marines.com\"><img loading=\"lazy\" decoding=\"async\" src=\"https:\/\/nct-us.com\/wp-content\/uploads\/2013\/03\/USMC_logo.svg_1.png\" alt=\"USMC_logo.svg\" width=\"150\" height=\"152\" class=\"alignnone size-full wp-image-1851\" srcset=\"https:\/\/nct-us.com\/wp-content\/uploads\/2013\/03\/USMC_logo.svg_1.png 150w, https:\/\/nct-us.com\/wp-content\/uploads\/2013\/03\/USMC_logo.svg_1-65x65.png 65w\" sizes=\"auto, (max-width: 150px) 100vw, 150px\" \/><\/a><br \/>\n<\/p>\n<p><a href=\"http:\/\/www.navy.com\"><img loading=\"lazy\" decoding=\"async\" src=\"https:\/\/nct-us.com\/wp-content\/uploads\/2013\/03\/US-DeptOfNavy-Seal.svg_.png\" alt=\"US-DeptOfNavy-Seal.svg\" width=\"150\" height=\"150\" class=\"alignnone size-full wp-image-1844\" srcset=\"https:\/\/nct-us.com\/wp-content\/uploads\/2013\/03\/US-DeptOfNavy-Seal.svg_.png 210w, https:\/\/nct-us.com\/wp-content\/uploads\/2013\/03\/US-DeptOfNavy-Seal.svg_-150x150.png 150w, https:\/\/nct-us.com\/wp-content\/uploads\/2013\/03\/US-DeptOfNavy-Seal.svg_-65x65.png 65w\" sizes=\"auto, (max-width: 150px) 100vw, 150px\" \/><\/a><\/p>\n<\/div>\n<div style=\"float:right;\">\n<p><a href=\"http:\/\/www.army.com\"><img loading=\"lazy\" decoding=\"async\" src=\"https:\/\/nct-us.com\/wp-content\/uploads\/2013\/03\/United_States_Department_of_the_Army_Seal.svg_.png\" alt=\"United_States_Department_of_the_Army_Seal.svg\" width=\"150\" height=\"150\" class=\"alignnone size-full wp-image-1843\" srcset=\"https:\/\/nct-us.com\/wp-content\/uploads\/2013\/03\/United_States_Department_of_the_Army_Seal.svg_.png 210w, https:\/\/nct-us.com\/wp-content\/uploads\/2013\/03\/United_States_Department_of_the_Army_Seal.svg_-150x150.png 150w, https:\/\/nct-us.com\/wp-content\/uploads\/2013\/03\/United_States_Department_of_the_Army_Seal.svg_-65x65.png 65w\" sizes=\"auto, (max-width: 150px) 100vw, 150px\" \/><\/a><\/p>\n<p><\/p>\n<p><a href=\"http:\/\/www.coastguard.com\"><img loading=\"lazy\" decoding=\"async\" src=\"https:\/\/nct-us.com\/wp-content\/uploads\/2013\/03\/210px-US-CoastGuard-Seal.svg_.png\" alt=\"210px-US-CoastGuard-Seal.svg\" width=\"150\" height=\"150\" class=\"alignnone size-full wp-image-1841\" srcset=\"https:\/\/nct-us.com\/wp-content\/uploads\/2013\/03\/210px-US-CoastGuard-Seal.svg_.png 210w, https:\/\/nct-us.com\/wp-content\/uploads\/2013\/03\/210px-US-CoastGuard-Seal.svg_-150x150.png 150w, https:\/\/nct-us.com\/wp-content\/uploads\/2013\/03\/210px-US-CoastGuard-Seal.svg_-65x65.png 65w\" sizes=\"auto, (max-width: 150px) 100vw, 150px\" \/><\/a><\/p>\n<p><\/p>\n<\/div>\n<div class=\"clearer\"><\/div>\n<p>\t<\/body><br \/>\n<\/html><\/p>\n","protected":false},"excerpt":{"rendered":"<p>NCT sch\u00e4tzt die Loyalit\u00e4t, Arbeitsmoral und Disziplin, dass die Streitkr\u00e4fte in jedem einzelnen seiner Rekruten zu vermitteln. Wir sind stolz, diese Veteranen besch\u00e4ftigen und gegenseitig unterst\u00fctzen und jeder von amerikanischen Streitkr\u00e4fte.<\/p>\n","protected":false},"author":3,"featured_media":0,"parent":0,"menu_order":0,"comment_status":"open","ping_status":"open","template":"","meta":{"ngg_post_thumbnail":0,"footnotes":""},"class_list":["post-2106","page","type-page","status-publish","hentry","entry"],"_links":{"self":[{"href":"https:\/\/nct-us.com\/de\/wp-json\/wp\/v2\/pages\/2106","targetHints":{"allow":["GET"]}}],"collection":[{"href":"https:\/\/nct-us.com\/de\/wp-json\/wp\/v2\/pages"}],"about":[{"href":"https:\/\/nct-us.com\/de\/wp-json\/wp\/v2\/types\/page"}],"author":[{"embeddable":true,"href":"https:\/\/nct-us.com\/de\/wp-json\/wp\/v2\/users\/3"}],"replies":[{"embeddable":true,"href":"https:\/\/nct-us.com\/de\/wp-json\/wp\/v2\/comments?post=2106"}],"version-history":[{"count":1,"href":"https:\/\/nct-us.com\/de\/wp-json\/wp\/v2\/pages\/2106\/revisions"}],"predecessor-version":[{"id":2107,"href":"https:\/\/nct-us.com\/de\/wp-json\/wp\/v2\/pages\/2106\/revisions\/2107"}],"wp:attachment":[{"href":"https:\/\/nct-us.com\/de\/wp-json\/wp\/v2\/media?parent=2106"}],"curies":[{"name":"wp","href":"https:\/\/api.w.org\/{rel}","templated":true}]}}