{"id":2102,"date":"2012-09-12T08:45:01","date_gmt":"2012-09-12T13:45:01","guid":{"rendered":"http:\/\/b0fcf05097.nxcli.io\/training-2\/"},"modified":"2013-06-10T13:40:16","modified_gmt":"2013-06-10T18:40:16","slug":"training","status":"publish","type":"page","link":"https:\/\/nct-us.com\/de\/training\/","title":{"rendered":"Ausbildung"},"content":{"rendered":"<p>&nbsp;<\/p>\n<p>&nbsp;<\/p>\n<p>Wir bieten Vor-Ort-Schulungen f\u00fcr alle Systeme und Maschinen, die wir installieren. Dar\u00fcber hinaus bieten wir cutomized Bediener und Techniker Ausbildung f\u00fcr ABB-Roboter und Kamera-Systeme wir gewohnt sind.<\/p>\n<p>&nbsp;<\/p>\n<p><b>ABB<\/b><\/p>\n<p>Wir bieten Schulungen in den folgenden Bereichen: Robot Betrieb, Crash Recovery, Programm\u00e4nderungen und Programm\u00e4nderungen.<br \/>\n&nbsp;<\/p>\n<p><b>Kamera<\/b><\/p>\n<p>Wir bieten Schulungen f\u00fcr folgende Kamera-Systeme: COGNEX, DALSA, EASY PRO,<\/p>\n<p>Plase kontaktieren Sie uns <a href=\"mailto:travis.fissel@gmail.com\"> hier. <\/a> f\u00fcr Ihren Schulungsbedarf.<\/p>\n<p>&nbsp;<\/p>\n","protected":false},"excerpt":{"rendered":"<p>&nbsp; &nbsp; Wir bieten Vor-Ort-Schulungen f\u00fcr alle Systeme und Maschinen, die wir installieren. Dar\u00fcber hinaus bieten wir cutomized Bediener und Techniker Ausbildung f\u00fcr ABB-Roboter und Kamera-Systeme wir gewohnt sind. &nbsp; ABB Wir bieten Schulungen in den folgenden Bereichen: Robot Betrieb, Crash Recovery, Programm\u00e4nderungen und Programm\u00e4nderungen. &nbsp; Kamera Wir bieten Schulungen f\u00fcr folgende Kamera-Systeme: COGNEX, DALSA, [&hellip;]<\/p>\n","protected":false},"author":3,"featured_media":0,"parent":0,"menu_order":0,"comment_status":"open","ping_status":"open","template":"","meta":{"ngg_post_thumbnail":0,"footnotes":""},"class_list":["post-2102","page","type-page","status-publish","hentry","entry"],"_links":{"self":[{"href":"https:\/\/nct-us.com\/de\/wp-json\/wp\/v2\/pages\/2102","targetHints":{"allow":["GET"]}}],"collection":[{"href":"https:\/\/nct-us.com\/de\/wp-json\/wp\/v2\/pages"}],"about":[{"href":"https:\/\/nct-us.com\/de\/wp-json\/wp\/v2\/types\/page"}],"author":[{"embeddable":true,"href":"https:\/\/nct-us.com\/de\/wp-json\/wp\/v2\/users\/3"}],"replies":[{"embeddable":true,"href":"https:\/\/nct-us.com\/de\/wp-json\/wp\/v2\/comments?post=2102"}],"version-history":[{"count":3,"href":"https:\/\/nct-us.com\/de\/wp-json\/wp\/v2\/pages\/2102\/revisions"}],"predecessor-version":[{"id":2105,"href":"https:\/\/nct-us.com\/de\/wp-json\/wp\/v2\/pages\/2102\/revisions\/2105"}],"wp:attachment":[{"href":"https:\/\/nct-us.com\/de\/wp-json\/wp\/v2\/media?parent=2102"}],"curies":[{"name":"wp","href":"https:\/\/api.w.org\/{rel}","templated":true}]}}