{"id":2098,"date":"2012-09-12T08:44:10","date_gmt":"2012-09-12T13:44:10","guid":{"rendered":"http:\/\/b0fcf05097.nxcli.io\/packaging-and-shipping-2\/"},"modified":"2013-06-10T13:35:39","modified_gmt":"2013-06-10T18:35:39","slug":"packaging-and-shipping","status":"publish","type":"page","link":"https:\/\/nct-us.com\/de\/packaging-and-shipping\/","title":{"rendered":"Verpackung und Versand"},"content":{"rendered":"<p><!DOCTYPE html><br \/>\n<html><\/p>\n<p><body><\/p>\n<p>NCT ist in der Lage, Ihre globalen Versand-Prozess zu rationalisieren. Unsere Mitarbeiter verf\u00fcgen \u00fcber die Erfahrung und das Know-how, um See-und Luftfracht Verpackungen Anforderungen und k\u00f6nnen Ihre Waren \u00fcber die Grenzen hinweg und durch lokale US-Zollbeh\u00f6rden in einer zeitgem\u00e4\u00dfen Weise zu bekommen. <\/p>\n<p>Wenn Sie irgendwelche Fragen bitte <a href=\"mailto:christ@nct-inc.com\"> haben kontaktieren Sie uns <\/a> und lassen Sie uns wissen, wie wir Ihnen helfen k\u00f6nnen.<\/p>\n<p><\/p>\n<p>\t<\/body><br \/>\n<\/html><\/p>\n","protected":false},"excerpt":{"rendered":"<p>NCT ist in der Lage, Ihre globalen Versand-Prozess zu rationalisieren. Unsere Mitarbeiter verf\u00fcgen \u00fcber die Erfahrung und das Know-how, um See-und Luftfracht Verpackungen Anforderungen und k\u00f6nnen Ihre Waren \u00fcber die Grenzen hinweg und durch lokale US-Zollbeh\u00f6rden in einer zeitgem\u00e4\u00dfen Weise zu bekommen. Wenn Sie irgendwelche Fragen bitte haben kontaktieren Sie uns und lassen Sie uns [&hellip;]<\/p>\n","protected":false},"author":3,"featured_media":0,"parent":0,"menu_order":0,"comment_status":"open","ping_status":"open","template":"","meta":{"ngg_post_thumbnail":0,"footnotes":""},"class_list":["post-2098","page","type-page","status-publish","hentry","entry"],"_links":{"self":[{"href":"https:\/\/nct-us.com\/de\/wp-json\/wp\/v2\/pages\/2098","targetHints":{"allow":["GET"]}}],"collection":[{"href":"https:\/\/nct-us.com\/de\/wp-json\/wp\/v2\/pages"}],"about":[{"href":"https:\/\/nct-us.com\/de\/wp-json\/wp\/v2\/types\/page"}],"author":[{"embeddable":true,"href":"https:\/\/nct-us.com\/de\/wp-json\/wp\/v2\/users\/3"}],"replies":[{"embeddable":true,"href":"https:\/\/nct-us.com\/de\/wp-json\/wp\/v2\/comments?post=2098"}],"version-history":[{"count":1,"href":"https:\/\/nct-us.com\/de\/wp-json\/wp\/v2\/pages\/2098\/revisions"}],"predecessor-version":[{"id":2099,"href":"https:\/\/nct-us.com\/de\/wp-json\/wp\/v2\/pages\/2098\/revisions\/2099"}],"wp:attachment":[{"href":"https:\/\/nct-us.com\/de\/wp-json\/wp\/v2\/media?parent=2098"}],"curies":[{"name":"wp","href":"https:\/\/api.w.org\/{rel}","templated":true}]}}