{"id":2094,"date":"2012-08-13T14:02:04","date_gmt":"2012-08-13T19:02:04","guid":{"rendered":"http:\/\/b0fcf05097.nxcli.io\/customer-support-and-sales-2\/"},"modified":"2013-06-10T13:34:28","modified_gmt":"2013-06-10T18:34:28","slug":"customer-support-and-sales","status":"publish","type":"page","link":"https:\/\/nct-us.com\/de\/customer-support-and-sales\/","title":{"rendered":"Customer Support und Vertrieb"},"content":{"rendered":"<p>Customer Support ist ein wichtiger Teil unseres Gesch\u00e4fts. Wir k\u00f6nnen 24 Stunden am Tag und sind Reaktionszeiten von 24 Stunden oder weniger gew\u00f6hnt.<br \/>\nBitte rufen Sie uns an, um Ihre spezifischen Anforderungen zu besprechen.<\/p>\n<p>&nbsp;<\/p>\n<p>NCT Verk\u00e4ufe umfassen unsere eigenen Produkte und Dienstleistungen sowie die unserer Partner, die wir vertreten. F\u00fcr Anfragen wenden Sie sich bitte entweder unsere Rochester Hills, MI. B\u00fcro oder der Danville, IL. Anlage.<br \/>\n&nbsp;<\/p>\n<p>&nbsp;<\/p>\n","protected":false},"excerpt":{"rendered":"<p>Customer Support ist ein wichtiger Teil unseres Gesch\u00e4fts. Wir k\u00f6nnen 24 Stunden am Tag und sind Reaktionszeiten von 24 Stunden oder weniger gew\u00f6hnt. Bitte rufen Sie uns an, um Ihre spezifischen Anforderungen zu besprechen. &nbsp; NCT Verk\u00e4ufe umfassen unsere eigenen Produkte und Dienstleistungen sowie die unserer Partner, die wir vertreten. F\u00fcr Anfragen wenden Sie sich [&hellip;]<\/p>\n","protected":false},"author":3,"featured_media":1209,"parent":0,"menu_order":0,"comment_status":"open","ping_status":"open","template":"","meta":{"ngg_post_thumbnail":0,"footnotes":""},"class_list":["post-2094","page","type-page","status-publish","has-post-thumbnail","hentry","entry"],"_links":{"self":[{"href":"https:\/\/nct-us.com\/de\/wp-json\/wp\/v2\/pages\/2094","targetHints":{"allow":["GET"]}}],"collection":[{"href":"https:\/\/nct-us.com\/de\/wp-json\/wp\/v2\/pages"}],"about":[{"href":"https:\/\/nct-us.com\/de\/wp-json\/wp\/v2\/types\/page"}],"author":[{"embeddable":true,"href":"https:\/\/nct-us.com\/de\/wp-json\/wp\/v2\/users\/3"}],"replies":[{"embeddable":true,"href":"https:\/\/nct-us.com\/de\/wp-json\/wp\/v2\/comments?post=2094"}],"version-history":[{"count":3,"href":"https:\/\/nct-us.com\/de\/wp-json\/wp\/v2\/pages\/2094\/revisions"}],"predecessor-version":[{"id":2097,"href":"https:\/\/nct-us.com\/de\/wp-json\/wp\/v2\/pages\/2094\/revisions\/2097"}],"wp:featuredmedia":[{"embeddable":true,"href":"https:\/\/nct-us.com\/de\/wp-json\/wp\/v2\/media\/1209"}],"wp:attachment":[{"href":"https:\/\/nct-us.com\/de\/wp-json\/wp\/v2\/media?parent=2094"}],"curies":[{"name":"wp","href":"https:\/\/api.w.org\/{rel}","templated":true}]}}