{"id":2092,"date":"2012-09-12T08:44:09","date_gmt":"2012-09-12T13:44:09","guid":{"rendered":"http:\/\/b0fcf05097.nxcli.io\/manufacturing-2\/"},"modified":"2013-06-10T13:32:32","modified_gmt":"2013-06-10T18:32:32","slug":"manufacturing","status":"publish","type":"page","link":"https:\/\/nct-us.com\/de\/manufacturing\/","title":{"rendered":"Herstellung"},"content":{"rendered":"<p><img loading=\"lazy\" decoding=\"async\" class=\"aligncenter size-medium wp-image-1074\" title=\"Hurco Machined Face\" alt=\"\" src=\"https:\/\/nct-us.com\/wp-content\/uploads\/2012\/08\/IMAG1135-218x300.jpg\" width=\"218\" height=\"300\" srcset=\"https:\/\/nct-us.com\/wp-content\/uploads\/2012\/08\/IMAG1135-218x300.jpg 218w, https:\/\/nct-us.com\/wp-content\/uploads\/2012\/08\/IMAG1135.jpg 621w\" sizes=\"auto, (max-width: 218px) 100vw, 218px\" \/><\/p>\n<p>&nbsp;<\/p>\n<p>NCT der Lage ist, die Herstellung einer Vielzahl von Teilen mit einer Vielzahl von Prozessen.<br \/>\nFr\u00e4sen, Bohren, Drehbank arbeiten, Schleifen Schwei\u00dfen, Blechbearbeitung und einige Formen von Oberfl\u00e4chenbeschichtungen k\u00f6nnen im Haus durchgef\u00fchrt werden.<br \/>\nF\u00fcr Prozesse, wir sind nicht in der Lage im eigenen Haus durchf\u00fchren, haben wir eine Vielzahl von hoch qualifizierten und zuverl\u00e4ssigen Lieferanten.<br \/>\nBitte z\u00f6gern Sie <a href=\"mailto:christ@nct-inc.com\"> Kontakt <\/a> uns f\u00fcr alle Ihre Bed\u00fcrfnisse Fertigung.<\/p>\n<p><a href=\"https:\/\/nct-us.com\/wp-content\/uploads\/2012\/09\/IMG_1407.jpg\"><img loading=\"lazy\" decoding=\"async\" class=\"aligncenter size-large wp-image-1658\" title=\"IMG_1407\" alt=\"\" src=\"https:\/\/nct-us.com\/wp-content\/uploads\/2012\/09\/IMG_1407-1024x682.jpg\" width=\"600\" height=\"399\" srcset=\"https:\/\/nct-us.com\/wp-content\/uploads\/2012\/09\/IMG_1407-1024x682.jpg 1024w, https:\/\/nct-us.com\/wp-content\/uploads\/2012\/09\/IMG_1407-300x200.jpg 300w\" sizes=\"auto, (max-width: 600px) 100vw, 600px\" \/><\/a><\/p>\n","protected":false},"excerpt":{"rendered":"<p>&nbsp; NCT der Lage ist, die Herstellung einer Vielzahl von Teilen mit einer Vielzahl von Prozessen. Fr\u00e4sen, Bohren, Drehbank arbeiten, Schleifen Schwei\u00dfen, Blechbearbeitung und einige Formen von Oberfl\u00e4chenbeschichtungen k\u00f6nnen im Haus durchgef\u00fchrt werden. F\u00fcr Prozesse, wir sind nicht in der Lage im eigenen Haus durchf\u00fchren, haben wir eine Vielzahl von hoch qualifizierten und zuverl\u00e4ssigen Lieferanten. [&hellip;]<\/p>\n","protected":false},"author":3,"featured_media":0,"parent":0,"menu_order":0,"comment_status":"open","ping_status":"open","template":"","meta":{"ngg_post_thumbnail":0,"footnotes":""},"class_list":["post-2092","page","type-page","status-publish","hentry","entry"],"_links":{"self":[{"href":"https:\/\/nct-us.com\/de\/wp-json\/wp\/v2\/pages\/2092","targetHints":{"allow":["GET"]}}],"collection":[{"href":"https:\/\/nct-us.com\/de\/wp-json\/wp\/v2\/pages"}],"about":[{"href":"https:\/\/nct-us.com\/de\/wp-json\/wp\/v2\/types\/page"}],"author":[{"embeddable":true,"href":"https:\/\/nct-us.com\/de\/wp-json\/wp\/v2\/users\/3"}],"replies":[{"embeddable":true,"href":"https:\/\/nct-us.com\/de\/wp-json\/wp\/v2\/comments?post=2092"}],"version-history":[{"count":1,"href":"https:\/\/nct-us.com\/de\/wp-json\/wp\/v2\/pages\/2092\/revisions"}],"predecessor-version":[{"id":2093,"href":"https:\/\/nct-us.com\/de\/wp-json\/wp\/v2\/pages\/2092\/revisions\/2093"}],"wp:attachment":[{"href":"https:\/\/nct-us.com\/de\/wp-json\/wp\/v2\/media?parent=2092"}],"curies":[{"name":"wp","href":"https:\/\/api.w.org\/{rel}","templated":true}]}}