{"id":2088,"date":"2013-06-10T13:30:07","date_gmt":"2013-06-10T18:30:07","guid":{"rendered":"http:\/\/b0fcf05097.nxcli.io\/?page_id=2088"},"modified":"2013-06-10T13:30:07","modified_gmt":"2013-06-10T18:30:07","slug":"global-service-2","status":"publish","type":"page","link":"https:\/\/nct-us.com\/de\/global-service-2\/","title":{"rendered":"Global Service"},"content":{"rendered":"<p>&nbsp;<\/p>\n<p><a href=\"http:\/\/test1marketech.com\/global-service\/global\" rel=\"attachment wp-att-1152\"><img loading=\"lazy\" decoding=\"async\" class=\"aligncenter size-full wp-image-1152\" title=\"Global\" alt=\"\" src=\"https:\/\/nct-us.com\/wp-content\/uploads\/2012\/07\/Global.jpg\" width=\"248\" height=\"204\" \/><\/a><\/p>\n<p>&nbsp;<\/p>\n<p>NCT ist in der Lage, alle seine Dienstleistungen weltweit durchzuf\u00fchren. In der Vergangenheit haben wir f\u00fcr unsere Kunden in mehreren europ\u00e4ischen L\u00e4ndern t\u00e4tig, Japan, Mexiko sowie \u00fcberall in den Vereinigten Staaten von Amerika.<\/p>\n<p>&nbsp;<\/p>\n","protected":false},"excerpt":{"rendered":"<p>&nbsp; &nbsp; NCT ist in der Lage, alle seine Dienstleistungen weltweit durchzuf\u00fchren. In der Vergangenheit haben wir f\u00fcr unsere Kunden in mehreren europ\u00e4ischen L\u00e4ndern t\u00e4tig, Japan, Mexiko sowie \u00fcberall in den Vereinigten Staaten von Amerika. &nbsp;<\/p>\n","protected":false},"author":3,"featured_media":0,"parent":0,"menu_order":0,"comment_status":"open","ping_status":"open","template":"","meta":{"ngg_post_thumbnail":0,"footnotes":""},"class_list":["post-2088","page","type-page","status-publish","hentry","entry"],"_links":{"self":[{"href":"https:\/\/nct-us.com\/de\/wp-json\/wp\/v2\/pages\/2088","targetHints":{"allow":["GET"]}}],"collection":[{"href":"https:\/\/nct-us.com\/de\/wp-json\/wp\/v2\/pages"}],"about":[{"href":"https:\/\/nct-us.com\/de\/wp-json\/wp\/v2\/types\/page"}],"author":[{"embeddable":true,"href":"https:\/\/nct-us.com\/de\/wp-json\/wp\/v2\/users\/3"}],"replies":[{"embeddable":true,"href":"https:\/\/nct-us.com\/de\/wp-json\/wp\/v2\/comments?post=2088"}],"version-history":[{"count":1,"href":"https:\/\/nct-us.com\/de\/wp-json\/wp\/v2\/pages\/2088\/revisions"}],"predecessor-version":[{"id":2089,"href":"https:\/\/nct-us.com\/de\/wp-json\/wp\/v2\/pages\/2088\/revisions\/2089"}],"wp:attachment":[{"href":"https:\/\/nct-us.com\/de\/wp-json\/wp\/v2\/media?parent=2088"}],"curies":[{"name":"wp","href":"https:\/\/api.w.org\/{rel}","templated":true}]}}