{"id":2081,"date":"2012-08-15T13:47:06","date_gmt":"2012-08-15T18:47:06","guid":{"rendered":"http:\/\/b0fcf05097.nxcli.io\/rigging-and-line-moves-2\/"},"modified":"2013-06-10T13:28:36","modified_gmt":"2013-06-10T18:28:36","slug":"rigging-and-line-moves","status":"publish","type":"page","link":"https:\/\/nct-us.com\/de\/rigging-and-line-moves\/","title":{"rendered":"Rigging-und Line-Moves"},"content":{"rendered":"<p>NCT verf\u00fcgt \u00fcber eine weit reichende Erfahrung mit Takelage kleinen und gro\u00dfen Ger\u00e4ten. Wir haben schwere Maschinen und Vorrichtungen Flugzeuge sicher und pr\u00e4zise f\u00fcr unsere Kunden bewegt. Unsere jig Projekt erforderte die Platzierung von 10 Tonnen St\u00fccke pr\u00e4zise genug, um Pre\u00dfsitz Pins zu installieren.<\/p>\n<div style=\"float: left;\">\n<p><img loading=\"lazy\" decoding=\"async\" class=\"aligncenter size-large wp-image-1640\" title=\"IMG_6580\" alt=\"\" src=\"https:\/\/nct-us.com\/wp-content\/uploads\/2012\/12\/IMG_6580-1024x682.jpg\" width=\"600\" height=\"399\" srcset=\"https:\/\/nct-us.com\/wp-content\/uploads\/2012\/12\/IMG_6580-1024x682.jpg 1024w, https:\/\/nct-us.com\/wp-content\/uploads\/2012\/12\/IMG_6580-300x200.jpg 300w\" sizes=\"auto, (max-width: 600px) 100vw, 600px\" \/><\/p>\n<\/div>\n<div style=\"float: right;\">\n<p><img loading=\"lazy\" decoding=\"async\" class=\"aligncenter size-medium wp-image-1288\" title=\"Jig Placement_2\" alt=\"\" src=\"https:\/\/nct-us.com\/wp-content\/uploads\/2012\/08\/Summer-2007-094-225x300.jpg\" width=\"225\" height=\"300\" srcset=\"https:\/\/nct-us.com\/wp-content\/uploads\/2012\/08\/Summer-2007-094-225x300.jpg 225w, https:\/\/nct-us.com\/wp-content\/uploads\/2012\/08\/Summer-2007-094-768x1024.jpg 768w, https:\/\/nct-us.com\/wp-content\/uploads\/2012\/08\/Summer-2007-094.jpg 1536w\" sizes=\"auto, (max-width: 225px) 100vw, 225px\" \/><\/p>\n<\/div>\n<div class=\"clearer\">\u00a0<\/div>\n<p>&nbsp;<\/p>\n<p>Die Maschinen, die wir haben, reichen von 1 Tonne bis 20 Tonnen + bewegt. Wir sind umgezogen Hunderte von Maschinen im Laufe der Jahre, die von CMM Messger\u00e4te und Roboter zu schweren Stahlbau-Unsere Sicherheit bisheriger Rekord ist ungetr\u00fcbt.<\/p>\n<p>&nbsp;<\/p>\n<div class=\"clearer\">\u00a0<\/div>\n<p>Im Laufe der Jahre Kunden haben uns gebeten, verschiedene Fertigungslinien von einem Geb\u00e4ude zum anderen oder sogar einem Zustand in einen anderen zu bewegen. Wir sind dazu in der Lage diese Bewegungen schnell und effizient und haben immer innerhalb des geplanten Zeitrahmens abgeschlossen. Wir haben das Know-how in Anspruch nehmen diese Aufgaben kosteng\u00fcnstig und p\u00fcnktlich.<\/p>\n<p>Wenn Sie Linien oder Ausr\u00fcstung transportieren m\u00fcssen Sie <a href=\"mailto:contact@nct-inc.com\"> Kontakt <\/a> mit Vertrauen und lassen Sie die Sorgen zu uns.<\/p>\n<div style=\"float: right;\">\n<p><img loading=\"lazy\" decoding=\"async\" class=\"aligncenter size-medium wp-image-1291\" title=\"Line Move\" alt=\"\" src=\"https:\/\/nct-us.com\/wp-content\/uploads\/2012\/08\/tube-line-1-300x225.jpg\" width=\"300\" height=\"225\" srcset=\"https:\/\/nct-us.com\/wp-content\/uploads\/2012\/08\/tube-line-1-300x225.jpg 300w, https:\/\/nct-us.com\/wp-content\/uploads\/2012\/08\/tube-line-1.jpg 425w\" sizes=\"auto, (max-width: 300px) 100vw, 300px\" \/><\/p>\n<\/div>\n<div style=\"float: left;\">\n<p><img loading=\"lazy\" decoding=\"async\" class=\"aligncenter size-medium wp-image-1300\" title=\"Tube Line Move\" alt=\"\" src=\"https:\/\/nct-us.com\/wp-content\/uploads\/2012\/08\/IMG_6612-300x200.jpg\" width=\"300\" height=\"200\" srcset=\"https:\/\/nct-us.com\/wp-content\/uploads\/2012\/08\/IMG_6612-300x200.jpg 300w, https:\/\/nct-us.com\/wp-content\/uploads\/2012\/08\/IMG_6612-1024x682.jpg 1024w\" sizes=\"auto, (max-width: 300px) 100vw, 300px\" \/><\/p>\n<\/div>\n<p>&nbsp;<\/p>\n<div class=\"clearer\">\u00a0<\/div>\n<p>&nbsp;<\/p>\n<div style=\"float: left;\">\n<p><img loading=\"lazy\" decoding=\"async\" class=\"aligncenter size-medium wp-image-1301\" title=\"Line Move\" alt=\"\" src=\"https:\/\/nct-us.com\/wp-content\/uploads\/2012\/08\/IMG_6592-300x200.jpg\" width=\"300\" height=\"200\" srcset=\"https:\/\/nct-us.com\/wp-content\/uploads\/2012\/08\/IMG_6592-300x200.jpg 300w, https:\/\/nct-us.com\/wp-content\/uploads\/2012\/08\/IMG_6592-1024x682.jpg 1024w\" sizes=\"auto, (max-width: 300px) 100vw, 300px\" \/><\/p>\n<\/div>\n","protected":false},"excerpt":{"rendered":"<p>NCT verf\u00fcgt \u00fcber eine weit reichende Erfahrung mit Takelage kleinen und gro\u00dfen Ger\u00e4ten. Wir haben schwere Maschinen und Vorrichtungen Flugzeuge sicher und pr\u00e4zise f\u00fcr unsere Kunden bewegt. Unsere jig Projekt erforderte die Platzierung von 10 Tonnen St\u00fccke pr\u00e4zise genug, um Pre\u00dfsitz Pins zu installieren. \u00a0 &nbsp; Die Maschinen, die wir haben, reichen von 1 Tonne [&hellip;]<\/p>\n","protected":false},"author":3,"featured_media":0,"parent":0,"menu_order":0,"comment_status":"open","ping_status":"open","template":"","meta":{"ngg_post_thumbnail":0,"footnotes":""},"class_list":["post-2081","page","type-page","status-publish","hentry","entry"],"_links":{"self":[{"href":"https:\/\/nct-us.com\/de\/wp-json\/wp\/v2\/pages\/2081","targetHints":{"allow":["GET"]}}],"collection":[{"href":"https:\/\/nct-us.com\/de\/wp-json\/wp\/v2\/pages"}],"about":[{"href":"https:\/\/nct-us.com\/de\/wp-json\/wp\/v2\/types\/page"}],"author":[{"embeddable":true,"href":"https:\/\/nct-us.com\/de\/wp-json\/wp\/v2\/users\/3"}],"replies":[{"embeddable":true,"href":"https:\/\/nct-us.com\/de\/wp-json\/wp\/v2\/comments?post=2081"}],"version-history":[{"count":4,"href":"https:\/\/nct-us.com\/de\/wp-json\/wp\/v2\/pages\/2081\/revisions"}],"predecessor-version":[{"id":2086,"href":"https:\/\/nct-us.com\/de\/wp-json\/wp\/v2\/pages\/2081\/revisions\/2086"}],"wp:attachment":[{"href":"https:\/\/nct-us.com\/de\/wp-json\/wp\/v2\/media?parent=2081"}],"curies":[{"name":"wp","href":"https:\/\/api.w.org\/{rel}","templated":true}]}}