{"id":2078,"date":"2012-08-01T11:41:09","date_gmt":"2012-08-01T16:41:09","guid":{"rendered":"http:\/\/b0fcf05097.nxcli.io\/servicemaintenance-2\/"},"modified":"2013-06-10T13:17:16","modified_gmt":"2013-06-10T18:17:16","slug":"servicemaintenance","status":"publish","type":"page","link":"https:\/\/nct-us.com\/de\/servicemaintenance\/","title":{"rendered":"Service\/Wartung"},"content":{"rendered":"<p><a rel=\"attachment wp-att-1211\"><img loading=\"lazy\" decoding=\"async\" class=\"aligncenter size-medium wp-image-1211\" title=\"Maintenance\" alt=\"\" src=\"https:\/\/nct-us.com\/wp-content\/uploads\/2012\/08\/Maintenance-300x225.jpg\" width=\"300\" height=\"225\" srcset=\"https:\/\/nct-us.com\/wp-content\/uploads\/2012\/08\/Maintenance-300x225.jpg 300w, https:\/\/nct-us.com\/wp-content\/uploads\/2012\/08\/Maintenance.jpg 689w\" sizes=\"auto, (max-width: 300px) 100vw, 300px\" \/><\/a><\/p>\n<p>&nbsp;<\/p>\n<p>NCT bietet Service und Wartung f\u00fcr:<\/p>\n<p>&#8211; Alle Maschinen, die wir bauen uns,<\/p>\n<p>&#8211; Unternehmen, die wir haben representationagreements<\/p>\n<p>&#8211; Unternehmen auf individueller Vertragsbasis<\/p>\n<p>&nbsp;<\/p>\n<p>Die wichtigsten Kundenwunsch wir um Unterst\u00fctzung gebeten werden, sind:<\/p>\n<p>&#8211; Maschine wieder aufzubauen<\/p>\n<p>&#8211; Redesign<\/p>\n<p>&#8211; Upgrade<\/p>\n<p>Unser Equipment reicht von CAD \u200b\u200b\/ CAM und CNC-Fr\u00e4szentren zu Sandstrahlen Ausr\u00fcstung und eine Lackiererei.<\/p>\n<p>&nbsp;<\/p>\n<p>NCT verf\u00fcgt \u00fcber Erfahrung in allen Bereichen des Maschinen Instandhaltung, einschlie\u00dflich, Hydraulik, Pneumatik, Elektrik, Mechanik, Robotik und vieles mehr. Unabh\u00e4ngig von der Art der Wartung erforderlich ist werden wir in der Lage, unsere Kunden zufriedenzustellen. Bitte kontaktieren Sie uns bei weiteren Fragen zu unserem Service oder Wartungsvertr\u00e4ge.<\/p>\n","protected":false},"excerpt":{"rendered":"<p>&nbsp; NCT bietet Service und Wartung f\u00fcr: &#8211; Alle Maschinen, die wir bauen uns, &#8211; Unternehmen, die wir haben representationagreements &#8211; Unternehmen auf individueller Vertragsbasis &nbsp; Die wichtigsten Kundenwunsch wir um Unterst\u00fctzung gebeten werden, sind: &#8211; Maschine wieder aufzubauen &#8211; Redesign &#8211; Upgrade Unser Equipment reicht von CAD \u200b\u200b\/ CAM und CNC-Fr\u00e4szentren zu Sandstrahlen Ausr\u00fcstung [&hellip;]<\/p>\n","protected":false},"author":3,"featured_media":1157,"parent":0,"menu_order":0,"comment_status":"open","ping_status":"open","template":"","meta":{"ngg_post_thumbnail":0,"footnotes":""},"class_list":["post-2078","page","type-page","status-publish","has-post-thumbnail","hentry","entry"],"_links":{"self":[{"href":"https:\/\/nct-us.com\/de\/wp-json\/wp\/v2\/pages\/2078","targetHints":{"allow":["GET"]}}],"collection":[{"href":"https:\/\/nct-us.com\/de\/wp-json\/wp\/v2\/pages"}],"about":[{"href":"https:\/\/nct-us.com\/de\/wp-json\/wp\/v2\/types\/page"}],"author":[{"embeddable":true,"href":"https:\/\/nct-us.com\/de\/wp-json\/wp\/v2\/users\/3"}],"replies":[{"embeddable":true,"href":"https:\/\/nct-us.com\/de\/wp-json\/wp\/v2\/comments?post=2078"}],"version-history":[{"count":2,"href":"https:\/\/nct-us.com\/de\/wp-json\/wp\/v2\/pages\/2078\/revisions"}],"predecessor-version":[{"id":2080,"href":"https:\/\/nct-us.com\/de\/wp-json\/wp\/v2\/pages\/2078\/revisions\/2080"}],"wp:featuredmedia":[{"embeddable":true,"href":"https:\/\/nct-us.com\/de\/wp-json\/wp\/v2\/media\/1157"}],"wp:attachment":[{"href":"https:\/\/nct-us.com\/de\/wp-json\/wp\/v2\/media?parent=2078"}],"curies":[{"name":"wp","href":"https:\/\/api.w.org\/{rel}","templated":true}]}}