{"id":2074,"date":"2012-09-12T08:44:33","date_gmt":"2012-09-12T13:44:33","guid":{"rendered":"http:\/\/b0fcf05097.nxcli.io\/robotics-2\/"},"modified":"2013-06-10T13:14:41","modified_gmt":"2013-06-10T18:14:41","slug":"robotics","status":"publish","type":"page","link":"https:\/\/nct-us.com\/de\/robotics\/","title":{"rendered":"Robotiks"},"content":{"rendered":"<p>NCT verf\u00fcgt \u00fcber umfassende Kenntnisse und Ausbildung auf dem Gebiet der Robotik. Wir haben installiert und \u00fcber 100 verschiedene Robotersysteme gesetzt f\u00fcr eine Vielzahl von Anwendungen. Die meisten dieser Systeme haben ABB, Fanuc und Epson Roboter. Die Roboter werden oft in einem SPS-System, die Kontrolle \u00fcber die Bewegungen des Roboters hat integriert. Wir haben auch Roboter integriert, um eine Kamera-System, das Roboter Positionen beauftragt werden.<\/p>\n<p>&nbsp;<\/p>\n<p>Wenn Sie \u00fcber einen Roboter-Anwendung denken, k\u00f6nnen wir das Know-how. F\u00fcr Fragen zur Robotik kontaktieren Sie bitte unsere <a href=\"mailto:travis.fissel@gmail.com\"> Experten. <\/a><\/p>\n<p>Bitte beachten Sie die Pull-Down-Men\u00fc dieser Abschnitt f\u00fcr aktuelle und fr\u00fchere Anwendungen von Robotern wir eingerichtet haben:<\/p>\n<p>&nbsp;<\/p>\n<p><Img class = \"size-full AlignCenter wp-image-1011\" title = \"ABB\" alt = \"\" src = \"https:\/\/nct-us.com\/wp-content\/uploads\/2012\/08\/ABB.gif \"width =\" 150 \"height =\" 75 \"\/><\/p>\n<hr \/>\n<p>NCT ist spezialisiert auf ABB-Anwendungen. Unsere Mitarbeiter haben bei ABB in Detroit trainiert f\u00fcr Programmierung und Wartung und verf\u00fcgen \u00fcber Erfahrung im Aufbau und Lehren ABB-Roboter f\u00fcr Teile Handling.<br \/>\nWir haben vor allem Controller Versionen S4 und IRC5 verwendet. Auch wenn die meisten unserer Anwendungen f\u00fcr ABB Roboter sind wir umsetzen k\u00f6nnen fast jede Marke Roboter vom Kunden gew\u00fcnscht. Die meisten unserer Roboter-Anwendungen wurden f\u00fcr die Automobil-und Luftfahrtindustrie gewesen.<\/p>\n<p>&nbsp;<\/p>\n<p><a rel=\"attachment wp-att-1115\"><img loading=\"lazy\" decoding=\"async\" class=\"aligncenter size-medium wp-image-1115\" title=\"ABB_Part_H\" alt=\"\" src=\"https:\/\/nct-us.com\/wp-content\/uploads\/2012\/08\/ABB_Part_H-168x300.jpg\" width=\"168\" height=\"300\" srcset=\"https:\/\/nct-us.com\/wp-content\/uploads\/2012\/08\/ABB_Part_H-168x300.jpg 168w, https:\/\/nct-us.com\/wp-content\/uploads\/2012\/08\/ABB_Part_H-576x1024.jpg 576w, https:\/\/nct-us.com\/wp-content\/uploads\/2012\/08\/ABB_Part_H.jpg 1080w\" sizes=\"auto, (max-width: 168px) 100vw, 168px\" \/><\/a><\/p>\n<p>&nbsp;<\/p>\n<p>Wir haben \u00fcber 30 ABB-Roboter lokal installiert. Die meisten von ihnen waren 2400s und 140s f\u00fcr Teile Handling. Aber wir haben Erfahrung mit vielen anderen Anwendungen f\u00fcr Roboter. Wenn Sie Fragen zu Roboter-Anwendungen oder haben wollen, um eine m\u00f6gliche Projekt zu besprechen kontaktieren Sie bitte unsere Robotik-Techniker mit den obigen Link.<\/p>\n<p><a rel=\"attachment wp-att-1012\"> <img src = \"https:\/\/nct-us.com\/wp-content\/uploads\/2012\/08\/Epson.png\" alt = \"\" title = \"Epson \"width =\" 127 \"height =\" 49 \"class =\" AlignCenter Gr\u00f6\u00dfe-full wp-image-1012 \"\/> <\/a><br \/>\n<body><\/p>\n<hr \/>\n<p> NCT hat Erfahrung mit der Installation und Einrichtung von Pick and Place epson Roboter. Im Allgemeinen haben diese Roboter wurde direkt auf eine Maschine zur Montage und nicht selbst angebracht, wie im ABBs. <\/P><\/p>\n<p><\/p>\n<p><\/ Body><\/p>\n<p><a rel=\"attachment wp-att-1013\"> <img src = \"https:\/\/nct-us.com\/wp-content\/uploads\/2012\/08\/Fanuc.jpg\" alt = \"\" title = \"Fanuc \"width =\" 188 \"height =\" 107 \"class =\" AlignCenter Gr\u00f6\u00dfe-full wp-image-1013 \"\/> <\/a><\/p>\n<p><body><\/p>\n<hr \/>\n<p> NCT hat Erfahrung mit der Installation und Einrichtung von Pick and Place Fanuc Roboter. Im Allgemeinen haben diese Roboter wurde direkt auf eine Maschine zur Montage und nicht selbst angebracht, wie im ABBs. <\/P><\/p>\n<p><\/p>\n","protected":false},"excerpt":{"rendered":"<p>NCT verf\u00fcgt \u00fcber umfassende Kenntnisse und Ausbildung auf dem Gebiet der Robotik. Wir haben installiert und \u00fcber 100 verschiedene Robotersysteme gesetzt f\u00fcr eine Vielzahl von Anwendungen. Die meisten dieser Systeme haben ABB, Fanuc und Epson Roboter. Die Roboter werden oft in einem SPS-System, die Kontrolle \u00fcber die Bewegungen des Roboters hat integriert. Wir haben auch [&hellip;]<\/p>\n","protected":false},"author":3,"featured_media":0,"parent":0,"menu_order":0,"comment_status":"open","ping_status":"open","template":"","meta":{"ngg_post_thumbnail":0,"footnotes":""},"class_list":["post-2074","page","type-page","status-publish","hentry","entry"],"_links":{"self":[{"href":"https:\/\/nct-us.com\/de\/wp-json\/wp\/v2\/pages\/2074","targetHints":{"allow":["GET"]}}],"collection":[{"href":"https:\/\/nct-us.com\/de\/wp-json\/wp\/v2\/pages"}],"about":[{"href":"https:\/\/nct-us.com\/de\/wp-json\/wp\/v2\/types\/page"}],"author":[{"embeddable":true,"href":"https:\/\/nct-us.com\/de\/wp-json\/wp\/v2\/users\/3"}],"replies":[{"embeddable":true,"href":"https:\/\/nct-us.com\/de\/wp-json\/wp\/v2\/comments?post=2074"}],"version-history":[{"count":3,"href":"https:\/\/nct-us.com\/de\/wp-json\/wp\/v2\/pages\/2074\/revisions"}],"predecessor-version":[{"id":2077,"href":"https:\/\/nct-us.com\/de\/wp-json\/wp\/v2\/pages\/2074\/revisions\/2077"}],"wp:attachment":[{"href":"https:\/\/nct-us.com\/de\/wp-json\/wp\/v2\/media?parent=2074"}],"curies":[{"name":"wp","href":"https:\/\/api.w.org\/{rel}","templated":true}]}}