{"id":2072,"date":"2012-09-12T08:44:07","date_gmt":"2012-09-12T13:44:07","guid":{"rendered":"http:\/\/b0fcf05097.nxcli.io\/laser-etching-2\/"},"modified":"2013-06-10T13:08:13","modified_gmt":"2013-06-10T18:08:13","slug":"laser-etching","status":"publish","type":"page","link":"https:\/\/nct-us.com\/de\/laser-etching\/","title":{"rendered":"Laser Etching"},"content":{"rendered":"<p><img loading=\"lazy\" decoding=\"async\" class=\"aligncenter size-medium wp-image-1144\" title=\"Laser\" alt=\"\" src=\"https:\/\/nct-us.com\/wp-content\/uploads\/2012\/04\/Laser-300x229.jpg\" width=\"300\" height=\"229\" srcset=\"https:\/\/nct-us.com\/wp-content\/uploads\/2012\/04\/Laser-300x229.jpg 300w, https:\/\/nct-us.com\/wp-content\/uploads\/2012\/04\/Laser.jpg 524w\" sizes=\"auto, (max-width: 300px) 100vw, 300px\" \/><\/p>\n<p>&nbsp;<\/p>\n<p>NCT hat mehrere Flie\u00dfb\u00e4nder, die eine Laser\u00e4tzen Betrieb geh\u00f6ren installiert. Wir haben Erfahrung in der Radierung Symbole, Zeichnungen, Seriennummern und Datenmatrizen. So gut wie alles, was auf einem CAD-System erstellt werden k\u00f6nnen, k\u00f6nnen auf jeder Oberfl\u00e4che halten kann ein Etch ge\u00e4tzt werden. Um die Qualit\u00e4t und Konsistenz der Laser Radierer gew\u00e4hrleisten empfehlen wir immer mit eingebautem Kamerasystem direkt nach dem \u00c4tzen.<\/p>\n<p><a href=\"http:\/\/www.us.trumpf.com\/\"><img loading=\"lazy\" decoding=\"async\" class=\"aligncenter size-full wp-image-1149\" title=\"Trumpf\" alt=\"\" src=\"https:\/\/nct-us.com\/wp-content\/uploads\/2012\/08\/Trumpf.jpg\" width=\"117\" height=\"166\" \/><\/a><\/p>\n<p>Basierend auf unserer Erfahrung finden wir Trumpf erste Wahl sein, sondern jedes System ein Kunde vorzieht installieren. Wenn Sie spezielle Fragen zu einem Laser-Anwendung k\u00f6nnen Sie sich gerne an uns wenden.<\/p>\n<p>&nbsp;<\/p>\n","protected":false},"excerpt":{"rendered":"<p>&nbsp; NCT hat mehrere Flie\u00dfb\u00e4nder, die eine Laser\u00e4tzen Betrieb geh\u00f6ren installiert. Wir haben Erfahrung in der Radierung Symbole, Zeichnungen, Seriennummern und Datenmatrizen. So gut wie alles, was auf einem CAD-System erstellt werden k\u00f6nnen, k\u00f6nnen auf jeder Oberfl\u00e4che halten kann ein Etch ge\u00e4tzt werden. Um die Qualit\u00e4t und Konsistenz der Laser Radierer gew\u00e4hrleisten empfehlen wir immer [&hellip;]<\/p>\n","protected":false},"author":3,"featured_media":0,"parent":0,"menu_order":0,"comment_status":"open","ping_status":"open","template":"","meta":{"ngg_post_thumbnail":0,"footnotes":""},"class_list":["post-2072","page","type-page","status-publish","hentry","entry"],"_links":{"self":[{"href":"https:\/\/nct-us.com\/de\/wp-json\/wp\/v2\/pages\/2072","targetHints":{"allow":["GET"]}}],"collection":[{"href":"https:\/\/nct-us.com\/de\/wp-json\/wp\/v2\/pages"}],"about":[{"href":"https:\/\/nct-us.com\/de\/wp-json\/wp\/v2\/types\/page"}],"author":[{"embeddable":true,"href":"https:\/\/nct-us.com\/de\/wp-json\/wp\/v2\/users\/3"}],"replies":[{"embeddable":true,"href":"https:\/\/nct-us.com\/de\/wp-json\/wp\/v2\/comments?post=2072"}],"version-history":[{"count":1,"href":"https:\/\/nct-us.com\/de\/wp-json\/wp\/v2\/pages\/2072\/revisions"}],"predecessor-version":[{"id":2073,"href":"https:\/\/nct-us.com\/de\/wp-json\/wp\/v2\/pages\/2072\/revisions\/2073"}],"wp:attachment":[{"href":"https:\/\/nct-us.com\/de\/wp-json\/wp\/v2\/media?parent=2072"}],"curies":[{"name":"wp","href":"https:\/\/api.w.org\/{rel}","templated":true}]}}